{"id":347953,"date":"2024-11-12T14:49:35","date_gmt":"2024-11-12T13:49:35","guid":{"rendered":"https:\/\/www.onisecoturismo.es\/politique-en-matiere-de-cookies\/"},"modified":"2024-11-12T14:49:37","modified_gmt":"2024-11-12T13:49:37","slug":"politique-en-matiere-de-cookies","status":"publish","type":"page","link":"https:\/\/www.onisecoturismo.es\/fr\/politique-en-matiere-de-cookies\/","title":{"rendered":"Politique en mati\u00e8re de cookies"},"content":{"rendered":"<p>[et_pb_section fb_built=\u00a0\u00bb1&Prime; next_background_color=\u00a0\u00bb#ffffff\u00a0\u00bb _builder_version=\u00a0\u00bb4.17.0&Prime; _module_preset=\u00a0\u00bbdefault\u00a0\u00bb background_color=\u00a0\u00bbrgba(22,34,16,0.21)\u00a0\u00bb background_image=\u00a0\u00bbhttps:\/\/www.onisecoturismo.es\/wp-content\/uploads\/2022\/01\/cabecera-descubre.jpg\u00a0\u00bb background_blend=\u00a0\u00bbdarken\u00a0\u00bb custom_padding=\u00a0\u00bb30px||100px||false|false\u00a0\u00bb bottom_divider_style=\u00a0\u00bbwave2&Prime; da_disable_devices=\u00a0\u00bboff|off|off\u00a0\u00bb global_colors_info=\u00a0\u00bb{}\u00a0\u00bb da_is_popup=\u00a0\u00bboff\u00a0\u00bb da_exit_intent=\u00a0\u00bboff\u00a0\u00bb da_has_close=\u00a0\u00bbon\u00a0\u00bb da_alt_close=\u00a0\u00bboff\u00a0\u00bb da_dark_close=\u00a0\u00bboff\u00a0\u00bb da_not_modal=\u00a0\u00bbon\u00a0\u00bb da_is_singular=\u00a0\u00bboff\u00a0\u00bb da_with_loader=\u00a0\u00bboff\u00a0\u00bb da_has_shadow=\u00a0\u00bbon\u00a0\u00bb][et_pb_row _builder_version=\u00a0\u00bb4.16&Prime; _module_preset=\u00a0\u00bbdefault\u00a0\u00bb global_colors_info=\u00a0\u00bb{}\u00a0\u00bb][et_pb_column type=\u00a0\u00bb4_4&Prime; _builder_version=\u00a0\u00bb4.16&Prime; _module_preset=\u00a0\u00bbdefault\u00a0\u00bb pac_dcm_carousel_specific_module_num=\u00a0\u00bb0&Prime; global_colors_info=\u00a0\u00bb{}\u00a0\u00bb][et_pb_blurb title=\u00a0\u00bbPolitique en mati\u00e8re de cookies\u00a0\u00bb image=\u00a0\u00bbhttps:\/\/www.onisecoturismo.es\/wp-content\/uploads\/2021\/09\/Color-Punto-info.png\u00a0\u00bb alt=\u00a0\u00bbEscalade \u00e0 On\u00eds\u00a0\u00bb image_icon_width=\u00a0\u00bb100px\u00a0\u00bb content_max_width=\u00a0\u00bb100%\u00a0\u00bb image_icon_width_tablet=\u00a0\u00bb90px\u00a0\u00bb image_icon_width_phone=\u00a0\u00bb70px\u00a0\u00bb image_icon_width_last_edited=\u00a0\u00bbon|phone\u00a0\u00bb _builder_version=\u00a0\u00bb4.17.3&Prime; _module_preset=\u00a0\u00bbdefault\u00a0\u00bb header_level=\u00a0\u00bbh1&Prime; header_font=\u00a0\u00bb|800|||||||\u00a0\u00bb header_text_align=\u00a0\u00bbcenter\u00a0\u00bb header_text_color=\u00a0\u00bb#FFFFFF\u00a0\u00bb header_font_size=\u00a0\u00bb76px\u00a0\u00bb body_text_align=\u00a0\u00bbcenter\u00a0\u00bb body_text_color=\u00a0\u00bb#FFFFFF\u00a0\u00bb body_font_size=\u00a0\u00bb22px\u00a0\u00bb custom_margin=\u00a0\u00bb0px|0px|0px|0px|false|false\u00a0\u00bb custom_padding=\u00a0\u00bb0px|0px|0px|0px|false|false\u00a0\u00bb header_font_size_tablet=\u00a0\u00bb66px\u00a0\u00bb header_font_size_phone=\u00a0\u00bb42px\u00a0\u00bb header_font_size_last_edited=\u00a0\u00bbon|phone\u00a0\u00bb global_colors_info=\u00a0\u00bb{}\u00a0\u00bb]<\/p>\n<p>Utilisation des cookies dans On\u00eds y Punto<\/p>\n<p>[\/et_pb_blurb][\/et_pb_column][\/et_pb_row][\/et_pb_section][et_pb_section fb_built=\u00a0\u00bb1&Prime; _builder_version=\u00a0\u00bb4.16&Prime; _module_preset=\u00a0\u00bbdefault\u00a0\u00bb custom_padding=\u00a0\u00bb0px||||false|false\u00a0\u00bb da_disable_devices=\u00a0\u00bboff|off|off\u00a0\u00bb global_colors_info=\u00a0\u00bb{}\u00a0\u00bb da_is_popup=\u00a0\u00bboff\u00a0\u00bb da_exit_intent=\u00a0\u00bboff\u00a0\u00bb da_has_close=\u00a0\u00bbon\u00a0\u00bb da_alt_close=\u00a0\u00bboff\u00a0\u00bb da_dark_close=\u00a0\u00bboff\u00a0\u00bb da_not_modal=\u00a0\u00bbon\u00a0\u00bb da_is_singular=\u00a0\u00bboff\u00a0\u00bb da_with_loader=\u00a0\u00bboff\u00a0\u00bb da_has_shadow=\u00a0\u00bbon\u00a0\u00bb][et_pb_row column_structure=\u00a0\u00bb3_4,1_4&Prime; use_custom_gutter=\u00a0\u00bbon\u00a0\u00bb gutter_width=\u00a0\u00bb1&Prime; admin_label=\u00a0\u00bbPain de mie\u00a0\u00bb _builder_version=\u00a0\u00bb4.17.2&Prime; _module_preset=\u00a0\u00bbdefault\u00a0\u00bb custom_margin=\u00a0\u00bb0px||0px||false|false\u00a0\u00bb custom_padding=\u00a0\u00bb0px||0px||false|false\u00a0\u00bb custom_css_main_element=\u00a0\u00bbdisplay:flex;\u00a0\u00bb global_module=\u00a0\u00bb337059&Prime; global_colors_info=\u00a0\u00bb{}\u00a0\u00bb][et_pb_column type=\u00a0\u00bb3_4&Prime; _builder_version=\u00a0\u00bb4.16&Prime; _module_preset=\u00a0\u00bbdefault\u00a0\u00bb custom_css_main_element=\u00a0\u00bbwidth:100% !important;\u00a0\u00bb pac_dcm_carousel_specific_module_num=\u00a0\u00bb0&Prime; global_colors_info=\u00a0\u00bb{}\u00a0\u00bb][\/et_pb_column][et_pb_column type=\u00a0\u00bb1_4&Prime; _builder_version=\u00a0\u00bb4.16&Prime; _module_preset=\u00a0\u00bbdefault\u00a0\u00bb custom_css_main_element=\u00a0\u00bbwidth:40px !important;\u00a0\u00bb pac_dcm_carousel_specific_module_num=\u00a0\u00bb0&Prime; global_colors_info=\u00a0\u00bb{}\u00a0\u00bb][et_pb_icon font_icon=\u00a0\u00bb&#xe0b7;||divi||400&Prime; icon_color=\u00a0\u00bb#9FB6AF\u00a0\u00bb icon_width=\u00a0\u00bb20px\u00a0\u00bb title_text=\u00a0\u00bbCompartir\u00a0\u00bb url=\u00a0\u00bb#compartir\u00a0\u00bb align=\u00a0\u00bbright\u00a0\u00bb admin_label=\u00a0\u00bbCompartir en Redes Sociales\u00a0\u00bb _builder_version=\u00a0\u00bb4.16&Prime; _module_preset=\u00a0\u00bbdefault\u00a0\u00bb custom_margin=\u00a0\u00bb5px||0px||false|false\u00a0\u00bb custom_padding=\u00a0\u00bb0px||0px||false|false\u00a0\u00bb animation_style=\u00a0\u00bbroll\u00a0\u00bb global_colors_info=\u00a0\u00bb{}\u00a0\u00bb icon_color__hover_enabled=\u00a0\u00bbon|hover\u00a0\u00bb icon_color__hover=\u00a0\u00bb#FCBF15&Prime;][\/et_pb_icon][\/et_pb_column][\/et_pb_row][et_pb_row _builder_version=\u00a0\u00bb4.17.3&Prime; _module_preset=\u00a0\u00bbdefault\u00a0\u00bb global_colors_info=\u00a0\u00bb{}\u00a0\u00bb][et_pb_column type=\u00a0\u00bb4_4&Prime; _builder_version=\u00a0\u00bb4.16&Prime; _module_preset=\u00a0\u00bbdefault\u00a0\u00bb pac_dcm_carousel_specific_module_num=\u00a0\u00bb0&Prime; global_colors_info=\u00a0\u00bb{}\u00a0\u00bb][et_pb_text _builder_version=\u00a0\u00bb4.17.3&Prime; _module_preset=\u00a0\u00bbdefault\u00a0\u00bb global_colors_info=\u00a0\u00bb{}\u00a0\u00bb]<\/p>\n<div class=\"row\">\n<div class=\"col-md-12 col-sm-12\">\n<ol>\n<li><strong>N\u00e9cessaire au bon fonctionnement du service de chat en ligne disponible sur le site. <\/strong><strong>Qu&rsquo;est-ce qu&rsquo;un cookie ?<\/strong><\/li>\n<\/ol>\n<p>Un cookie est un fichier qui est t\u00e9l\u00e9charg\u00e9 sur l&rsquo;appareil de navigation lors de l&rsquo;acc\u00e8s \u00e0 certaines pages web. Les cookies stockent et r\u00e9cup\u00e8rent des informations lorsque l&rsquo;utilisateur navigue sur le site web. En g\u00e9n\u00e9ral, les cookies peuvent \u00eatre utilis\u00e9s \u00e0 de nombreuses fins diff\u00e9rentes, comme, par exemple, reconna\u00eetre l&rsquo;utilisateur, obtenir des informations sur les donn\u00e9es de navigation ou personnaliser la mani\u00e8re dont le contenu du site Web est affich\u00e9. En plus des cookies, il existe d&rsquo;autres technologies similaires qui peuvent remplir les m\u00eames fonctions.   <\/p>\n<ol start=\"2\">\n<li><strong> <\/strong><strong>Quels types de cookies ce site Web utilise-t-il ?<\/strong><\/li>\n<\/ol>\n<p>Le site Web de la mairie d&rsquo;On\u00eds (ci-apr\u00e8s mairie) et ses domaines utilisent des cookies pour le bon fonctionnement et la visualisation du contenu par l&rsquo;utilisateur et pour la collecte de statistiques. Les cookies de ce site web sont class\u00e9s comme suit : <\/p>\n<ul>\n<li><strong>Cookies strictement n\u00e9cessaires et techniques :<\/strong> ces cookies sont n\u00e9cessaires au bon fonctionnement de ce site Web et ne peuvent pas \u00eatre d\u00e9sactiv\u00e9s via le panneau de configuration des cookies de ce site Web. En g\u00e9n\u00e9ral, ces types de cookies sont automatiquement d\u00e9finis lors de l&rsquo;acc\u00e8s au site Web ou lors de l&rsquo;acc\u00e8s ou de l&rsquo;utilisation de certains services ou fonctionnalit\u00e9s. La d\u00e9sactivation de ces cookies peut affecter le bon fonctionnement de ce site web.  <\/li>\n<li><strong>Cookies fonctionnels : <\/strong>ces cookies sont n\u00e9cessaires au bon fonctionnement de certains services et fonctionnalit\u00e9s disponibles sur ce site web. S&rsquo;ils sont d\u00e9sactiv\u00e9s, tu ne pourras pas voir ou acc\u00e9der \u00e0 ces fonctionnalit\u00e9s ou services (par exemple, la visualisation du contenu des m\u00e9dias sociaux sur le site Web). <\/li>\n<li><strong>Cookies d&rsquo;analyse ou de mesure :<\/strong> ces types de cookies, \u00e9galement appel\u00e9s cookies analytiques, permettent au Conseil municipal, en tant que responsable de ce site Web, de mesurer l&rsquo;activit\u00e9, les utilisations et les acc\u00e8s aux diff\u00e9rents contenus et services disponibles afin d&rsquo;introduire des am\u00e9liorations ou de nouveaux services.<\/li>\n<\/ul>\n<p>Tu trouveras ci-dessous une description des cookies existants sur le site web class\u00e9s comme propres ou tiers :<\/p>\n<p><strong>S&rsquo;approprier  <\/strong><\/p>\n<p>Ce sont celles qui sont envoy\u00e9es \u00e0 l&rsquo;\u00e9quipement terminal de l&rsquo;utilisateur depuis un ordinateur ou un domaine et qui sont g\u00e9r\u00e9es par la mairie.<\/p>\n<table>\n<tbody>\n<tr>\n<td width=\"154\">Nom<\/td>\n<td width=\"65\">Dur\u00e9e de vie<\/td>\n<td width=\"178\">Description de la dur\u00e9e<\/td>\n<td width=\"141\">Type<\/td>\n<\/tr>\n<tr>\n<td width=\"154\"><\/td>\n<td width=\"65\"> <\/td>\n<td width=\"178\"><\/td>\n<td width=\"141\"> <\/td>\n<\/tr>\n<tr>\n<td width=\"154\"><\/td>\n<td width=\"65\"><\/td>\n<td width=\"178\"><\/td>\n<td width=\"141\"><\/td>\n<\/tr>\n<tr>\n<td width=\"154\"> <\/td>\n<td width=\"65\"> <\/td>\n<td width=\"178\"> <\/td>\n<td width=\"141\"> <\/td>\n<\/tr>\n<\/tbody>\n<\/table>\n<p>&nbsp;<\/p>\n<p><strong>Techniques<\/strong><\/p>\n<p>Ce sont celles qui sont n\u00e9cessaires au bon fonctionnement du site web.<\/p>\n<table>\n<tbody>\n<tr>\n<td width=\"154\">Nom<\/td>\n<td width=\"65\">Dur\u00e9e de vie<\/td>\n<td width=\"178\">Description de la dur\u00e9e<\/td>\n<td width=\"141\">Type<\/td>\n<\/tr>\n<tr>\n<td width=\"154\">moove_gdpr_popup<\/td>\n<td width=\"65\"> 1 an<\/td>\n<td width=\"178\">Popup d&rsquo;avertissement sur la protection des donn\u00e9es<\/td>\n<td width=\"141\"> Technique<\/td>\n<\/tr>\n<tr>\n<td width=\"154\"><\/td>\n<td width=\"65\"><\/td>\n<td width=\"178\"><\/td>\n<td width=\"141\">\n<p>&nbsp;<\/p>\n<p>&nbsp;<\/p>\n<\/td>\n<\/tr>\n<tr>\n<td width=\"154\"> <\/td>\n<td width=\"65\"> <\/td>\n<td width=\"178\"> <\/td>\n<td width=\"141\"> <\/td>\n<\/tr>\n<\/tbody>\n<\/table>\n<p><strong> <\/strong><\/p>\n<p><strong>De la part de tiers<\/strong><\/p>\n<p>Les cookies sont ceux qui sont envoy\u00e9s \u00e0 l&rsquo;\u00e9quipement terminal de l&rsquo;utilisateur \u00e0 partir d&rsquo;un ordinateur ou d&rsquo;un domaine qui n&rsquo;est pas g\u00e9r\u00e9 par la mairie, mais par une autre entit\u00e9 qui traite les donn\u00e9es obtenues gr\u00e2ce aux cookies.<\/p>\n<table width=\"538\">\n<tbody>\n<tr>\n<td width=\"151\">Nom<\/td>\n<td width=\"66\">Dur\u00e9e de vie<\/td>\n<td width=\"180\">Description de la dur\u00e9e<\/td>\n<td width=\"142\">Type<\/td>\n<\/tr>\n<\/tbody>\n<\/table>\n<table>\n<tbody>\n<tr>\n<td width=\"154\">_ga<\/td>\n<td width=\"65\">2 ans<\/td>\n<td width=\"178\">Il sert \u00e0 diff\u00e9rencier les utilisateurs individuels de notre domaine. Il expire au bout de 2 ans. <\/td>\n<td width=\"141\">Analyse<\/td>\n<\/tr>\n<tr>\n<td width=\"154\">_gid<\/td>\n<td width=\"65\">24 heures<\/td>\n<td width=\"178\">Utilis\u00e9 pour diff\u00e9rencier les utilisateurs individuels de notre domaine.<\/td>\n<td width=\"141\">Analyse<\/td>\n<\/tr>\n<\/tbody>\n<\/table>\n<table width=\"538\">\n<tbody>\n<tr>\n<td width=\"151\">_gat<\/td>\n<td width=\"66\">1 minute<\/td>\n<td width=\"180\">Utilis\u00e9 pour limiter le nombre de demandes d&rsquo;utilisateurs sur notre site Web afin de maintenir ses performances.<\/td>\n<td width=\"142\">Analyse<\/td>\n<\/tr>\n<tr>\n<td>ssupp.vid<\/td>\n<td>6 mois<\/td>\n<td>N\u00e9cessaire au bon fonctionnement du service de chat en ligne disponible sur le site web.<\/td>\n<td>Fonctionnel<\/td>\n<\/tr>\n<\/tbody>\n<\/table>\n<p>&nbsp;<\/p>\n<p>Ils permettent de quantifier le nombre d&rsquo;utilisateurs et d&rsquo;effectuer une analyse statistique et une m\u00e9diation de l&rsquo;utilisation faite par les utilisateurs du service propos\u00e9. Plus pr\u00e9cis\u00e9ment, ce site utilise le service Google Analytics, en plus d&rsquo;analyser les variables d&rsquo;utilisateur et de session. <\/p>\n<p>Le service Google Analytics est fourni par Google Inc. dont le si\u00e8ge social est situ\u00e9 aux \u00c9tats-Unis. Les informations obtenues par les cookies seront transmises, trait\u00e9es et stock\u00e9es par Google sur ses serveurs aux \u00c9tats-Unis dans les conditions d\u00e9crites sur le site Google.com. Google peut \u00e9galement transmettre ces informations \u00e0 des tiers pour des raisons d&rsquo;obligation l\u00e9gale ou lorsque ces tiers traitent les informations pour le compte de Google.   <\/p>\n<p>Sans pr\u00e9judice de ce qui est indiqu\u00e9 ci-dessous concernant la possibilit\u00e9 de d\u00e9sactiver, bloquer ou supprimer les cookies de ton ordinateur, Google a d\u00e9velopp\u00e9 un module compl\u00e9mentaire que tu peux installer dans ton navigateur si tu ne souhaites pas \u00eatre suivi par tes cookies, auquel tu peux acc\u00e9der \u00e0 la <a href=\"https:\/\/tools.google.com\/dlpage\/gaoptout?hl=es\" target=\"_blank\" rel=\"noopener\">page de t\u00e9l\u00e9chargement du module compl\u00e9mentaire Google Analytics Opt-out Browser Add-on<\/a>.<\/p>\n<p>En ce qui concerne les transferts vers des pays tiers qui, le cas \u00e9ch\u00e9ant, sont effectu\u00e9s par les tiers identifi\u00e9s dans cette politique de cookies, tu peux obtenir plus d&rsquo;informations dans leurs politiques correspondantes :<\/p>\n<p><a href=\"https:\/\/developers.google.com\/analytics\/devguides\/collection\/analyticsjs\/cookie-usage\" target=\"_blank\" rel=\"noopener\">https:\/\/developers.google.com\/analytics\/devguides\/collection\/analyticsjs\/cookie-usage<\/a><\/p>\n<ol start=\"3\">\n<li><strong> <\/strong><strong>Consentement<\/strong><\/li>\n<\/ol>\n<p>En acc\u00e9dant \u00e0 ce site web, l&rsquo;utilisateur verra un panneau d&rsquo;information sur les cookies qui l&rsquo;informera de la mani\u00e8re dont il peut donner ou refuser son consentement \u00e0 l&rsquo;installation de cookies. L&rsquo;utilisateur peut \u00e0 tout moment refuser ou configurer l&rsquo;utilisation des cookies, \u00e0 l&rsquo;exception de ceux qui sont strictement n\u00e9cessaires, par le biais du <u>panneau de configuration des cookies<\/u>. <\/p>\n<p>De m\u00eame, tu peux les d\u00e9sactiver ou retirer ton consentement pr\u00e9c\u00e9demment accord\u00e9 \u00e0 tout moment en supprimant les cookies install\u00e9s sur ton appareil via les param\u00e8tres de ton navigateur, comme indiqu\u00e9 dans la section \u00ab\u00a0d\u00e9sactivation ou suppression des cookies\u00a0\u00bb.<\/p>\n<ol start=\"4\">\n<li><strong> <\/strong><strong>D\u00e9sactiver ou supprimer les cookies<\/strong><\/li>\n<\/ol>\n<p>Tu peux autoriser, bloquer ou supprimer les cookies install\u00e9s sur ton appareil en configurant les param\u00e8tres du navigateur utilis\u00e9 :<\/p>\n<ul>\n<li><a href=\"http:\/\/support.google.com\/chrome\/bin\/answer.py?hl=es&amp;answer=95647\" target=\"_blank\" rel=\"noopener\">Google Chrome<\/a><\/li>\n<li><a href=\"https:\/\/support.microsoft.com\/es-es\/help\/17442\/windows-internet-explorer-delete-manage-cookies\" target=\"_blank\" rel=\"noopener\">Internet Explorer<\/a><\/li>\n<li><span> <\/span><a href=\"https:\/\/support.mozilla.org\/es\/kb\/habilitar-y-deshabilitar-cookies-sitios-web-rastrear-preferencias\" target=\"_blank\" rel=\"noopener\">Firefox  <\/a><\/li>\n<li><a href=\"http:\/\/support.apple.com\/kb\/ph5042\" target=\"_blank\" rel=\"noopener\">Safari<\/a><\/li>\n<li><a href=\"https:\/\/support.apple.com\/es-es\/HT201265\" target=\"_blank\" rel=\"noopener\">Safari pour iOS (iPhone et iPad)<\/a><\/li>\n<li><a href=\"https:\/\/support.google.com\/accounts\/answer\/61416?co=GENIE.Platform%3DAndroid&amp;hl=es&amp;oco=1\" target=\"_blank\" rel=\"noopener\">Chrome pour Android<\/a><\/li>\n<li><a href=\"https:\/\/support.google.com\/accounts\/answer\/61416?co=GENIE.Platform%3DiOS&amp;hl=es&amp;oco=1\" target=\"_blank\" rel=\"noopener\">Chrome pour iPhone et iPad<\/a><\/li>\n<\/ul>\n<p>Si tu utilises un autre navigateur, reporte-toi aux instructions de ton navigateur pour la configuration des cookies.<\/p>\n<p>Google Analytics Opt-out Browser Add-on : <a href=\"https:\/\/tools.google.com\/dlpage\/gaoptout?hl=es\" target=\"_blank\" rel=\"noopener\">Opt-out Add-on<\/a><u>.<\/u><\/p>\n<ol start=\"5\">\n<li><strong> <\/strong><strong>Plus d&rsquo;informations<\/strong><\/li>\n<\/ol>\n<p>Tu peux obtenir plus d&rsquo;informations sur le traitement de tes donn\u00e9es dans la section Politique de confidentialit\u00e9. Toutefois, si tu as des questions sur cette politique en mati\u00e8re de cookies, tu peux nous contacter \u00e0 l&rsquo;adresse \u00e9lectronique suivante : <a href=\"mailto:dpd.ayuntamientos@i-cast.es\">dpd.ayuntamientos@i-cast.es.<\/a> <\/p>\n<p>Date de publication : 03\/05\/2022<\/p>\n<p>&nbsp;<\/p>\n<\/div>\n<\/div>\n<p>[\/et_pb_text][\/et_pb_column][\/et_pb_row][\/et_pb_section]<\/p>\n","protected":false},"excerpt":{"rendered":"<p>Utilisation des cookies dans On\u00eds y Punto N\u00e9cessaire au bon fonctionnement du service de chat en ligne disponible sur le site. Qu&rsquo;est-ce qu&rsquo;un cookie ? Un cookie est un fichier qui est t\u00e9l\u00e9charg\u00e9 sur l&rsquo;appareil de navigation lors de l&rsquo;acc\u00e8s \u00e0 certaines pages web. Les cookies stockent et r\u00e9cup\u00e8rent des informations lorsque l&rsquo;utilisateur navigue sur le site web. En g\u00e9n\u00e9ral, les cookies peuvent \u00eatre utilis\u00e9s \u00e0 de nombreuses fins diff\u00e9rentes, comme, par exemple, reconna\u00eetre l&rsquo;utilisateur, obtenir des informations sur les donn\u00e9es de navigation ou personnaliser la mani\u00e8re dont le contenu du site Web est affich\u00e9. En plus des cookies, il existe d&rsquo;autres technologies similaires qui peuvent remplir les m\u00eames fonctions. Quels types de cookies ce site Web utilise-t-il ? Le site Web de la mairie d&rsquo;On\u00eds (ci-apr\u00e8s mairie) et ses domaines utilisent des cookies pour le bon fonctionnement et la visualisation du contenu par l&rsquo;utilisateur et pour la collecte de statistiques. Les cookies de ce site web sont class\u00e9s comme suit : Cookies strictement n\u00e9cessaires et techniques : ces cookies sont n\u00e9cessaires au bon fonctionnement de ce site Web et ne peuvent pas \u00eatre d\u00e9sactiv\u00e9s via le panneau de configuration des cookies de ce site Web. En g\u00e9n\u00e9ral, ces types [&hellip;]<\/p>\n","protected":false},"author":1,"featured_media":0,"parent":0,"menu_order":0,"comment_status":"closed","ping_status":"closed","template":"","meta":{"_acf_changed":false,"_et_pb_use_builder":"on","_et_pb_old_content":"","_et_gb_content_width":"","footnotes":""},"dipi_cpt_category":[],"class_list":["post-347953","page","type-page","status-publish","hentry"],"acf":[],"_links":{"self":[{"href":"https:\/\/www.onisecoturismo.es\/fr\/wp-json\/wp\/v2\/pages\/347953","targetHints":{"allow":["GET"]}}],"collection":[{"href":"https:\/\/www.onisecoturismo.es\/fr\/wp-json\/wp\/v2\/pages"}],"about":[{"href":"https:\/\/www.onisecoturismo.es\/fr\/wp-json\/wp\/v2\/types\/page"}],"author":[{"embeddable":true,"href":"https:\/\/www.onisecoturismo.es\/fr\/wp-json\/wp\/v2\/users\/1"}],"replies":[{"embeddable":true,"href":"https:\/\/www.onisecoturismo.es\/fr\/wp-json\/wp\/v2\/comments?post=347953"}],"version-history":[{"count":2,"href":"https:\/\/www.onisecoturismo.es\/fr\/wp-json\/wp\/v2\/pages\/347953\/revisions"}],"predecessor-version":[{"id":347955,"href":"https:\/\/www.onisecoturismo.es\/fr\/wp-json\/wp\/v2\/pages\/347953\/revisions\/347955"}],"wp:attachment":[{"href":"https:\/\/www.onisecoturismo.es\/fr\/wp-json\/wp\/v2\/media?parent=347953"}],"wp:term":[{"taxonomy":"dipi_cpt_category","embeddable":true,"href":"https:\/\/www.onisecoturismo.es\/fr\/wp-json\/wp\/v2\/dipi_cpt_category?post=347953"}],"curies":[{"name":"wp","href":"https:\/\/api.w.org\/{rel}","templated":true}]}}