{"id":347654,"date":"2024-11-08T13:48:09","date_gmt":"2024-11-08T12:48:09","guid":{"rendered":"https:\/\/www.onisecoturismo.es\/profite\/"},"modified":"2024-11-08T13:48:11","modified_gmt":"2024-11-08T12:48:11","slug":"profite","status":"publish","type":"page","link":"https:\/\/www.onisecoturismo.es\/fr\/profite\/","title":{"rendered":"Profite"},"content":{"rendered":"<p>[et_pb_section fb_built=\u00a0\u00bb1&Prime; next_background_color=\u00a0\u00bb#ffffff\u00a0\u00bb _builder_version=\u00a0\u00bb4.16&Prime; _module_preset=\u00a0\u00bbdefault\u00a0\u00bb background_image=\u00a0\u00bbhttps:\/\/www.onisecoturismo.es\/wp-content\/uploads\/2022\/01\/cabecera-disfruta.jpg\u00a0\u00bb custom_padding=\u00a0\u00bb30px||100px||false|false\u00a0\u00bb bottom_divider_style=\u00a0\u00bbwave2&Prime; da_disable_devices=\u00a0\u00bboff|off|off\u00a0\u00bb locked=\u00a0\u00bboff\u00a0\u00bb global_colors_info=\u00a0\u00bb{}\u00a0\u00bb da_is_popup=\u00a0\u00bboff\u00a0\u00bb da_exit_intent=\u00a0\u00bboff\u00a0\u00bb da_has_close=\u00a0\u00bbon\u00a0\u00bb da_alt_close=\u00a0\u00bboff\u00a0\u00bb da_dark_close=\u00a0\u00bboff\u00a0\u00bb da_not_modal=\u00a0\u00bbon\u00a0\u00bb da_is_singular=\u00a0\u00bboff\u00a0\u00bb da_with_loader=\u00a0\u00bboff\u00a0\u00bb da_has_shadow=\u00a0\u00bbon\u00a0\u00bb][et_pb_row _builder_version=\u00a0\u00bb4.16&Prime; _module_preset=\u00a0\u00bbdefault\u00a0\u00bb global_colors_info=\u00a0\u00bb{}\u00a0\u00bb][et_pb_column type=\u00a0\u00bb4_4&Prime; _builder_version=\u00a0\u00bb4.16&Prime; _module_preset=\u00a0\u00bbdefault\u00a0\u00bb pac_dcm_carousel_specific_module_num=\u00a0\u00bb0&Prime; global_colors_info=\u00a0\u00bb{}\u00a0\u00bb][et_pb_blurb title=\u00a0\u00bbProfite de On\u00eds\u00a0\u00bb image=\u00a0\u00bbhttps:\/\/www.onisecoturismo.es\/wp-content\/uploads\/2021\/09\/Color-Cueva.png\u00a0\u00bb alt=\u00a0\u00bbItin\u00e9raires \u00e0 On\u00eds\u00a0\u00bb image_icon_width=\u00a0\u00bb100px\u00a0\u00bb content_max_width=\u00a0\u00bb100%\u00a0\u00bb _builder_version=\u00a0\u00bb4.17.1&Prime; _module_preset=\u00a0\u00bbdefault\u00a0\u00bb header_level=\u00a0\u00bbh1&Prime; header_font=\u00a0\u00bb|800|||||||\u00a0\u00bb header_text_align=\u00a0\u00bbcenter\u00a0\u00bb header_text_color=\u00a0\u00bb#FFFFFF\u00a0\u00bb header_font_size=\u00a0\u00bb76px\u00a0\u00bb body_text_align=\u00a0\u00bbcenter\u00a0\u00bb body_text_color=\u00a0\u00bb#FFFFFF\u00a0\u00bb body_font_size=\u00a0\u00bb22px\u00a0\u00bb custom_margin=\u00a0\u00bb0px|0px|0px|0px|false|false\u00a0\u00bb custom_padding=\u00a0\u00bb0px|0px|0px|0px|false|false\u00a0\u00bb header_font_size_tablet=\u00a0\u00bb76px\u00a0\u00bb header_font_size_phone=\u00a0\u00bb56px\u00a0\u00bb header_font_size_last_edited=\u00a0\u00bbon|phone\u00a0\u00bb global_colors_info=\u00a0\u00bb{}\u00a0\u00bb]<\/p>\n<p>Avec des enfants, pour les amoureux de la nature et les amateurs de sports de plein air.<\/p>\n<p>[\/et_pb_blurb][\/et_pb_column][\/et_pb_row][\/et_pb_section][et_pb_section fb_built=\u00a0\u00bb1&Prime; _builder_version=\u00a0\u00bb4.16&Prime; _module_preset=\u00a0\u00bbdefault\u00a0\u00bb background_enable_color=\u00a0\u00bboff\u00a0\u00bb use_background_color_gradient=\u00a0\u00bbon\u00a0\u00bb background_color_gradient_stops=\u00a0\u00bbrgba(255,255,255,0) 0%|#ffffff 100%\u00a0\u00bb background_color_gradient_start=\u00a0\u00bbrgba(255,255,255,0)\u00a0\u00bb background_color_gradient_end=\u00a0\u00bb#ffffff\u00a0\u00bb background_image=\u00a0\u00bbhttps:\/\/www.onisecoturismo.es\/wp-content\/uploads\/2022\/02\/fondo-suave.png\u00a0\u00bb background_position=\u00a0\u00bbtop_center\u00a0\u00bb background_blend=\u00a0\u00bblighten\u00a0\u00bb custom_margin=\u00a0\u00bb||0px||false|false\u00a0\u00bb custom_padding=\u00a0\u00bb0px||0px||false|false\u00a0\u00bb da_disable_devices=\u00a0\u00bboff|off|off\u00a0\u00bb locked=\u00a0\u00bboff\u00a0\u00bb global_colors_info=\u00a0\u00bb{}\u00a0\u00bb da_is_popup=\u00a0\u00bboff\u00a0\u00bb da_exit_intent=\u00a0\u00bboff\u00a0\u00bb da_has_close=\u00a0\u00bbon\u00a0\u00bb da_alt_close=\u00a0\u00bboff\u00a0\u00bb da_dark_close=\u00a0\u00bboff\u00a0\u00bb da_not_modal=\u00a0\u00bbon\u00a0\u00bb da_is_singular=\u00a0\u00bboff\u00a0\u00bb da_with_loader=\u00a0\u00bboff\u00a0\u00bb da_has_shadow=\u00a0\u00bbon\u00a0\u00bb][et_pb_row column_structure=\u00a0\u00bb3_4,1_4&Prime; use_custom_gutter=\u00a0\u00bbon\u00a0\u00bb gutter_width=\u00a0\u00bb1&Prime; admin_label=\u00a0\u00bbPain de mie\u00a0\u00bb _builder_version=\u00a0\u00bb4.17.2&Prime; _module_preset=\u00a0\u00bbdefault\u00a0\u00bb custom_margin=\u00a0\u00bb0px||0px||false|false\u00a0\u00bb custom_padding=\u00a0\u00bb0px||0px||false|false\u00a0\u00bb custom_css_main_element=\u00a0\u00bbdisplay:flex;\u00a0\u00bb global_module=\u00a0\u00bb337059&Prime; global_colors_info=\u00a0\u00bb{}\u00a0\u00bb][et_pb_column type=\u00a0\u00bb3_4&Prime; _builder_version=\u00a0\u00bb4.16&Prime; _module_preset=\u00a0\u00bbdefault\u00a0\u00bb custom_css_main_element=\u00a0\u00bbwidth:100% !important;\u00a0\u00bb pac_dcm_carousel_specific_module_num=\u00a0\u00bb0&Prime; global_colors_info=\u00a0\u00bb{}\u00a0\u00bb][\/et_pb_column][et_pb_column type=\u00a0\u00bb1_4&Prime; _builder_version=\u00a0\u00bb4.16&Prime; _module_preset=\u00a0\u00bbdefault\u00a0\u00bb custom_css_main_element=\u00a0\u00bbwidth:40px !important;\u00a0\u00bb pac_dcm_carousel_specific_module_num=\u00a0\u00bb0&Prime; global_colors_info=\u00a0\u00bb{}\u00a0\u00bb][et_pb_icon font_icon=\u00a0\u00bb&#xe0b7;||divi||400&Prime; icon_color=\u00a0\u00bb#9FB6AF\u00a0\u00bb icon_width=\u00a0\u00bb20px\u00a0\u00bb title_text=\u00a0\u00bbCompartir\u00a0\u00bb url=\u00a0\u00bb#compartir\u00a0\u00bb align=\u00a0\u00bbright\u00a0\u00bb admin_label=\u00a0\u00bbCompartir en Redes Sociales\u00a0\u00bb _builder_version=\u00a0\u00bb4.16&Prime; _module_preset=\u00a0\u00bbdefault\u00a0\u00bb custom_margin=\u00a0\u00bb5px||0px||false|false\u00a0\u00bb custom_padding=\u00a0\u00bb0px||0px||false|false\u00a0\u00bb animation_style=\u00a0\u00bbroll\u00a0\u00bb global_colors_info=\u00a0\u00bb{}\u00a0\u00bb icon_color__hover_enabled=\u00a0\u00bbon|hover\u00a0\u00bb icon_color__hover=\u00a0\u00bb#FCBF15&Prime;][\/et_pb_icon][\/et_pb_column][\/et_pb_row][et_pb_row _builder_version=\u00a0\u00bb4.16&Prime; _module_preset=\u00a0\u00bbdefault\u00a0\u00bb global_colors_info=\u00a0\u00bb{}\u00a0\u00bb][et_pb_column type=\u00a0\u00bb4_4&Prime; _builder_version=\u00a0\u00bb4.16&Prime; _module_preset=\u00a0\u00bbdefault\u00a0\u00bb pac_dcm_carousel_specific_module_num=\u00a0\u00bb0&Prime; global_colors_info=\u00a0\u00bb{}\u00a0\u00bb][et_pb_text _builder_version=\u00a0\u00bb4.17.1&Prime; _module_preset=\u00a0\u00bbdefault\u00a0\u00bb global_colors_info=\u00a0\u00bb{}\u00a0\u00bb]<\/p>\n<h3>\u00c0 On\u00eds, nous te facilitons la t\u00e2che pour profiter de l&rsquo;\u00e9cotourisme dans les Picos de Europa. Avec des plans pour se d\u00e9tendre dans nos villages, d\u00e9couvrir notre nature avec des guides locaux et s&rsquo;amuser avec les petits, en d\u00e9couvrant la faune glaciaire ou le gypa\u00e8te barbu. <\/h3>\n<p>[\/et_pb_text][dsm_icon_divider image=\u00a0\u00bbhttps:\/\/www.onisecoturismo.es\/wp-content\/uploads\/2022\/02\/adorno-rama-1.png\u00a0\u00bb image_max_width=\u00a0\u00bb15%\u00a0\u00bb color=\u00a0\u00bb#526962&Prime; image_max_width_tablet=\u00a0\u00bb15%\u00a0\u00bb image_max_width_phone=\u00a0\u00bb32%\u00a0\u00bb image_max_width_last_edited=\u00a0\u00bbon|phone\u00a0\u00bb _builder_version=\u00a0\u00bb4.17.1&Prime; _module_preset=\u00a0\u00bbdefault\u00a0\u00bb custom_margin=\u00a0\u00bb0px||0px||false|false\u00a0\u00bb custom_padding=\u00a0\u00bb||0px||false|false\u00a0\u00bb locked=\u00a0\u00bboff\u00a0\u00bb global_colors_info=\u00a0\u00bb{}\u00a0\u00bb][\/dsm_icon_divider][\/et_pb_column][\/et_pb_row][et_pb_row _builder_version=\u00a0\u00bb4.17.1&Prime; _module_preset=\u00a0\u00bbdefault\u00a0\u00bb width=\u00a0\u00bb100%\u00a0\u00bb max_width=\u00a0\u00bb1280px\u00a0\u00bb global_colors_info=\u00a0\u00bb{}\u00a0\u00bb][et_pb_column type=\u00a0\u00bb4_4&Prime; _builder_version=\u00a0\u00bb4.17.1&Prime; _module_preset=\u00a0\u00bbdefault\u00a0\u00bb pac_dcm_carousel_specific_module_num=\u00a0\u00bb0&Prime; global_colors_info=\u00a0\u00bb{}\u00a0\u00bb][dsm_card_carousel slider_effect=\u00a0\u00bbcoverflow\u00a0\u00bb slider_effect_coverflow_depth=\u00a0\u00bb120&Prime; centered_slides=\u00a0\u00bbon\u00a0\u00bb autoplay_speed=\u00a0\u00bb4000&Prime; pause_on_hover=\u00a0\u00bbon\u00a0\u00bb space_between=\u00a0\u00bb30&Prime; equal_height=\u00a0\u00bbon\u00a0\u00bb use_arrow_custom_position=\u00a0\u00bbon\u00a0\u00bb arrow_size=\u00a0\u00bb20px\u00a0\u00bb arrow_color=\u00a0\u00bb#ffffff\u00a0\u00bb arrow_background_color=\u00a0\u00bb#9FB6AF\u00a0\u00bb dots_active_color=\u00a0\u00bb#526962&Prime; grab=\u00a0\u00bboff\u00a0\u00bb slide_to_show_tablet=\u00a0\u00bb2&Prime; slide_to_show_phone=\u00a0\u00bb1&Prime; slide_to_show_last_edited=\u00a0\u00bbon|phone\u00a0\u00bb space_between_tablet=\u00a0\u00bb30&Prime; space_between_phone=\u00a0\u00bb20&Prime; space_between_last_edited=\u00a0\u00bbon|phone\u00a0\u00bb arrows_tablet=\u00a0\u00bboff\u00a0\u00bb arrows_phone=\u00a0\u00bboff\u00a0\u00bb arrows_last_edited=\u00a0\u00bbon|desktop\u00a0\u00bb arrow_custom_position_tablet=\u00a0\u00bb\u00a0\u00bb arrow_custom_position_phone=\u00a0\u00bb15px\u00a0\u00bb arrow_custom_position_last_edited=\u00a0\u00bbon|tablet\u00a0\u00bb arrow_size_tablet=\u00a0\u00bb\u00a0\u00bb arrow_size_phone=\u00a0\u00bb16px\u00a0\u00bb arrow_size_last_edited=\u00a0\u00bbon|phone\u00a0\u00bb _builder_version=\u00a0\u00bb4.17.1&Prime; header_level=\u00a0\u00bbh5&Prime; header_font=\u00a0\u00bbMontserrat|800|||||||\u00a0\u00bb header_line_height=\u00a0\u00bb1.5em\u00a0\u00bb body_font=\u00a0\u00bbLato||||||||\u00a0\u00bb custom_padding=\u00a0\u00bb30px||30px||true|false\u00a0\u00bb custom_padding_tablet=\u00a0\u00bb30px||30px||true|false\u00a0\u00bb custom_padding_phone=\u00a0\u00bb|30px||30px|true|false\u00a0\u00bb custom_padding_last_edited=\u00a0\u00bbon|phone\u00a0\u00bb border_radii_arrow=\u00a0\u00bbon|50px|50px|50px|50px\u00a0\u00bb border_radii_card=\u00a0\u00bbon|6px|6px|6px|6px\u00a0\u00bb box_shadow_style_arrow=\u00a0\u00bbpreset2&Prime; box_shadow_color_arrow=\u00a0\u00bbrgba(159,182,175,0.77)\u00a0\u00bb box_shadow_style_card=\u00a0\u00bbpreset2&Prime; global_colors_info=\u00a0\u00bb{}\u00a0\u00bb][dsm_card_carousel_child title=\u00a0\u00bbExp\u00e9riences \u00e0 On\u00eds\u00a0\u00bb image=\u00a0\u00bbhttps:\/\/www.onisecoturismo.es\/wp-content\/uploads\/2022\/02\/cabecera-experiencias.jpg\u00a0\u00bb image_background_animation=\u00a0\u00bbzoom_in\u00a0\u00bb alt=\u00a0\u00bbExp\u00e9riences d&#039;en-t\u00eate\u00a0\u00bb button_text=\u00a0\u00bbPlus d&#039;informations\u00a0\u00bb button_url_new_window=\u00a0\u00bb1&Prime; _builder_version=\u00a0\u00bb4.17.1&Prime; _dynamic_attributes=\u00a0\u00bblink_option_url\u00a0\u00bb background_color=\u00a0\u00bb#f4f4f4&Prime; background_enable_color=\u00a0\u00bbon\u00a0\u00bb custom_button=\u00a0\u00bbon\u00a0\u00bb button_text_size=\u00a0\u00bb14px\u00a0\u00bb button_text_color=\u00a0\u00bb#526962&Prime; button_bg_color=\u00a0\u00bb#FCBF15&Prime; button_border_color=\u00a0\u00bbRGBA(255,255,255,0)\u00a0\u00bb button_border_radius=\u00a0\u00bb50px\u00a0\u00bb button_font=\u00a0\u00bb|700|||||||\u00a0\u00bb button_icon=\u00a0\u00bb&#x35;||divi||400&Prime; button_icon_color=\u00a0\u00bb#526962&Prime; button_alignment=\u00a0\u00bbleft\u00a0\u00bb button_custom_padding=\u00a0\u00bb10px|30px|10px|30px|true|true\u00a0\u00bb link_option_url=\u00a0\u00bb@ET-DC@eyJkeW5hbWljIjp0cnVlLCJjb250ZW50IjoicG9zdF9saW5rX3VybF9wYWdlIiwic2V0dGluZ3MiOnsicG9zdF9pZCI6IjMzNzg5OCJ9fQ==@\u00a0\u00bb box_shadow_style_button=\u00a0\u00bbpreset2&Prime; box_shadow_spread_button=\u00a0\u00bb-7px\u00a0\u00bb box_shadow_color_button=\u00a0\u00bbrgba(131,0,233,0.18)\u00a0\u00bb global_colors_info=\u00a0\u00bb{}\u00a0\u00bb button_bg_color__hover_enabled=\u00a0\u00bboff|hover\u00a0\u00bb button_bg_color__hover=\u00a0\u00bb#00ede1&Prime; button_bg_enable_color__hover=\u00a0\u00bbon\u00a0\u00bb button_border_color__hover_enabled=\u00a0\u00bboff|hover\u00a0\u00bb button_border_color__hover=\u00a0\u00bb#00ede1&Prime; parent_button=\u00a0\u00bboff\u00a0\u00bb parent_header_level=\u00a0\u00bbh5&Prime;]<\/p>\n<h5>Profite d&rsquo;On\u00eds gr\u00e2ce aux activit\u00e9s organis\u00e9es et aux visites guid\u00e9es. Nous te le donnons pour que tu n&rsquo;aies plus qu&rsquo;\u00e0 te pr\u00e9occuper de passer un bon moment.<br \/>\n<\/h5>\n<p>[\/dsm_card_carousel_child][dsm_card_carousel_child title=\u00a0\u00bbAmuse-toi avec les enfants\u00a0\u00bb image=\u00a0\u00bbhttps:\/\/www.onisecoturismo.es\/wp-content\/uploads\/2022\/04\/cabecera_diviertete_peques_2.jpg\u00a0\u00bb image_background_animation=\u00a0\u00bbzoom_in\u00a0\u00bb button_text=\u00a0\u00bbPlus d&#039;informations\u00a0\u00bb button_url_new_window=\u00a0\u00bb1&Prime; _builder_version=\u00a0\u00bb4.17.1&Prime; _dynamic_attributes=\u00a0\u00bblink_option_url\u00a0\u00bb background_color=\u00a0\u00bb#f4f4f4&Prime; background_enable_color=\u00a0\u00bbon\u00a0\u00bb custom_button=\u00a0\u00bbon\u00a0\u00bb button_text_size=\u00a0\u00bb14px\u00a0\u00bb button_text_color=\u00a0\u00bb#526962&Prime; button_bg_color=\u00a0\u00bb#FCBF15&Prime; button_border_color=\u00a0\u00bbRGBA(255,255,255,0)\u00a0\u00bb button_border_radius=\u00a0\u00bb50px\u00a0\u00bb button_font=\u00a0\u00bb|700|||||||\u00a0\u00bb button_icon_color=\u00a0\u00bb#526962&Prime; button_alignment=\u00a0\u00bbleft\u00a0\u00bb button_custom_padding=\u00a0\u00bb10px|30px|10px|30px|true|true\u00a0\u00bb link_option_url=\u00a0\u00bb@ET-DC@eyJkeW5hbWljIjp0cnVlLCJjb250ZW50IjoicG9zdF9saW5rX3VybF9wYWdlIiwic2V0dGluZ3MiOnsicG9zdF9pZCI6IjMzOTc2OCJ9fQ==@\u00a0\u00bb box_shadow_style_button=\u00a0\u00bbpreset2&Prime; box_shadow_spread_button=\u00a0\u00bb-7px\u00a0\u00bb box_shadow_color_button=\u00a0\u00bbrgba(131,0,233,0.18)\u00a0\u00bb global_colors_info=\u00a0\u00bb{}\u00a0\u00bb button_bg_color__hover_enabled=\u00a0\u00bboff|hover\u00a0\u00bb button_bg_color__hover=\u00a0\u00bb#00ede1&Prime; button_bg_enable_color__hover=\u00a0\u00bbon\u00a0\u00bb button_border_color__hover_enabled=\u00a0\u00bboff|hover\u00a0\u00bb button_border_color__hover=\u00a0\u00bb#00ede1&Prime; parent_button=\u00a0\u00bboff\u00a0\u00bb parent_header_level=\u00a0\u00bbh5&Prime;]<\/p>\n<h5>Quelle que soit ta famille, tu ne manqueras pas de jours pour t&rsquo;amuser avec les nombreux plans avec enfants que nous te proposons \u00e0 On\u00eds. Choisis et combine nos propositions et planifie des journ\u00e9es inoubliables. <\/h5>\n<p>[\/dsm_card_carousel_child][dsm_card_carousel_child title=\u00a0\u00bbD\u00e9tends-toi dans nos villages\u00a0\u00bb image=\u00a0\u00bbhttps:\/\/www.onisecoturismo.es\/wp-content\/uploads\/2022\/04\/cabecera_relajate_pueblos_madrenas-1.jpg\u00a0\u00bb image_background_animation=\u00a0\u00bbzoom_in\u00a0\u00bb alt=\u00a0\u00bbZone de loisirs de Llano Miyar\u00a0\u00bb button_text=\u00a0\u00bbPlus d&#039;informations\u00a0\u00bb button_url_new_window=\u00a0\u00bb1&Prime; _builder_version=\u00a0\u00bb4.17.1&Prime; _dynamic_attributes=\u00a0\u00bblink_option_url\u00a0\u00bb background_color=\u00a0\u00bb#f4f4f4&Prime; background_enable_color=\u00a0\u00bbon\u00a0\u00bb custom_button=\u00a0\u00bbon\u00a0\u00bb button_text_size=\u00a0\u00bb14px\u00a0\u00bb button_text_color=\u00a0\u00bb#526962&Prime; button_bg_color=\u00a0\u00bb#FCBF15&Prime; button_border_color=\u00a0\u00bbRGBA(255,255,255,0)\u00a0\u00bb button_border_radius=\u00a0\u00bb50px\u00a0\u00bb button_font=\u00a0\u00bb|700|||||||\u00a0\u00bb button_icon_color=\u00a0\u00bb#526962&Prime; button_alignment=\u00a0\u00bbleft\u00a0\u00bb button_custom_padding=\u00a0\u00bb10px|30px|10px|30px|true|true\u00a0\u00bb link_option_url=\u00a0\u00bb@ET-DC@eyJkeW5hbWljIjp0cnVlLCJjb250ZW50IjoicG9zdF9saW5rX3VybF9wYWdlIiwic2V0dGluZ3MiOnsicG9zdF9pZCI6IjM0MDAxMyJ9fQ==@\u00a0\u00bb box_shadow_style_button=\u00a0\u00bbpreset2&Prime; box_shadow_spread_button=\u00a0\u00bb-7px\u00a0\u00bb box_shadow_color_button=\u00a0\u00bbrgba(131,0,233,0.18)\u00a0\u00bb global_colors_info=\u00a0\u00bb{}\u00a0\u00bb button_bg_color__hover_enabled=\u00a0\u00bboff|hover\u00a0\u00bb button_bg_color__hover=\u00a0\u00bb#00ede1&Prime; button_bg_enable_color__hover=\u00a0\u00bbon\u00a0\u00bb button_border_color__hover_enabled=\u00a0\u00bboff|hover\u00a0\u00bb button_border_color__hover=\u00a0\u00bb#00ede1&Prime; parent_button=\u00a0\u00bboff\u00a0\u00bb parent_header_level=\u00a0\u00bbh5&Prime;]<\/p>\n<h5>Propositions pour ceux d&rsquo;entre vous qui viennent \u00e0 On\u00eds pour se d\u00e9tendre en couple ou entre amis et qui veulent combiner tourisme gastronomique et d\u00e9tente avec un peu d&rsquo;activit\u00e9 dans notre environnement rural.<\/h5>\n<p>[\/dsm_card_carousel_child][dsm_card_carousel_child title=\u00a0\u00bbConnecte-toi avec la nature\u00a0\u00bb image=\u00a0\u00bbhttps:\/\/www.onisecoturismo.es\/wp-content\/uploads\/2022\/04\/cabecera_naturaleza_jfsd.jpg\u00a0\u00bb image_background_animation=\u00a0\u00bbzoom_in\u00a0\u00bb button_text=\u00a0\u00bbPlus d&#039;informations\u00a0\u00bb button_url_new_window=\u00a0\u00bb1&Prime; _builder_version=\u00a0\u00bb4.17.1&Prime; _dynamic_attributes=\u00a0\u00bblink_option_url\u00a0\u00bb background_color=\u00a0\u00bb#f4f4f4&Prime; background_enable_color=\u00a0\u00bbon\u00a0\u00bb custom_button=\u00a0\u00bbon\u00a0\u00bb button_text_size=\u00a0\u00bb14px\u00a0\u00bb button_text_color=\u00a0\u00bb#526962&Prime; button_bg_color=\u00a0\u00bb#FCBF15&Prime; button_border_color=\u00a0\u00bbRGBA(255,255,255,0)\u00a0\u00bb button_border_radius=\u00a0\u00bb50px\u00a0\u00bb button_font=\u00a0\u00bb|700|||||||\u00a0\u00bb button_icon_color=\u00a0\u00bb#526962&Prime; button_alignment=\u00a0\u00bbleft\u00a0\u00bb button_custom_padding=\u00a0\u00bb10px|30px|10px|30px|true|true\u00a0\u00bb link_option_url=\u00a0\u00bb@ET-DC@eyJkeW5hbWljIjp0cnVlLCJjb250ZW50IjoicG9zdF9saW5rX3VybF9wYWdlIiwic2V0dGluZ3MiOnsicG9zdF9pZCI6IjMzOTkzNyJ9fQ==@\u00a0\u00bb box_shadow_style_button=\u00a0\u00bbpreset2&Prime; box_shadow_spread_button=\u00a0\u00bb-7px\u00a0\u00bb box_shadow_color_button=\u00a0\u00bbrgba(131,0,233,0.18)\u00a0\u00bb global_colors_info=\u00a0\u00bb{}\u00a0\u00bb button_bg_color__hover_enabled=\u00a0\u00bboff|hover\u00a0\u00bb button_bg_color__hover=\u00a0\u00bb#00ede1&Prime; button_bg_enable_color__hover=\u00a0\u00bbon\u00a0\u00bb button_border_color__hover_enabled=\u00a0\u00bboff|hover\u00a0\u00bb button_border_color__hover=\u00a0\u00bb#00ede1&Prime; parent_button=\u00a0\u00bboff\u00a0\u00bb parent_header_level=\u00a0\u00bbh5&Prime;]<\/p>\n<h5>On\u00eds s&rsquo;adresse aux amoureux de la nature : aux ornithologues, aux botanistes, aux photographes de paysages, \u00e0 tous ceux qui veulent profiter de la nature&#8230;<\/h5>\n<p>[\/dsm_card_carousel_child][dsm_card_carousel_child title=\u00a0\u00bbSports d&#039;altitude\u00a0\u00bb image=\u00a0\u00bbhttps:\/\/www.onisecoturismo.es\/wp-content\/uploads\/2022\/04\/encabezado_deportes.jpg\u00a0\u00bb image_background_animation=\u00a0\u00bbzoom_in\u00a0\u00bb alt=\u00a0\u00bbMus\u00e9es \u00e0 On\u00eds\u00a0\u00bb button_text=\u00a0\u00bbPlus d&#039;informations\u00a0\u00bb button_url_new_window=\u00a0\u00bb1&Prime; _builder_version=\u00a0\u00bb4.17.1&Prime; _dynamic_attributes=\u00a0\u00bblink_option_url\u00a0\u00bb background_color=\u00a0\u00bb#f4f4f4&Prime; background_enable_color=\u00a0\u00bbon\u00a0\u00bb custom_button=\u00a0\u00bbon\u00a0\u00bb button_text_size=\u00a0\u00bb14px\u00a0\u00bb button_text_color=\u00a0\u00bb#526962&Prime; button_bg_color=\u00a0\u00bb#FCBF15&Prime; button_border_color=\u00a0\u00bbRGBA(255,255,255,0)\u00a0\u00bb button_border_radius=\u00a0\u00bb50px\u00a0\u00bb button_font=\u00a0\u00bb|700|||||||\u00a0\u00bb button_icon_color=\u00a0\u00bb#526962&Prime; button_alignment=\u00a0\u00bbleft\u00a0\u00bb button_custom_padding=\u00a0\u00bb10px|30px|10px|30px|true|true\u00a0\u00bb link_option_url=\u00a0\u00bb@ET-DC@eyJkeW5hbWljIjp0cnVlLCJjb250ZW50IjoicG9zdF9saW5rX3VybF9wYWdlIiwic2V0dGluZ3MiOnsicG9zdF9pZCI6IjM0MDM2NyJ9fQ==@\u00a0\u00bb box_shadow_style_button=\u00a0\u00bbpreset2&Prime; box_shadow_spread_button=\u00a0\u00bb-7px\u00a0\u00bb box_shadow_color_button=\u00a0\u00bbrgba(131,0,233,0.18)\u00a0\u00bb global_colors_info=\u00a0\u00bb{}\u00a0\u00bb button_bg_color__hover_enabled=\u00a0\u00bboff|hover\u00a0\u00bb button_bg_color__hover=\u00a0\u00bb#00ede1&Prime; button_bg_enable_color__hover=\u00a0\u00bbon\u00a0\u00bb button_border_color__hover_enabled=\u00a0\u00bboff|hover\u00a0\u00bb button_border_color__hover=\u00a0\u00bb#00ede1&Prime; parent_button=\u00a0\u00bboff\u00a0\u00bb parent_header_level=\u00a0\u00bbh5&Prime;]<\/p>\n<h5>On\u00eds est une destination tranquille au c\u0153ur des montagnes des Picos de Europa pour pratiquer des sports de nature tels que la course \u00e0 pied, le trail, l&rsquo;escalade, l&rsquo;alpinisme, le VTT, le gravel&#8230;.<\/h5>\n<p>[\/dsm_card_carousel_child][\/dsm_card_carousel][\/et_pb_column][\/et_pb_row][\/et_pb_section]<\/p>\n","protected":false},"excerpt":{"rendered":"<p>Profite d&rsquo;On\u00eds, dans les Asturies, en pr\u00e9voyant de te d\u00e9tendre dans nos villages, dans la nature ou en connaissant la faune glaciaire ou le gypa\u00e8te barbu.<\/p>\n","protected":false},"author":1,"featured_media":0,"parent":0,"menu_order":0,"comment_status":"closed","ping_status":"closed","template":"","meta":{"_acf_changed":false,"_et_pb_use_builder":"on","_et_pb_old_content":"","_et_gb_content_width":"","footnotes":""},"dipi_cpt_category":[],"class_list":["post-347654","page","type-page","status-publish","hentry"],"acf":[],"_links":{"self":[{"href":"https:\/\/www.onisecoturismo.es\/fr\/wp-json\/wp\/v2\/pages\/347654","targetHints":{"allow":["GET"]}}],"collection":[{"href":"https:\/\/www.onisecoturismo.es\/fr\/wp-json\/wp\/v2\/pages"}],"about":[{"href":"https:\/\/www.onisecoturismo.es\/fr\/wp-json\/wp\/v2\/types\/page"}],"author":[{"embeddable":true,"href":"https:\/\/www.onisecoturismo.es\/fr\/wp-json\/wp\/v2\/users\/1"}],"replies":[{"embeddable":true,"href":"https:\/\/www.onisecoturismo.es\/fr\/wp-json\/wp\/v2\/comments?post=347654"}],"version-history":[{"count":2,"href":"https:\/\/www.onisecoturismo.es\/fr\/wp-json\/wp\/v2\/pages\/347654\/revisions"}],"predecessor-version":[{"id":347656,"href":"https:\/\/www.onisecoturismo.es\/fr\/wp-json\/wp\/v2\/pages\/347654\/revisions\/347656"}],"wp:attachment":[{"href":"https:\/\/www.onisecoturismo.es\/fr\/wp-json\/wp\/v2\/media?parent=347654"}],"wp:term":[{"taxonomy":"dipi_cpt_category","embeddable":true,"href":"https:\/\/www.onisecoturismo.es\/fr\/wp-json\/wp\/v2\/dipi_cpt_category?post=347654"}],"curies":[{"name":"wp","href":"https:\/\/api.w.org\/{rel}","templated":true}]}}