{"id":347532,"date":"2024-11-08T13:03:29","date_gmt":"2024-11-08T12:03:29","guid":{"rendered":"https:\/\/www.onisecoturismo.es\/cours-transformation-numerique-et-marketing-dans-le-secteur-du-tourisme\/"},"modified":"2024-11-08T13:03:31","modified_gmt":"2024-11-08T12:03:31","slug":"cours-transformation-numerique-et-marketing-dans-le-secteur-du-tourisme","status":"publish","type":"page","link":"https:\/\/www.onisecoturismo.es\/fr\/cours-transformation-numerique-et-marketing-dans-le-secteur-du-tourisme\/","title":{"rendered":"Cours Transformation num\u00e9rique et marketing dans le secteur du tourisme."},"content":{"rendered":"<p>[et_pb_section fb_built=\u00a0\u00bb1&Prime; next_background_color=\u00a0\u00bb#ffffff\u00a0\u00bb _builder_version=\u00a0\u00bb4.18.0&Prime; _module_preset=\u00a0\u00bbdefault\u00a0\u00bb background_color=\u00a0\u00bbrgba(22,34,16,0.26)\u00a0\u00bb background_image=\u00a0\u00bbhttps:\/\/www.onisecoturismo.es\/wp-content\/uploads\/2022\/10\/Header-web-1920&#215;1080-1.jpg\u00a0\u00bb background_blend=\u00a0\u00bbdarken\u00a0\u00bb custom_margin=\u00a0\u00bb||-8px|||\u00a0\u00bb custom_padding=\u00a0\u00bb0px||100px||false|false\u00a0\u00bb bottom_divider_style=\u00a0\u00bbwave2&Prime; da_disable_devices=\u00a0\u00bboff|off|off\u00a0\u00bb locked=\u00a0\u00bboff\u00a0\u00bb global_colors_info=\u00a0\u00bb{}\u00a0\u00bb da_is_popup=\u00a0\u00bboff\u00a0\u00bb da_exit_intent=\u00a0\u00bboff\u00a0\u00bb da_has_close=\u00a0\u00bbon\u00a0\u00bb da_alt_close=\u00a0\u00bboff\u00a0\u00bb da_dark_close=\u00a0\u00bboff\u00a0\u00bb da_not_modal=\u00a0\u00bbon\u00a0\u00bb da_is_singular=\u00a0\u00bboff\u00a0\u00bb da_with_loader=\u00a0\u00bboff\u00a0\u00bb da_has_shadow=\u00a0\u00bbon\u00a0\u00bb][et_pb_row _builder_version=\u00a0\u00bb4.16&Prime; _module_preset=\u00a0\u00bbdefault\u00a0\u00bb custom_padding=\u00a0\u00bb||0px|||\u00a0\u00bb global_colors_info=\u00a0\u00bb{}\u00a0\u00bb][et_pb_column type=\u00a0\u00bb4_4&Prime; _builder_version=\u00a0\u00bb4.16&Prime; _module_preset=\u00a0\u00bbdefault\u00a0\u00bb pac_dcm_carousel_specific_module_num=\u00a0\u00bb0&Prime; global_colors_info=\u00a0\u00bb{}\u00a0\u00bb][et_pb_blurb title=\u00a0\u00bbCours Transformation num\u00e9rique dans le secteur du tourisme\u00a0\u00bb image=\u00a0\u00bbhttps:\/\/www.onisecoturismo.es\/wp-content\/uploads\/2022\/10\/Color-Formacion.png\u00a0\u00bb alt=\u00a0\u00bbIc\u00f4ne de formation \u00e0 l&#039;\u00e9cotourisme d&#039;Onis\u00a0\u00bb image_icon_width=\u00a0\u00bb100px\u00a0\u00bb content_max_width=\u00a0\u00bb100%\u00a0\u00bb image_icon_width_tablet=\u00a0\u00bb90px\u00a0\u00bb image_icon_width_phone=\u00a0\u00bb70px\u00a0\u00bb image_icon_width_last_edited=\u00a0\u00bbon|phone\u00a0\u00bb _builder_version=\u00a0\u00bb4.18.0&Prime; _module_preset=\u00a0\u00bbdefault\u00a0\u00bb header_level=\u00a0\u00bbh1&Prime; header_font=\u00a0\u00bb|800|||||||\u00a0\u00bb header_text_align=\u00a0\u00bbcenter\u00a0\u00bb header_text_color=\u00a0\u00bb#FFFFFF\u00a0\u00bb header_font_size=\u00a0\u00bb76px\u00a0\u00bb body_text_align=\u00a0\u00bbcenter\u00a0\u00bb body_text_color=\u00a0\u00bb#FFFFFF\u00a0\u00bb body_font_size=\u00a0\u00bb22px\u00a0\u00bb custom_margin=\u00a0\u00bb0px|0px|0px|0px|false|false\u00a0\u00bb custom_padding=\u00a0\u00bb0px|0px|0px|0px|false|false\u00a0\u00bb header_font_size_tablet=\u00a0\u00bb66px\u00a0\u00bb header_font_size_phone=\u00a0\u00bb42px\u00a0\u00bb header_font_size_last_edited=\u00a0\u00bbon|phone\u00a0\u00bb global_colors_info=\u00a0\u00bb{}\u00a0\u00bb]<\/p>\n<h1><span style=\"color: #ffffff;\"><strong>Marketing et communication<\/strong><\/span><\/h1>\n<p>[\/et_pb_blurb][\/et_pb_column][\/et_pb_row][\/et_pb_section][et_pb_section fb_built=\u00a0\u00bb1&Prime; _builder_version=\u00a0\u00bb4.18.0&Prime; _module_preset=\u00a0\u00bbdefault\u00a0\u00bb min_height=\u00a0\u00bb2240px\u00a0\u00bb custom_margin=\u00a0\u00bb||-389px|||\u00a0\u00bb custom_padding=\u00a0\u00bb0px||0px|||\u00a0\u00bb da_disable_devices=\u00a0\u00bboff|off|off\u00a0\u00bb global_colors_info=\u00a0\u00bb{}\u00a0\u00bb da_is_popup=\u00a0\u00bboff\u00a0\u00bb da_exit_intent=\u00a0\u00bboff\u00a0\u00bb da_has_close=\u00a0\u00bbon\u00a0\u00bb da_alt_close=\u00a0\u00bboff\u00a0\u00bb da_dark_close=\u00a0\u00bboff\u00a0\u00bb da_not_modal=\u00a0\u00bbon\u00a0\u00bb da_is_singular=\u00a0\u00bboff\u00a0\u00bb da_with_loader=\u00a0\u00bboff\u00a0\u00bb da_has_shadow=\u00a0\u00bbon\u00a0\u00bb][et_pb_row _builder_version=\u00a0\u00bb4.16&Prime; _module_preset=\u00a0\u00bbdefault\u00a0\u00bb min_height=\u00a0\u00bb108px\u00a0\u00bb global_colors_info=\u00a0\u00bb{}\u00a0\u00bb][et_pb_column type=\u00a0\u00bb4_4&Prime; _builder_version=\u00a0\u00bb4.16&Prime; _module_preset=\u00a0\u00bbdefault\u00a0\u00bb pac_dcm_carousel_specific_module_num=\u00a0\u00bb0&Prime; global_colors_info=\u00a0\u00bb{}\u00a0\u00bb][et_pb_text _builder_version=\u00a0\u00bb4.18.1&Prime; _module_preset=\u00a0\u00bbdefault\u00a0\u00bb hover_enabled=\u00a0\u00bb0&Prime; global_colors_info=\u00a0\u00bb{}\u00a0\u00bb sticky_enabled=\u00a0\u00bb0&Prime;]<\/p>\n<h1>Cours Transformation num\u00e9rique et marketing dans le secteur du tourisme.<\/h1>\n<p><strong><span style=\"font-size: x-large; color: #ff0000;\">INSCRIPTION CLOSE &#8211; Toutes les places sont vendues.<\/span><\/strong><\/p>\n<p>[\/et_pb_text][\/et_pb_column][\/et_pb_row][et_pb_row column_structure=\u00a0\u00bb1_2,1_2&Prime; _builder_version=\u00a0\u00bb4.16&Prime; _module_preset=\u00a0\u00bbdefault\u00a0\u00bb min_height=\u00a0\u00bb769px\u00a0\u00bb custom_padding=\u00a0\u00bb||0px|||\u00a0\u00bb global_colors_info=\u00a0\u00bb{}\u00a0\u00bb][et_pb_column type=\u00a0\u00bb1_2&Prime; _builder_version=\u00a0\u00bb4.16&Prime; _module_preset=\u00a0\u00bbdefault\u00a0\u00bb pac_dcm_carousel_specific_module_num=\u00a0\u00bb0&Prime; global_colors_info=\u00a0\u00bb{}\u00a0\u00bb][et_pb_text _builder_version=\u00a0\u00bb4.18.0&Prime; _module_preset=\u00a0\u00bbdefault\u00a0\u00bb width=\u00a0\u00bb99%\u00a0\u00bb custom_padding=\u00a0\u00bb|||37px||\u00a0\u00bb global_colors_info=\u00a0\u00bb{}\u00a0\u00bb]<\/p>\n<p><strong>OBJECTIFS<\/strong><\/p>\n<ul>\n<li style=\"text-align: justify;\">Sensibiliser aux technologies actuelles qui transforment l&rsquo;exp\u00e9rience touristique.<\/li>\n<li style=\"text-align: justify;\">Formation \u00e0 l&rsquo;utilisation des nouvelles technologies de l&rsquo;information et de la communication pour promouvoir leurs propres entreprises et On\u00eds en tant que destination \u00e9cotouristique.<\/li>\n<li style=\"text-align: justify;\">Sensibilise \u00e0 l&rsquo;importance de concevoir une strat\u00e9gie de communication en ligne.<\/li>\n<li style=\"text-align: justify;\">Enseigner comment concevoir, planifier et ex\u00e9cuter des campagnes de marketing en ligne dans les entreprises et les destinations touristiques.<\/li>\n<li style=\"text-align: justify;\">Formation \u00e0 l&rsquo;utilisation de diff\u00e9rents outils pour la cr\u00e9ation de supports marketing destin\u00e9s \u00e0 la publication en ligne.<\/li>\n<\/ul>\n<p><strong><\/strong><\/p>\n<p>[\/et_pb_text][et_pb_text _builder_version=\u00a0\u00bb4.18.0&Prime; _module_preset=\u00a0\u00bbdefault\u00a0\u00bb custom_padding=\u00a0\u00bb|||40px||\u00a0\u00bb global_colors_info=\u00a0\u00bb{}\u00a0\u00bb]<\/p>\n<p><strong>CIBLE<\/strong><\/p>\n<ul>\n<li style=\"text-align: justify;\"><span style=\"font-size: 16px;\">Individus et entrepreneurs travaillant dans l&rsquo;industrie du tourisme.<\/span><\/li>\n<li style=\"text-align: justify;\"><span style=\"font-size: 16px;\">La priorit\u00e9 sera donn\u00e9e aux personnes inscrites et\/ou li\u00e9es au conseil d&rsquo;On\u00eds.<\/span><\/li>\n<li style=\"text-align: justify;\"><span style=\"font-size: 16px;\">Une formation pr\u00e9alable et\/ou une exp\u00e9rience professionnelle dans le secteur du tourisme serait un atout.<\/span><\/li>\n<li style=\"text-align: justify;\"><span style=\"font-size: 16px;\">La connaissance de l&rsquo;anglais et d&rsquo;autres langues serait un atout.<\/span><\/li>\n<\/ul>\n<p>[\/et_pb_text][et_pb_button button_url=\u00a0\u00bbhttps:\/\/docs.google.com\/forms\/d\/e\/1FAIpQLSd5xmmZ80MG69zMkY05cvqmy3ybtqd02QsaG05OpgnufMMlDw\/viewform\u00a0\u00bb url_new_window=\u00a0\u00bbon\u00a0\u00bb button_text=\u00a0\u00bbInscription en ligne\u00a0\u00bb button_alignment=\u00a0\u00bbcenter\u00a0\u00bb _builder_version=\u00a0\u00bb4.18.0&Prime; _module_preset=\u00a0\u00bbdefault\u00a0\u00bb custom_button=\u00a0\u00bbon\u00a0\u00bb button_text_size=\u00a0\u00bb16px\u00a0\u00bb button_text_color=\u00a0\u00bb#FFFFFF\u00a0\u00bb button_bg_color=\u00a0\u00bb#9FB6AF\u00a0\u00bb button_border_width=\u00a0\u00bb0px\u00a0\u00bb button_border_radius=\u00a0\u00bb16px\u00a0\u00bb button_icon=\u00a0\u00bb&#xf35d;||fa||900&Prime; button_icon_placement=\u00a0\u00bbleft\u00a0\u00bb button_on_hover=\u00a0\u00bboff\u00a0\u00bb locked=\u00a0\u00bboff\u00a0\u00bb global_colors_info=\u00a0\u00bb{}\u00a0\u00bb button_bg_color__hover_enabled=\u00a0\u00bbon|desktop\u00a0\u00bb button_bg_color__hover=\u00a0\u00bb#FCBF15&Prime; button_bg_enable_color__hover=\u00a0\u00bbon\u00a0\u00bb][\/et_pb_button][\/et_pb_column][et_pb_column type=\u00a0\u00bb1_2&Prime; _builder_version=\u00a0\u00bb4.16&Prime; _module_preset=\u00a0\u00bbdefault\u00a0\u00bb pac_dcm_carousel_specific_module_num=\u00a0\u00bb0&Prime; global_colors_info=\u00a0\u00bb{}\u00a0\u00bb][et_pb_text _builder_version=\u00a0\u00bb4.18.0&Prime; _module_preset=\u00a0\u00bbdefault\u00a0\u00bb background_image=\u00a0\u00bbhttps:\/\/www.onisecoturismo.es\/wp-content\/uploads\/2022\/10\/fondo-curso-transformacion-digital.jpg\u00a0\u00bb custom_padding=\u00a0\u00bb20px|20px|20px|20px|false|false\u00a0\u00bb border_radii=\u00a0\u00bbon|6px|6px|6px|6px\u00a0\u00bb border_width_all=\u00a0\u00bb1px\u00a0\u00bb border_color_all=\u00a0\u00bb#9FB6AF\u00a0\u00bb global_colors_info=\u00a0\u00bb{}\u00a0\u00bb]<\/p>\n<p><span><strong>LIEU :<\/strong><\/span><span> Centre municipal polyvalent du t\u00e9l\u00e9centre (Benia de On\u00eds)<\/span><\/p>\n<p><span><strong>DATES ET HEURES :  <\/strong><\/span><span>Du 14 au 23 novembre 2022. Horaire : de 9h30 \u00e0 13h30<\/span><\/p>\n<p><strong>DUR\u00c9E :<\/strong> 28 heures<\/p>\n<p><strong>NOMBRE DE PARTICIPANTS :<\/strong> 20<\/p>\n<p><strong>ENTIT\u00c9 DE FORMATION<\/strong>: Fundaci\u00f3n CTIC Centro Tecnol\u00f3gico<\/p>\n<p><strong>ORGANIS\u00c9 par :<\/strong> Conseil municipal d&rsquo;On\u00eds<\/p>\n<p><span><strong>DATE LIMITE DE PR\u00c9-INSCRIPTION : <span style=\"color: #f71c00;\">Les inscriptions sont closes<\/span>.<\/strong><\/span><\/p>\n<p><span><strong>INSCRIPTION : <\/strong>Formalisation des inscriptions via le formulaire en ligne. <strong><span style=\"color: #f20c00;\"><a href=\"https:\/\/docs.google.com\/forms\/d\/e\/1FAIpQLSd5xmmZ80MG69zMkY05cvqmy3ybtqd02QsaG05OpgnufMMlDw\/viewform\" style=\"color: #f20c00;\" target=\"_blank\" rel=\"noopener\">formulaire en ligne. <\/a><\/span><\/strong> Mairie d&rsquo;On\u00eds<strong>  email <u><a href=\"mailto:info@concejodeonises.es\">info@concejodeonis.es<\/a><\/u> ou Tf. 985 844 005 <\/strong><\/span><\/p>\n<p><span><strong>CRIT\u00c8RES DE S\u00c9LECTION : <\/strong> entrepreneurs et travailleurs du secteur touristique et liens avec le conseil d&rsquo;On\u00eds.<\/span><\/p>\n<p><strong>CONFIRMATION DE L&rsquo;ADMISSION :<\/strong> 9 novembre 2022<\/p>\n<p><strong>CERTIFICATION :<\/strong> Les \u00e9tudiants recevront un certificat de participation, pour lequel ils doivent avoir assist\u00e9 \u00e0 au moins 80% des heures de cours.<\/p>\n<p>[\/et_pb_text][\/et_pb_column][\/et_pb_row][et_pb_row _builder_version=\u00a0\u00bb4.18.0&Prime; _module_preset=\u00a0\u00bbdefault\u00a0\u00bb global_colors_info=\u00a0\u00bb{}\u00a0\u00bb][et_pb_column type=\u00a0\u00bb4_4&Prime; _builder_version=\u00a0\u00bb4.18.0&Prime; _module_preset=\u00a0\u00bbdefault\u00a0\u00bb pac_dcm_carousel_specific_module_num=\u00a0\u00bb0&Prime; global_colors_info=\u00a0\u00bb{}\u00a0\u00bb][et_pb_text _builder_version=\u00a0\u00bb4.18.0&Prime; _module_preset=\u00a0\u00bbdefault\u00a0\u00bb min_height=\u00a0\u00bb1226px\u00a0\u00bb custom_margin=\u00a0\u00bb||0px|||\u00a0\u00bb custom_padding=\u00a0\u00bb|||35px||\u00a0\u00bb global_colors_info=\u00a0\u00bb{}\u00a0\u00bb]<\/p>\n<h1 style=\"text-align: center;\"><strong>Programme<\/strong><\/h1>\n<p style=\"text-align: justify;\">Le cours est bas\u00e9 sur 7 blocs th\u00e9matiques avec un contenu th\u00e9orique et des exercices pratiques \u00e0 partir d&rsquo;un PC ou d&rsquo;un t\u00e9l\u00e9phone portable.<\/p>\n<h4><strong><\/strong><\/h4>\n<h4><strong>LUNDI 14 novembre<\/strong><\/h4>\n<h4>Module 1. Les changements technologiques qui transforment le tourisme (4 heures).<\/h4>\n<ul>\n<li style=\"text-align: justify;\">Les technologies qui transforment le tourisme (1 heure)<\/li>\n<li style=\"text-align: justify;\">Marketing et communication au 21e si\u00e8cle (3 heures)<\/li>\n<\/ul>\n<h4><strong>MARDI 15 novembre<\/strong><\/h4>\n<h4>Module 2. Communiquer avec tes clients au 21e si\u00e8cle (4 heures)<\/h4>\n<ul>\n<li style=\"text-align: justify;\">R\u00e9seaux sociaux. (2 heures)<\/li>\n<li style=\"text-align: justify;\">Chatbots (0,5 heure).<\/li>\n<li style=\"text-align: justify;\">WhatsApp Business (1,5 heure)<\/li>\n<\/ul>\n<h4><strong>MERCREDI 16 novembre<\/strong><\/h4>\n<h4>Module 3. Marketing num\u00e9rique I (4 heures)<\/h4>\n<ul>\n<li style=\"text-align: justify;\">Le site web de l&rsquo;entreprise au centre de la strat\u00e9gie (1,5 heure).<\/li>\n<li style=\"text-align: justify;\">Positionnement SEO et Inbound marketing ou marketing de contenu (2,5 heures).<\/li>\n<\/ul>\n<h4><strong>JEUDI 17 novembre<\/strong><\/h4>\n<h4>Module 4. Marketing num\u00e9rique II (4 heures)<\/h4>\n<ul>\n<li style=\"text-align: justify;\">Positionnement local avec Google My Business (1,5 heure)<\/li>\n<li style=\"text-align: justify;\">Vid\u00e9omarketing (2,5 heures)<\/li>\n<\/ul>\n<h4><strong>LUNDI 21 novembre<\/strong><\/h4>\n<h4>Module 5. Marketing num\u00e9rique III. R\u00e9seaux sociaux (4 heures)<\/h4>\n<ul>\n<li>Le r\u00e9seautage social sur Internet. Qu&rsquo;est-ce qu&rsquo;ils sont et comment choisir ceux qui conviennent le mieux \u00e0 chaque entreprise (1).<\/li>\n<li style=\"text-align: justify;\">Facebook (1 heure)<\/li>\n<li style=\"text-align: justify;\">Instagram (1 heure)<\/li>\n<li style=\"text-align: justify;\">Campagnes publicitaires sur Instagram et Facebook : l&rsquo;outil publicitaire. (1 heure)<\/li>\n<\/ul>\n<h4><strong>MARDI 22 novembre<\/strong><\/h4>\n<h4>Module 6. Outils de gestion des \u00e9tablissements touristiques (4 heures)<\/h4>\n<ul>\n<li style=\"text-align: justify;\">Introduction : les nouvelles technologies pour la gestion du tourisme (0,5 heure).<\/li>\n<li style=\"text-align: justify;\">Gestion de l&rsquo;h\u00e9bergement : PMS, cannel manager et moteurs de r\u00e9servation (1 heure).<\/li>\n<li style=\"text-align: justify;\">Outils de r\u00e9servation et de gestion des activit\u00e9s touristiques et culturelles (1 heure).<\/li>\n<li style=\"text-align: justify;\">Outils pour la gestion des bars et des restaurants (1 heure)<\/li>\n<li style=\"text-align: justify;\">Aides et subventions pour l&rsquo;adoption de technologies dans le secteur du tourisme (0,5 heure).<\/li>\n<\/ul>\n<h4><strong>MERCREDI 23 novembre<\/strong><\/h4>\n<h4>Module 7. Outils simples pour la cr\u00e9ation de contenu : Canva.com (4 heures)<strong><\/strong><\/h4>\n<p>[\/et_pb_text][\/et_pb_column][\/et_pb_row][et_pb_row _builder_version=\u00a0\u00bb4.18.0&Prime; _module_preset=\u00a0\u00bbdefault\u00a0\u00bb min_height=\u00a0\u00bb280px\u00a0\u00bb global_colors_info=\u00a0\u00bb{}\u00a0\u00bb][et_pb_column type=\u00a0\u00bb4_4&Prime; _builder_version=\u00a0\u00bb4.16&Prime; _module_preset=\u00a0\u00bbdefault\u00a0\u00bb pac_dcm_carousel_specific_module_num=\u00a0\u00bb0&Prime; global_colors_info=\u00a0\u00bb{}\u00a0\u00bb][et_pb_text _builder_version=\u00a0\u00bb4.18.0&Prime; _module_preset=\u00a0\u00bbdefault\u00a0\u00bb background_color=\u00a0\u00bb#A4CFC0&Prime; custom_padding=\u00a0\u00bb30px|30px|30px|30px|false|false\u00a0\u00bb global_colors_info=\u00a0\u00bb{}\u00a0\u00bb]<\/p>\n<h4><strong><span style=\"color: #000000;\">QU&rsquo;EST-CE QUE LE COURS TE PERMET DE FAIRE ?<\/span><\/strong><\/h4>\n<p>\u00c0 la fin de la formation, les participants seront familiaris\u00e9s avec les outils technologiques applicables au secteur du tourisme dans tous les domaines : gestion, communication, service \u00e0 la client\u00e8le, cr\u00e9ation de nouvelles exp\u00e9riences, etc.<\/p>\n<p>Ils seront \u00e9galement capables de concevoir et de mener \u00e0 bien leur propre strat\u00e9gie de marketing sur Internet, \u00e0 la fois en termes de plateformes de marketing touristique, mais aussi par le biais de leur propre site Web, des r\u00e9seaux sociaux et des autres canaux actuellement utilis\u00e9s.<\/p>\n<p>Ils d\u00e9couvriront des outils faciles \u00e0 utiliser pour la cr\u00e9ation de contenus audiovisuels qui peuvent soutenir leur strat\u00e9gie de marketing, de communication et de service \u00e0 la client\u00e8le.<\/p>\n<p>[\/et_pb_text][\/et_pb_column][\/et_pb_row][\/et_pb_section][et_pb_section fb_built=\u00a0\u00bb1&Prime; _builder_version=\u00a0\u00bb4.18.0&Prime; _module_preset=\u00a0\u00bbdefault\u00a0\u00bb background_color=\u00a0\u00bb#FFFFFF\u00a0\u00bb min_height=\u00a0\u00bb24px\u00a0\u00bb custom_margin=\u00a0\u00bb50px|||||\u00a0\u00bb custom_padding=\u00a0\u00bb95px||0px|||\u00a0\u00bb da_disable_devices=\u00a0\u00bboff|off|off\u00a0\u00bb global_colors_info=\u00a0\u00bb{}\u00a0\u00bb da_is_popup=\u00a0\u00bboff\u00a0\u00bb da_exit_intent=\u00a0\u00bboff\u00a0\u00bb da_has_close=\u00a0\u00bbon\u00a0\u00bb da_alt_close=\u00a0\u00bboff\u00a0\u00bb da_dark_close=\u00a0\u00bboff\u00a0\u00bb da_not_modal=\u00a0\u00bbon\u00a0\u00bb da_is_singular=\u00a0\u00bboff\u00a0\u00bb da_with_loader=\u00a0\u00bboff\u00a0\u00bb da_has_shadow=\u00a0\u00bbon\u00a0\u00bb][et_pb_row _builder_version=\u00a0\u00bb4.18.0&Prime; _module_preset=\u00a0\u00bbdefault\u00a0\u00bb min_height=\u00a0\u00bb55px\u00a0\u00bb custom_padding=\u00a0\u00bb|19px|30px|39px||\u00a0\u00bb global_colors_info=\u00a0\u00bb{}\u00a0\u00bb][et_pb_column type=\u00a0\u00bb4_4&Prime; _builder_version=\u00a0\u00bb4.18.0&Prime; _module_preset=\u00a0\u00bbdefault\u00a0\u00bb pac_dcm_carousel_specific_module_num=\u00a0\u00bb0&Prime; global_colors_info=\u00a0\u00bb{}\u00a0\u00bb][\/et_pb_column][\/et_pb_row][\/et_pb_section]<\/p>\n","protected":false},"excerpt":{"rendered":"<p>Du 14 au 23 novembre 2022. LIEU : T\u00e9l\u00e9centre Benia de On\u00eds. IMPARTE : Fondation CTIC. Date limite d&rsquo;inscription : jusqu&rsquo;au 7 novembre.<\/p>\n","protected":false},"author":2,"featured_media":347533,"parent":0,"menu_order":0,"comment_status":"closed","ping_status":"closed","template":"","meta":{"_acf_changed":false,"_et_pb_use_builder":"on","_et_pb_old_content":"","_et_gb_content_width":"","footnotes":""},"dipi_cpt_category":[],"class_list":["post-347532","page","type-page","status-publish","has-post-thumbnail","hentry"],"acf":[],"_links":{"self":[{"href":"https:\/\/www.onisecoturismo.es\/fr\/wp-json\/wp\/v2\/pages\/347532","targetHints":{"allow":["GET"]}}],"collection":[{"href":"https:\/\/www.onisecoturismo.es\/fr\/wp-json\/wp\/v2\/pages"}],"about":[{"href":"https:\/\/www.onisecoturismo.es\/fr\/wp-json\/wp\/v2\/types\/page"}],"author":[{"embeddable":true,"href":"https:\/\/www.onisecoturismo.es\/fr\/wp-json\/wp\/v2\/users\/2"}],"replies":[{"embeddable":true,"href":"https:\/\/www.onisecoturismo.es\/fr\/wp-json\/wp\/v2\/comments?post=347532"}],"version-history":[{"count":2,"href":"https:\/\/www.onisecoturismo.es\/fr\/wp-json\/wp\/v2\/pages\/347532\/revisions"}],"predecessor-version":[{"id":347535,"href":"https:\/\/www.onisecoturismo.es\/fr\/wp-json\/wp\/v2\/pages\/347532\/revisions\/347535"}],"wp:featuredmedia":[{"embeddable":true,"href":"https:\/\/www.onisecoturismo.es\/fr\/wp-json\/wp\/v2\/media\/347533"}],"wp:attachment":[{"href":"https:\/\/www.onisecoturismo.es\/fr\/wp-json\/wp\/v2\/media?parent=347532"}],"wp:term":[{"taxonomy":"dipi_cpt_category","embeddable":true,"href":"https:\/\/www.onisecoturismo.es\/fr\/wp-json\/wp\/v2\/dipi_cpt_category?post=347532"}],"curies":[{"name":"wp","href":"https:\/\/api.w.org\/{rel}","templated":true}]}}