{"id":347481,"date":"2024-11-08T12:35:48","date_gmt":"2024-11-08T11:35:48","guid":{"rendered":"https:\/\/www.onisecoturismo.es\/cours-danglais-pour-les-professionnels-de-lecotourisme\/"},"modified":"2024-11-08T12:35:49","modified_gmt":"2024-11-08T11:35:49","slug":"cours-danglais-pour-les-professionnels-de-lecotourisme","status":"publish","type":"page","link":"https:\/\/www.onisecoturismo.es\/fr\/cours-danglais-pour-les-professionnels-de-lecotourisme\/","title":{"rendered":"Cours d&rsquo;anglais pour les professionnels de l&rsquo;\u00e9cotourisme"},"content":{"rendered":"<p>[et_pb_section fb_built=\u00a0\u00bb1&Prime; next_background_color=\u00a0\u00bb#ffffff\u00a0\u00bb _builder_version=\u00a0\u00bb4.22.2&Prime; _module_preset=\u00a0\u00bbdefault\u00a0\u00bb background_color=\u00a0\u00bbrgba(22,34,16,0.26)\u00a0\u00bb background_image=\u00a0\u00bbhttps:\/\/www.onisecoturismo.es\/wp-content\/uploads\/2023\/10\/header-curso-ingles-01-1.jpg\u00a0\u00bb background_position=\u00a0\u00bbbottom_center\u00a0\u00bb background_vertical_offset=\u00a0\u00bb36%\u00a0\u00bb background_blend=\u00a0\u00bbhue\u00a0\u00bb custom_margin=\u00a0\u00bb||-8px|||\u00a0\u00bb custom_padding=\u00a0\u00bb0px||100px||false|false\u00a0\u00bb bottom_divider_style=\u00a0\u00bbwave2&Prime; da_disable_devices=\u00a0\u00bboff|off|off\u00a0\u00bb locked=\u00a0\u00bboff\u00a0\u00bb global_colors_info=\u00a0\u00bb{}\u00a0\u00bb da_is_popup=\u00a0\u00bboff\u00a0\u00bb da_exit_intent=\u00a0\u00bboff\u00a0\u00bb da_has_close=\u00a0\u00bbon\u00a0\u00bb da_alt_close=\u00a0\u00bboff\u00a0\u00bb da_dark_close=\u00a0\u00bboff\u00a0\u00bb da_not_modal=\u00a0\u00bbon\u00a0\u00bb da_is_singular=\u00a0\u00bboff\u00a0\u00bb da_with_loader=\u00a0\u00bboff\u00a0\u00bb da_has_shadow=\u00a0\u00bbon\u00a0\u00bb][et_pb_row _builder_version=\u00a0\u00bb4.16&Prime; _module_preset=\u00a0\u00bbdefault\u00a0\u00bb custom_padding=\u00a0\u00bb||0px|||\u00a0\u00bb global_colors_info=\u00a0\u00bb{}\u00a0\u00bb][et_pb_column type=\u00a0\u00bb4_4&Prime; _builder_version=\u00a0\u00bb4.16&Prime; _module_preset=\u00a0\u00bbdefault\u00a0\u00bb pac_dcm_carousel_specific_module_num=\u00a0\u00bb0&Prime; global_colors_info=\u00a0\u00bb{}\u00a0\u00bb][et_pb_blurb title=\u00a0\u00bbCours d&#039;anglais appliqu\u00e9 aux professionnels de l&#039;\u00e9cotourisme\u00a0\u00bb image=\u00a0\u00bbhttps:\/\/www.onisecoturismo.es\/wp-content\/uploads\/2022\/10\/Color-Formacion.png\u00a0\u00bb alt=\u00a0\u00bbIc\u00f4ne de formation \u00e0 l&#039;\u00e9cotourisme d&#039;Onis\u00a0\u00bb image_icon_width=\u00a0\u00bb100px\u00a0\u00bb content_max_width=\u00a0\u00bb100%\u00a0\u00bb image_icon_width_tablet=\u00a0\u00bb90px\u00a0\u00bb image_icon_width_phone=\u00a0\u00bb70px\u00a0\u00bb image_icon_width_last_edited=\u00a0\u00bbon|phone\u00a0\u00bb _builder_version=\u00a0\u00bb4.18.0&Prime; _module_preset=\u00a0\u00bbdefault\u00a0\u00bb header_level=\u00a0\u00bbh1&Prime; header_font=\u00a0\u00bb|800|||||||\u00a0\u00bb header_text_align=\u00a0\u00bbcenter\u00a0\u00bb header_text_color=\u00a0\u00bb#FFFFFF\u00a0\u00bb header_font_size=\u00a0\u00bb76px\u00a0\u00bb body_text_align=\u00a0\u00bbcenter\u00a0\u00bb body_text_color=\u00a0\u00bb#FFFFFF\u00a0\u00bb body_font_size=\u00a0\u00bb22px\u00a0\u00bb custom_margin=\u00a0\u00bb0px|0px|0px|0px|false|false\u00a0\u00bb custom_padding=\u00a0\u00bb0px|0px|0px|0px|false|false\u00a0\u00bb header_font_size_tablet=\u00a0\u00bb66px\u00a0\u00bb header_font_size_phone=\u00a0\u00bb42px\u00a0\u00bb header_font_size_last_edited=\u00a0\u00bbon|phone\u00a0\u00bb global_colors_info=\u00a0\u00bb{}\u00a0\u00bb]<\/p>\n<h1><span style=\"color: #ffffff;\"><strong>Niveau A2 et niveau B1<\/strong><\/span><\/h1>\n<p>[\/et_pb_blurb][\/et_pb_column][\/et_pb_row][\/et_pb_section][et_pb_section fb_built=\u00a0\u00bb1&Prime; _builder_version=\u00a0\u00bb4.18.0&Prime; _module_preset=\u00a0\u00bbdefault\u00a0\u00bb min_height=\u00a0\u00bb2240px\u00a0\u00bb custom_margin=\u00a0\u00bb||-389px|||\u00a0\u00bb custom_padding=\u00a0\u00bb0px||0px|||\u00a0\u00bb da_disable_devices=\u00a0\u00bboff|off|off\u00a0\u00bb global_colors_info=\u00a0\u00bb{}\u00a0\u00bb da_is_popup=\u00a0\u00bboff\u00a0\u00bb da_exit_intent=\u00a0\u00bboff\u00a0\u00bb da_has_close=\u00a0\u00bbon\u00a0\u00bb da_alt_close=\u00a0\u00bboff\u00a0\u00bb da_dark_close=\u00a0\u00bboff\u00a0\u00bb da_not_modal=\u00a0\u00bbon\u00a0\u00bb da_is_singular=\u00a0\u00bboff\u00a0\u00bb da_with_loader=\u00a0\u00bboff\u00a0\u00bb da_has_shadow=\u00a0\u00bbon\u00a0\u00bb][et_pb_row _builder_version=\u00a0\u00bb4.16&Prime; _module_preset=\u00a0\u00bbdefault\u00a0\u00bb min_height=\u00a0\u00bb108px\u00a0\u00bb global_colors_info=\u00a0\u00bb{}\u00a0\u00bb][et_pb_column type=\u00a0\u00bb4_4&Prime; _builder_version=\u00a0\u00bb4.16&Prime; _module_preset=\u00a0\u00bbdefault\u00a0\u00bb pac_dcm_carousel_specific_module_num=\u00a0\u00bb0&Prime; global_colors_info=\u00a0\u00bb{}\u00a0\u00bb][et_pb_text _builder_version=\u00a0\u00bb4.22.2&Prime; _module_preset=\u00a0\u00bbdefault\u00a0\u00bb global_colors_info=\u00a0\u00bb{}\u00a0\u00bb]<\/p>\n<h1>Cours d&rsquo;anglais pour les professionnels de l&rsquo;\u00e9cotourisme<\/h1>\n<h3><span style=\"color: #ff0000;\"><strong>  LA P\u00c9RIODE D&rsquo;INSCRIPTION EST TERMIN\u00c9E<\/strong><\/span><\/h3>\n<p>[\/et_pb_text][\/et_pb_column][\/et_pb_row][et_pb_row column_structure=\u00a0\u00bb1_2,1_2&Prime; _builder_version=\u00a0\u00bb4.16&Prime; _module_preset=\u00a0\u00bbdefault\u00a0\u00bb min_height=\u00a0\u00bb793px\u00a0\u00bb custom_padding=\u00a0\u00bb||0px|||\u00a0\u00bb global_colors_info=\u00a0\u00bb{}\u00a0\u00bb][et_pb_column type=\u00a0\u00bb1_2&Prime; _builder_version=\u00a0\u00bb4.16&Prime; _module_preset=\u00a0\u00bbdefault\u00a0\u00bb pac_dcm_carousel_specific_module_num=\u00a0\u00bb0&Prime; global_colors_info=\u00a0\u00bb{}\u00a0\u00bb][et_pb_text _builder_version=\u00a0\u00bb4.22.2&Prime; _module_preset=\u00a0\u00bbdefault\u00a0\u00bb width=\u00a0\u00bb99%\u00a0\u00bb custom_padding=\u00a0\u00bb|||37px||\u00a0\u00bb global_colors_info=\u00a0\u00bb{}\u00a0\u00bb]<\/p>\n<p><strong>OBJECTIFS<\/strong><\/p>\n<p>AM\u00c9LIORER LES COMP\u00c9TENCES DES PROFESSIONNELS LOCAUX DE L&rsquo;\u00c9COTOURISME :<\/p>\n<ul>\n<li>Fournir aux professionnels du secteur dans la r\u00e9gion des outils linguistiques pour communiquer avec leurs clients et clients potentiels et ainsi faciliter le travail commercial et la prestation de leurs services au public anglophone.<\/li>\n<li>Que les participants quittent le cours avec un \u00ab\u00a0Menu de services\u00a0\u00bb, pr\u00e9par\u00e9 par eux-m\u00eames dans un anglais de qualit\u00e9, avec lequel ils ajoutent de la valeur \u00e0 leur entreprise touristique.<\/li>\n<\/ul>\n<p>[\/et_pb_text][et_pb_text _builder_version=\u00a0\u00bb4.22.2&Prime; _module_preset=\u00a0\u00bbdefault\u00a0\u00bb custom_padding=\u00a0\u00bb|||40px||\u00a0\u00bb global_colors_info=\u00a0\u00bb{}\u00a0\u00bb]<\/p>\n<p><strong>CIBLE<\/strong><\/p>\n<p>Les professionnels du secteur du tourisme :<\/p>\n<ul>\n<li>Guides\/interpr\u00e8tes<\/li>\n<li>Propri\u00e9taires d&rsquo;\u00e9tablissements de restauration (h\u00f4tels et restaurants)<\/li>\n<li>Fromageries<\/li>\n<li>Magasins<\/li>\n<\/ul>\n<p>[\/et_pb_text][\/et_pb_column][et_pb_column type=\u00a0\u00bb1_2&Prime; _builder_version=\u00a0\u00bb4.16&Prime; _module_preset=\u00a0\u00bbdefault\u00a0\u00bb pac_dcm_carousel_specific_module_num=\u00a0\u00bb0&Prime; global_colors_info=\u00a0\u00bb{}\u00a0\u00bb][et_pb_text _builder_version=\u00a0\u00bb4.22.2&Prime; _module_preset=\u00a0\u00bbdefault\u00a0\u00bb background_image=\u00a0\u00bbhttps:\/\/www.onisecoturismo.es\/wp-content\/uploads\/2023\/10\/fondo-curso-ingles-2.jpg\u00a0\u00bb background_blend=\u00a0\u00bbluminosity\u00a0\u00bb width=\u00a0\u00bb100%\u00a0\u00bb custom_padding=\u00a0\u00bb20px|20px|20px|20px|false|false\u00a0\u00bb hover_enabled=\u00a0\u00bb0&Prime; border_radii=\u00a0\u00bbon|6px|6px|6px|6px\u00a0\u00bb border_width_all=\u00a0\u00bb1px\u00a0\u00bb border_color_all=\u00a0\u00bb#9FB6AF\u00a0\u00bb global_colors_info=\u00a0\u00bb{}\u00a0\u00bb sticky_enabled=\u00a0\u00bb0&Prime;]<\/p>\n<p><span><strong>LIEU :<\/strong><\/span><span> Centre d&rsquo;accueil des monts du gypa\u00e8te barbu (Benia de On\u00eds)<\/span><\/p>\n<p><span><strong>DATE : <\/strong>du 13 au 24 novembre 2023 (2 semaines).<\/span><\/p>\n<p><span><strong>HEURES : <\/strong>De  <\/span><span style=\"font-size: 16px;\">10:00 \u00e0 14:00 h. Du lundi au vendredi <\/span><\/p>\n<p><strong>DUR\u00c9E :<\/strong> 50 heures<\/p>\n<p><strong>N\u00ba PARTICIPANTS :<\/strong> 9 \u00e9tudiants maximum.<\/p>\n<p><strong>ENTIT\u00c9 DE FORMATION<\/strong>: <a href=\"https:\/\/peakme.es\/\" target=\"_blank\" rel=\"noopener\">Peak Me Languages<\/a><\/p>\n<p><strong>ORGANIS\u00c9 PAR :<\/strong> Conseil municipal d&rsquo;On\u00eds et FCQ<\/p>\n<p><strong><span style=\"color: #ff0000;\">LA P\u00c9RIODE D&rsquo;INSCRIPTION EST TERMIN\u00c9E  <\/span><\/strong><\/p>\n<p><span><strong>PLUS D&rsquo;INFORMATIONS : <\/strong>Bearded Vulture Conservation Foundation (Fondation pour la conservation du gypa\u00e8te barbu)<strong><br \/>e-mail <a href=\"conchi@quebrantahuesos.org\">conchi@quebrantahuesos.org<\/a> ou Tf. 985 844 293 <br \/><\/strong><\/span>                                                <img decoding=\"async\" src=\"https:\/\/www.onisecoturismo.es\/wp-content\/uploads\/2023\/06\/Logo-FCQ-bueno-2-300x293.jpg\" width=\"83\" height=\"81\" alt=\"Logo de la FCQ\" class=\"wp-image-344652 alignnone size-medium\" srcset=\"https:\/\/www.onisecoturismo.es\/wp-content\/uploads\/2023\/06\/Logo-FCQ-bueno-2-300x293.jpg 300w, https:\/\/www.onisecoturismo.es\/wp-content\/uploads\/2023\/06\/Logo-FCQ-bueno-2.jpg 352w\" sizes=\"(max-width: 83px) 100vw, 83px\" \/><\/p>\n<p><span><strong>CRIT\u00c8RES DE S\u00c9LECTION : <\/strong> entrepreneurs et travailleurs du secteur touristique et liens avec le conseil d&rsquo;On\u00eds.<\/span><\/p>\n<p><span style=\"color: #ff0000;\">Les candidats pr\u00e9s\u00e9lectionn\u00e9s passeront au pr\u00e9alable un test de niveau.<\/span><\/p>\n<p><strong>CERTIFICATION :<\/strong> Les \u00e9tudiants recevront un certificat de participation, pour lequel ils doivent avoir assist\u00e9 \u00e0 au moins 80% des heures de cours.<\/p>\n<p>[\/et_pb_text][\/et_pb_column][\/et_pb_row][et_pb_row _builder_version=\u00a0\u00bb4.18.0&Prime; _module_preset=\u00a0\u00bbdefault\u00a0\u00bb custom_margin=\u00a0\u00bb|auto|282px|auto||\u00a0\u00bb global_colors_info=\u00a0\u00bb{}\u00a0\u00bb][et_pb_column type=\u00a0\u00bb4_4&Prime; _builder_version=\u00a0\u00bb4.18.0&Prime; _module_preset=\u00a0\u00bbdefault\u00a0\u00bb pac_dcm_carousel_specific_module_num=\u00a0\u00bb0&Prime; global_colors_info=\u00a0\u00bb{}\u00a0\u00bb][et_pb_text _builder_version=\u00a0\u00bb4.22.2&Prime; _module_preset=\u00a0\u00bbdefault\u00a0\u00bb background_color=\u00a0\u00bb#A5CFB6&Prime; min_height=\u00a0\u00bb59px\u00a0\u00bb custom_margin=\u00a0\u00bb||164px|||\u00a0\u00bb custom_padding=\u00a0\u00bb|32px||35px||\u00a0\u00bb global_colors_info=\u00a0\u00bb{}\u00a0\u00bb]<\/p>\n<h1 style=\"text-align: center;\"><strong><br \/>SOMMAIRE Qu&rsquo;apprendras-tu dans ce cours ?<\/strong><\/h1>\n<p style=\"text-align: justify;\">Le contenu couvrira ces aspects, avec suffisamment de souplesse pour int\u00e9grer les sujets qui int\u00e9ressent les participants et \u00e9liminer ceux qui ne les concernent pas en raison de la nature de leur activit\u00e9 :<\/p>\n<p style=\"text-align: justify;\">\n<ul>\n<li>Communication de base : saluer, accueillir et positionner le client + Dates, heures et informations m\u00e9t\u00e9orologiques. Les adieux <\/li>\n<li>Pr\u00e9senter des informations, conseiller et recommander<\/li>\n<li>D\u00e9crire le produit \u00e9cotouristique<\/li>\n<li>Adresses : A l&rsquo;int\u00e9rieur et \u00e0 l&rsquo;ext\u00e9rieur de l&rsquo;\u00e9tablissement.<\/li>\n<li>Explications et instructions : pr\u00e9sentation des plats et des boissons.<\/li>\n<li>Prendre la commande<\/li>\n<li>Recouvrement et paiement<\/li>\n<li>R\u00e9ception des appels t\u00e9l\u00e9phoniques et des courriels. R\u00e9servations <\/li>\n<li>H\u00f4tels et autres h\u00e9bergements<\/li>\n<li>Restaurants et bars<\/li>\n<li>Lexique d&rsquo;autres domaines d&rsquo;activit\u00e9 sp\u00e9cifiques<\/li>\n<li>Activit\u00e9s dans la nature<\/li>\n<li>Offre des informations int\u00e9ressantes sur la r\u00e9gion : \u00e9cosyst\u00e8mes, traditions et autres ressources.<\/li>\n<li>Situations d&rsquo;urgence<\/li>\n<li>Plaintes, r\u00e9clamations et excuses<\/li>\n<\/ul>\n<p>&nbsp;<\/p>\n<p>&nbsp;<\/p>\n<p>[\/et_pb_text][\/et_pb_column][\/et_pb_row][\/et_pb_section][et_pb_section fb_built=\u00a0\u00bb1&Prime; next_background_color=\u00a0\u00bb#ffffff\u00a0\u00bb _builder_version=\u00a0\u00bb4.22.2&Prime; _module_preset=\u00a0\u00bbdefault\u00a0\u00bb background_color=\u00a0\u00bbrgba(22,34,16,0.26)\u00a0\u00bb background_image=\u00a0\u00bbhttps:\/\/www.onisecoturismo.es\/wp-content\/uploads\/2023\/10\/header-curso-ingles-01-1.jpg\u00a0\u00bb background_position=\u00a0\u00bbbottom_center\u00a0\u00bb background_vertical_offset=\u00a0\u00bb36%\u00a0\u00bb background_blend=\u00a0\u00bbhue\u00a0\u00bb custom_margin=\u00a0\u00bb||-8px|||\u00a0\u00bb custom_padding=\u00a0\u00bb137px||100px||false|false\u00a0\u00bb bottom_divider_style=\u00a0\u00bbwave2&Prime; da_disable_devices=\u00a0\u00bboff|off|off\u00a0\u00bb locked=\u00a0\u00bboff\u00a0\u00bb global_colors_info=\u00a0\u00bb{}\u00a0\u00bb da_is_popup=\u00a0\u00bboff\u00a0\u00bb da_exit_intent=\u00a0\u00bboff\u00a0\u00bb da_has_close=\u00a0\u00bbon\u00a0\u00bb da_alt_close=\u00a0\u00bboff\u00a0\u00bb da_dark_close=\u00a0\u00bboff\u00a0\u00bb da_not_modal=\u00a0\u00bbon\u00a0\u00bb da_is_singular=\u00a0\u00bboff\u00a0\u00bb da_with_loader=\u00a0\u00bboff\u00a0\u00bb da_has_shadow=\u00a0\u00bbon\u00a0\u00bb][\/et_pb_section]<\/p>\n","protected":false},"excerpt":{"rendered":"<p>NIVEAU A2 et B1 &#8211; Benia de On\u00eds &#8211; INSCRIPTION EN LIGNE jusqu&rsquo;au 23 octobre.  <\/p>\n","protected":false},"author":2,"featured_media":347483,"parent":0,"menu_order":0,"comment_status":"closed","ping_status":"closed","template":"","meta":{"_acf_changed":false,"_et_pb_use_builder":"on","_et_pb_old_content":"","_et_gb_content_width":"","footnotes":""},"dipi_cpt_category":[],"class_list":["post-347481","page","type-page","status-publish","has-post-thumbnail","hentry"],"acf":[],"_links":{"self":[{"href":"https:\/\/www.onisecoturismo.es\/fr\/wp-json\/wp\/v2\/pages\/347481","targetHints":{"allow":["GET"]}}],"collection":[{"href":"https:\/\/www.onisecoturismo.es\/fr\/wp-json\/wp\/v2\/pages"}],"about":[{"href":"https:\/\/www.onisecoturismo.es\/fr\/wp-json\/wp\/v2\/types\/page"}],"author":[{"embeddable":true,"href":"https:\/\/www.onisecoturismo.es\/fr\/wp-json\/wp\/v2\/users\/2"}],"replies":[{"embeddable":true,"href":"https:\/\/www.onisecoturismo.es\/fr\/wp-json\/wp\/v2\/comments?post=347481"}],"version-history":[{"count":2,"href":"https:\/\/www.onisecoturismo.es\/fr\/wp-json\/wp\/v2\/pages\/347481\/revisions"}],"predecessor-version":[{"id":347485,"href":"https:\/\/www.onisecoturismo.es\/fr\/wp-json\/wp\/v2\/pages\/347481\/revisions\/347485"}],"wp:featuredmedia":[{"embeddable":true,"href":"https:\/\/www.onisecoturismo.es\/fr\/wp-json\/wp\/v2\/media\/347483"}],"wp:attachment":[{"href":"https:\/\/www.onisecoturismo.es\/fr\/wp-json\/wp\/v2\/media?parent=347481"}],"wp:term":[{"taxonomy":"dipi_cpt_category","embeddable":true,"href":"https:\/\/www.onisecoturismo.es\/fr\/wp-json\/wp\/v2\/dipi_cpt_category?post=347481"}],"curies":[{"name":"wp","href":"https:\/\/api.w.org\/{rel}","templated":true}]}}