{"id":342795,"date":"2022-08-12T19:02:31","date_gmt":"2022-08-12T19:02:31","guid":{"rendered":"https:\/\/www.onisecoturismo.es\/active-tourism-in-asturias\/covascares-school-i-20-tracks\/"},"modified":"2024-11-12T15:14:56","modified_gmt":"2024-11-12T14:14:56","slug":"covascares-school-i-20-tracks","status":"publish","type":"page","link":"https:\/\/www.onisecoturismo.es\/en\/active-tourism-in-asturias\/covascares-school-i-20-tracks\/","title":{"rendered":"Covascares School I 20 tracks"},"content":{"rendered":"<p>[et_pb_section fb_built=&#8221;1&#8243; _builder_version=&#8221;4.17.1&#8243; _module_preset=&#8221;default&#8221; background_color=&#8221;rgba(22,34,16,0.36)&#8221; background_image=&#8221;https:\/\/www.onisecoturismo.es\/wp-content\/uploads\/2022\/02\/cabecera-escalar-onis.jpg&#8221; background_blend=&#8221;darken&#8221; custom_padding=&#8221;30px||100px||false|false&#8221; bottom_divider_style=&#8221;wave2&#8243; bottom_divider_color=&#8221;#FFFFFF&#8221; da_disable_devices=&#8221;off|off|off&#8221; global_colors_info=&#8221;{}&#8221; da_is_popup=&#8221;off&#8221; da_exit_intent=&#8221;off&#8221; da_has_close=&#8221;on&#8221; da_alt_close=&#8221;off&#8221; da_dark_close=&#8221;off&#8221; da_not_modal=&#8221;on&#8221; da_is_singular=&#8221;off&#8221; da_with_loader=&#8221;off&#8221; da_has_shadow=&#8221;on&#8221;][et_pb_row _builder_version=&#8221;4.16&#8243; _module_preset=&#8221;default&#8221; locked=&#8221;off&#8221; global_colors_info=&#8221;{}&#8221;][et_pb_column type=&#8221;4_4&#8243; _builder_version=&#8221;4.16&#8243; _module_preset=&#8221;default&#8221; pac_dcm_carousel_specific_module_num=&#8221;0&#8243; global_colors_info=&#8221;{}&#8221;][et_pb_blurb title=&#8221;Climbing in On\u00eds&#8221; image=&#8221;https:\/\/www.onisecoturismo.es\/wp-content\/uploads\/2022\/01\/icono-escalador-RGB.png&#8221; alt=&#8221;Climbing in On\u00eds&#8221; image_icon_width=&#8221;100px&#8221; content_max_width=&#8221;100%&#8221; image_icon_width_tablet=&#8221;90px&#8221; image_icon_width_phone=&#8221;70px&#8221; image_icon_width_last_edited=&#8221;on|phone&#8221; _builder_version=&#8221;4.16&#8243; _module_preset=&#8221;default&#8221; header_level=&#8221;h1&#8243; header_font=&#8221;|800|||||||&#8221; header_text_align=&#8221;center&#8221; header_text_color=&#8221;#FFFFFF&#8221; header_font_size=&#8221;76px&#8221; body_text_align=&#8221;center&#8221; body_text_color=&#8221;#FFFFFF&#8221; body_font_size=&#8221;22px&#8221; custom_margin=&#8221;0px|0px|0px|0px|false|false&#8221; custom_padding=&#8221;0px|0px|0px|0px|false|false&#8221; header_font_size_tablet=&#8221;66px&#8221; header_font_size_phone=&#8221;42px&#8221; header_font_size_last_edited=&#8221;on|phone&#8221; global_colors_info=&#8221;{}&#8221;]<\/p>\n<p>Practice climbing in our school in Covascares.<\/p>\n<p>[\/et_pb_blurb][\/et_pb_column][\/et_pb_row][\/et_pb_section][et_pb_section fb_built=&#8221;1&#8243; _builder_version=&#8221;4.16&#8243; _module_preset=&#8221;default&#8221; background_color=&#8221;rgba(136,156,173,0.34)&#8221; use_background_color_gradient=&#8221;on&#8221; background_color_gradient_stops=&#8221;#ffffff 0%|#9fb6af 100%&#8221; background_color_gradient_start=&#8221;#ffffff&#8221; background_color_gradient_end=&#8221;#9fb6af&#8221; background_enable_image=&#8221;off&#8221; background_size=&#8221;initial&#8221; background_repeat=&#8221;repeat-x&#8221; background_blend=&#8221;soft-light&#8221; custom_margin=&#8221;0px||||false|false&#8221; custom_padding=&#8221;0px||||false|false&#8221; da_disable_devices=&#8221;off|off|off&#8221; global_colors_info=&#8221;{}&#8221; da_is_popup=&#8221;off&#8221; da_exit_intent=&#8221;off&#8221; da_has_close=&#8221;on&#8221; da_alt_close=&#8221;off&#8221; da_dark_close=&#8221;off&#8221; da_not_modal=&#8221;on&#8221; da_is_singular=&#8221;off&#8221; da_with_loader=&#8221;off&#8221; da_has_shadow=&#8221;on&#8221;][et_pb_row column_structure=&#8221;3_4,1_4&#8243; use_custom_gutter=&#8221;on&#8221; gutter_width=&#8221;1&#8243; admin_label=&#8221;Crumb Bread&#8221; _builder_version=&#8221;4.17.2&#8243; _module_preset=&#8221;default&#8221; custom_margin=&#8221;0px||0px||false|false&#8221; custom_padding=&#8221;0px||0px||false|false&#8221; custom_css_main_element=&#8221;display:flex;&#8221; global_module=&#8221;337059&#8243; global_colors_info=&#8221;{}&#8221;][et_pb_column type=&#8221;3_4&#8243; _builder_version=&#8221;4.16&#8243; _module_preset=&#8221;default&#8221; custom_css_main_element=&#8221;width:100% !important;&#8221; pac_dcm_carousel_specific_module_num=&#8221;0&#8243; global_colors_info=&#8221;{}&#8221;][\/et_pb_column][et_pb_column type=&#8221;1_4&#8243; _builder_version=&#8221;4.16&#8243; _module_preset=&#8221;default&#8221; custom_css_main_element=&#8221;width:40px !important;&#8221; pac_dcm_carousel_specific_module_num=&#8221;0&#8243; global_colors_info=&#8221;{}&#8221;][et_pb_icon font_icon=&#8221;&#xe0b7;||divi||400&#8243; icon_color=&#8221;#9FB6AF&#8221; icon_width=&#8221;20px&#8221; title_text=&#8221;Compartir&#8221; url=&#8221;#compartir&#8221; align=&#8221;right&#8221; admin_label=&#8221;Compartir en Redes Sociales&#8221; _builder_version=&#8221;4.16&#8243; _module_preset=&#8221;default&#8221; custom_margin=&#8221;5px||0px||false|false&#8221; custom_padding=&#8221;0px||0px||false|false&#8221; animation_style=&#8221;roll&#8221; global_colors_info=&#8221;{}&#8221; icon_color__hover_enabled=&#8221;on|hover&#8221; icon_color__hover=&#8221;#FCBF15&#8243;][\/et_pb_icon][\/et_pb_column][\/et_pb_row][et_pb_row _builder_version=&#8221;4.16&#8243; _module_preset=&#8221;default&#8221; background_color=&#8221;RGBA(255,255,255,0)&#8221; custom_margin=&#8221;20px||0px||false|false&#8221; custom_padding=&#8221;20px|20px|0px|20px|false|false&#8221; border_radii=&#8221;on|8px|8px|8px|8px&#8221; global_colors_info=&#8221;{}&#8221;][et_pb_column type=&#8221;4_4&#8243; _builder_version=&#8221;4.16&#8243; _module_preset=&#8221;default&#8221; pac_dcm_carousel_specific_module_num=&#8221;0&#8243; global_colors_info=&#8221;{}&#8221;][et_pb_text _builder_version=&#8221;4.16&#8243; _module_preset=&#8221;default&#8221; header_5_font=&#8221;|600|on||||||&#8221; header_5_line_height=&#8221;1.3em&#8221; custom_margin=&#8221;||0px||false|false&#8221; custom_padding=&#8221;||0px|||&#8221; locked=&#8221;off&#8221; global_colors_info=&#8221;{}&#8221;]<\/p>\n<h3><em>In a town like ours, where the rock dominates, a climbing school could not be missing.<\/em><\/h3>\n<p>With the collaboration and advice of <a href=\"https:\/\/victorsanchezguiadepicos.wordpress.com\/\" target=\"_blank\" rel=\"noopener\">V\u00edctor S\u00e1nchez, local rock climbing technician<\/a> <a href=\"https:\/\/victorsanchezguiadepicos.wordpress.com\/\" target=\"_blank\" rel=\"noopener\"><\/a> the City Council has equipped <a href=\"https:\/\/victorsanchezguiadepicos.wordpress.com\/\" target=\"_blank\" rel=\"noopener\">20 routes<\/a> in <strong>Covascares<\/strong>, in the area surrounding the <a href=\"https:\/\/www.onisecoturismo.es\/en\/discover\/gamoneu-cheese\/\">Gamon\u00e9u<\/a> de Cueva Oscuracheeseripeningcave.<\/p>\n<p>[\/et_pb_text][\/et_pb_column][\/et_pb_row][et_pb_row _builder_version=&#8221;4.16&#8243; _module_preset=&#8221;default&#8221; custom_margin=&#8221;0px||||false|false&#8221; global_colors_info=&#8221;{}&#8221;][et_pb_column type=&#8221;4_4&#8243; _builder_version=&#8221;4.16&#8243; _module_preset=&#8221;default&#8221; pac_dcm_carousel_specific_module_num=&#8221;0&#8243; global_colors_info=&#8221;{}&#8221;][dsm_icon_divider image=&#8221;https:\/\/www.onisecoturismo.es\/wp-content\/uploads\/2022\/01\/escaalador-bg-1-150&#215;150.png&#8221; image_max_width=&#8221;8%&#8221; color=&#8221;#9FB6AF&#8221; _builder_version=&#8221;4.16&#8243; _module_preset=&#8221;default&#8221; height=&#8221;80px&#8221; custom_margin=&#8221;0px||20px||false|false&#8221; custom_padding=&#8221;0px||||false|false&#8221; global_colors_info=&#8221;{}&#8221;][\/dsm_icon_divider][et_pb_image src=&#8221;https:\/\/www.onisecoturismo.es\/wp-content\/uploads\/2022\/02\/escuela_escalada_covascares.jpg&#8221; alt=&#8221;Covascares Climbing School&#8221; title_text=&#8221;escuela_escalada_covascares&#8221; align=&#8221;center&#8221; _builder_version=&#8221;4.16&#8243; _module_preset=&#8221;default&#8221; border_radii=&#8221;on|12px|12px|12px|12px&#8221; box_shadow_style=&#8221;preset2&#8243; global_colors_info=&#8221;{}&#8221;][\/et_pb_image][\/et_pb_column][\/et_pb_row][et_pb_row _builder_version=&#8221;4.16&#8243; _module_preset=&#8221;default&#8221; background_color=&#8221;#FFFFFF&#8221; custom_margin=&#8221;20px||||false|false&#8221; custom_padding=&#8221;20px|20px|20px|20px|false|false&#8221; border_radii=&#8221;on|8px|8px|8px|8px&#8221; global_colors_info=&#8221;{}&#8221;][et_pb_column type=&#8221;4_4&#8243; _builder_version=&#8221;4.16&#8243; _module_preset=&#8221;default&#8221; pac_dcm_carousel_specific_module_num=&#8221;0&#8243; global_colors_info=&#8221;{}&#8221;][et_pb_text _builder_version=&#8221;4.16&#8243; _module_preset=&#8221;default&#8221; header_5_font=&#8221;|600|on||||||&#8221; header_5_line_height=&#8221;1.3em&#8221; custom_padding=&#8221;||0px|||&#8221; locked=&#8221;off&#8221; global_colors_info=&#8221;{}&#8221;]<\/p>\n<p>The wall is south facing and overlooks the Picos de Europa. It has <strong>20 routes<\/strong> between 14 and 22 m on <strong>good abrasive rock with good grip<\/strong>. In honor of the council, the roads are named after pastures and shepherds&#8217; sheepfolds, such as Belb\u00edn, So\u00f1\u00edn, Moandi, Ario or Las Mantegas.<\/p>\n<p><strong>Difficulties<\/strong> range from <strong>V to 7b<\/strong>, up to 25 meters in length, and are equipped with M12 expanders, in addition to belays with eyebolts. With different levels of difficulty, it is <strong>suitable for all types of climbers<\/strong>.<\/p>\n<p>Access is via a <strong>well-maintained trail<\/strong> from the Av\u00edn campsite to the Cueva Rota or Cueva Oscura (Dark or Broken Cave).<\/p>\n<p>[\/et_pb_text][\/et_pb_column][\/et_pb_row][et_pb_row _builder_version=&#8221;4.17.4&#8243; _module_preset=&#8221;default&#8221; background_color=&#8221;#FFFFFF&#8221; custom_margin=&#8221;30px||||false|false&#8221; custom_padding=&#8221;0px||||false|false&#8221; border_radii=&#8221;off|||20px|20px&#8221; global_colors_info=&#8221;{}&#8221;][et_pb_column type=&#8221;4_4&#8243; _builder_version=&#8221;4.17.4&#8243; _module_preset=&#8221;default&#8221; pac_dcm_carousel_specific_module_num=&#8221;0&#8243; global_colors_info=&#8221;{}&#8221;][et_pb_code _builder_version=&#8221;4.17.4&#8243; _module_preset=&#8221;default&#8221; custom_margin=&#8221;0px||||false|false&#8221; custom_padding=&#8221;0px||||false|false&#8221; global_colors_info=&#8221;{}&#8221;]\r\n\t\t<div id=\"wpgpxmaps_342795_361259\" class=\"wpgpxmaps\">\r\n\t\t\t<div id=\"map_342795_361259_cont\" style=\"width:100%; height:450px;position:relative\" >\r\n\t\t\t\t<div id=\"map_342795_361259\" style=\"width:100%; height:450px\"><\/div>\r\n\t\t\t\t<div id=\"wpgpxmaps_342795_361259_osm_footer\" class=\"wpgpxmaps_osm_footer\" style=\"display:none;\"><span> &copy; <a href=\"http:\/\/www.openstreetmap.org\/copyright\" target=\"_blank\" rel=\"noopener\">OpenStreetMap<\/a> contributors<\/span><\/div>\r\n\t\t\t<\/div>\r\n\t\t\t<canvas id=\"myChart_342795_361259\" class=\"plot\" style=\"width:100%; height:200px\"><\/canvas>\r\n\t\t\t<div id=\"ngimages_342795_361259\" class=\"ngimages\" style=\"display:none\"><\/div>\r\n\t\t\t<div id=\"report_342795_361259\" class=\"report\"><\/div>\r\n\t\t<\/div>\r\n\t\t\r\n\t\t<script type=\"text\/javascript\">\r\n\r\n\t\t\tjQuery(document).ready(function() {\r\n\r\n\t\t\t\tjQuery( \"#wpgpxmaps_342795_361259\" ).wpgpxmaps( {\r\n\t\t\t\t\ttargetId           : \"342795_361259\",\r\n\t\t\t\t\tmapType            : \"HYBRID\",\r\n\t\t\t\t\tmapData            : [[43.3176810,-4.9294010],[43.3175650,-4.9296550],[43.3175110,-4.9297910],[43.3174070,-4.9298950],[43.3171750,-4.9299990],[43.3169280,-4.9302170],[43.3168220,-4.9303800],[43.3167450,-4.9306280],[43.3167140,-4.9308770],[43.3165820,-4.9311500],[43.3162640,-4.9314520],[43.3158510,-4.9317210],[43.3155790,-4.9317510],[43.3153150,-4.9319230],[43.3150910,-4.9320730],[43.3148700,-4.9320820],[43.3147470,-4.9319470],[43.3146060,-4.9318950],[43.3144870,-4.9318930],[43.3143660,-4.9323100],[43.3143800,-4.9327170],[43.3145180,-4.9328490],[43.3146700,-4.9330330],[43.3147590,-4.9332900],[43.3148400,-4.9336370],[43.3149560,-4.9338100],[43.3151660,-4.9339410],[43.3153410,-4.9341990],[43.3155160,-4.9344330],[43.3156590,-4.9345650],[43.3157200,-4.9346900],[43.3158310,-4.9351720],[43.3161170,-4.9356090],[43.3162970,-4.9359150],[43.3159220,-4.9361150],[43.3156540,-4.9362670],[43.3152750,-4.9363190],[43.3150440,-4.9362950],[43.3149320,-4.9363300],[43.3148610,-4.9364020],[43.3147460,-4.9364480],[43.3146230,-4.9365990],[43.3145440,-4.9367620],[43.3145040,-4.9368690],[43.3144240,-4.9368600],[43.3143140,-4.9367080],[43.3142480,-4.9365690],[43.3141750,-4.9363720]],\r\n\t\t\t\t\tgraphDist          : [0.00,24.47,37.12,51.92,80.42,114.72,133.14,155.26,176.02,204.15,250.38,302.85,333.34,366.03,393.95,418.61,436.11,452.40,465.72,508.71,541.91,561.02,583.63,606.66,636.22,655.35,681.35,710.44,738.24,757.87,770.19,812.17,862.35,895.17,940.31,973.04,1016.48,1042.78,1055.63,1066.26,1080.46,1102.75,1123.76,1134.93,1145.49,1163.39,1176.87,1194.92],\r\n\t\t\t\t\tgraphEle           : [654.55,657.75,659.51,663.31,672.06,682.61,686.90,690.58,694.27,703.66,720.72,733.83,736.84,740.58,744.01,746.01,745.92,744.41,742.88,742.96,746.65,750.64,752.66,752.25,750.00,748.01,743.71,738.04,732.04,727.69,725.84,716.35,700.30,692.28,698.46,704.16,713.85,719.15,717.71,713.61,708.67,696.07,685.01,679.53,673.88,669.46,668.24,665.78],\r\n\t\t\t\t\tgraphSpeed         : [],\r\n\t\t\t\t\tgraphHr            : [],\r\n\t\t\t\t\tgraphAtemp         : [],\r\n\t\t\t\t\tgraphCad           : [],\r\n\t\t\t\t\tgraphGrade         : [],\r\n\t\t\t\t\twaypoints          : [],\r\n\t\t\t\t\tunit               : \"0\",\r\n\t\t\t\t\tunitspeed          : \"0\",\r\n\t\t\t\t\tcolor1             : [\"#3366cc\"],\r\n\t\t\t\t\tcolor2             : \"#3366cc\",\r\n\t\t\t\t\tcolor3             : \"#ff0000\",\r\n\t\t\t\t\tcolor4             : \"#ff77bd\",\r\n\t\t\t\t\tcolor5             : \"#beecff\",\r\n\t\t\t\t\tcolor6             : \"#beecff\",\r\n\t\t\t\t\tcolor7             : \"#ff77bd\",\r\n\t\t\t\t\tchartFrom1         : \"\",\r\n\t\t\t\t\tchartTo1           : \"\",\r\n\t\t\t\t\tchartFrom2         : \"\",\r\n\t\t\t\t\tchartTo2           : \"\",\r\n\t\t\t\t\tstartIcon          : \"\",\r\n\t\t\t\t\tendIcon            : \"\",\r\n\t\t\t\t\tcurrentIcon        : \"\",\r\n\t\t\t\t\twaypointIcon       : \"\",\r\n\t\t\t\t\tcurrentpositioncon : \"\",\r\n\t\t\t\t\tusegpsposition     : \"\",\r\n\t\t\t\t\tzoomOnScrollWheel  : \"\",\r\n\t\t\t\t\tngGalleries        : [],\r\n\t\t\t\t\tngImages           : [],\r\n\t\t\t\t\tpluginUrl          : \"https:\/\/www.onisecoturismo.es\/wp-content\/plugins\",\r\n\t\t\t\t\tTFApiKey           : \"4c8db11d9f8044ec9c678d0804896147\",\r\n\t\t\t\t\tMapBoxApiKey           : \"\",\r\n\t\t\t\t\tlangs              : {\r\n\t\t\t\t\t\taltitude        : \"Altitude\",\r\n\t\t\t\t\t\tcurrentPosition : \"Current position\",\r\n\t\t\t\t\t\tspeed           : \"Speed\",\r\n\t\t\t\t\t\tgrade           : \"Grade\",\r\n\t\t\t\t\t\theartRate       : \"Heart rate\",\r\n\t\t\t\t\t\tatemp           : \"Temperature\",\r\n\t\t\t\t\t\tcadence         : \"Cadence\",\r\n\t\t\t\t\t\tgoFullScreen    : \"Go full screen\",\r\n\t\t\t\t\t\texitFullFcreen  : \"Exit full screen\",\r\n\t\t\t\t\t\thideImages      : \"Hide images\",\r\n\t\t\t\t\t\tshowImages      : \"Show images\",\r\n\t\t\t\t\t\tbackToCenter\t: \"Back to center\"\r\n\t\t\t\t\t}\r\n\t\t\t\t});\r\n\r\n\t\t\t});\r\n\r\n\t\t<\/script>[\/et_pb_code][\/et_pb_column][\/et_pb_row][et_pb_row column_structure=&#8221;1_2,1_2&#8243; _builder_version=&#8221;4.17.4&#8243; _module_preset=&#8221;default&#8221; global_colors_info=&#8221;{}&#8221;][et_pb_column type=&#8221;1_2&#8243; _builder_version=&#8221;4.17.4&#8243; _module_preset=&#8221;default&#8221; pac_dcm_carousel_specific_module_num=&#8221;0&#8243; global_colors_info=&#8221;{}&#8221;][et_pb_blurb title=&#8221;See approach route in WIKILOC&#8221; url=&#8221;https:\/\/es.wikiloc.com\/rutas-escalada\/aproximacion-escuela-de-escalada-de-covascares-onis-103264617&#8243; image=&#8221;https:\/\/www.onisecoturismo.es\/wp-content\/uploads\/2021\/12\/wikiloc-1.png&#8221; icon_placement=&#8221;left&#8221; image_icon_width=&#8221;20px&#8221; content_max_width=&#8221;100%&#8221; _builder_version=&#8221;4.17.4&#8243; _module_preset=&#8221;default&#8221; header_font_size=&#8221;15px&#8221; header_line_height=&#8221;20px&#8221; background_color=&#8221;#FFFFFF&#8221; module_alignment=&#8221;left&#8221; custom_padding=&#8221;8px|||20px|false|false&#8221; border_radii=&#8221;on|12px|12px|12px|12px&#8221; global_colors_info=&#8221;{}&#8221; background__hover_enabled=&#8221;on|desktop&#8221; background_color__hover=&#8221;#FCBF15&#8243; background_enable_color__hover=&#8221;on&#8221;][\/et_pb_blurb][dsm_button _builder_version=&#8221;4.17.4&#8243; _module_preset=&#8221;default&#8221; global_colors_info=&#8221;{}&#8221;][\/dsm_button][\/et_pb_column][et_pb_column type=&#8221;1_2&#8243; _builder_version=&#8221;4.17.4&#8243; _module_preset=&#8221;default&#8221; pac_dcm_carousel_specific_module_num=&#8221;0&#8243; global_colors_info=&#8221;{}&#8221;][et_pb_blurb title=&#8221;Calculate route to parking&#8221; url=&#8221;https:\/\/www.google.com\/maps\/dir\/\/43.31768051367479,-4.929401058098827\/@43.31768051367479,-4.929401058098827,17z\/data=!4m10!1m7!3m6!1s0x0:0x309024548e79be0a!2zNDPCsDE4JzU0LjYiTiA0wrA1NicwNi44Ilc!3b1!8m2!3d43.3151579!4d-4.9352203!4m1!3e3&#8243; image=&#8221;https:\/\/www.onisecoturismo.es\/wp-content\/uploads\/2022\/05\/google-maps.png&#8221; icon_placement=&#8221;left&#8221; image_icon_width=&#8221;20px&#8221; content_max_width=&#8221;100%&#8221; _builder_version=&#8221;4.17.4&#8243; _module_preset=&#8221;default&#8221; header_font_size=&#8221;15px&#8221; header_line_height=&#8221;20px&#8221; background_color=&#8221;#FFFFFF&#8221; module_alignment=&#8221;left&#8221; custom_padding=&#8221;8px|||20px|false|false&#8221; border_radii=&#8221;on|12px|12px|12px|12px&#8221; global_colors_info=&#8221;{}&#8221; background_color__hover=&#8221;#FCBF15&#8243; background__hover_enabled=&#8221;on|desktop&#8221; background_enable_color__hover=&#8221;on&#8221;][\/et_pb_blurb][\/et_pb_column][\/et_pb_row][\/et_pb_section][et_pb_section fb_built=&#8221;1&#8243; _builder_version=&#8221;4.16&#8243; _module_preset=&#8221;default&#8221; background_color=&#8221;RGBA(0,0,0,0)&#8221; background_image=&#8221;https:\/\/www.onisecoturismo.es\/wp-content\/uploads\/2022\/02\/textura-piedra-caliza.jpg&#8221; top_divider_style=&#8221;waves&#8221; top_divider_color=&#8221;#9FB6AF&#8221; top_divider_height=&#8221;31px&#8221; bottom_divider_style=&#8221;waves2&#8243; bottom_divider_color=&#8221;#ffffff&#8221; background_last_edited=&#8221;off|desktop&#8221; da_disable_devices=&#8221;off|off|off&#8221; locked=&#8221;off&#8221; global_colors_info=&#8221;{}&#8221; da_is_popup=&#8221;off&#8221; da_exit_intent=&#8221;off&#8221; da_has_close=&#8221;on&#8221; da_alt_close=&#8221;off&#8221; da_dark_close=&#8221;off&#8221; da_not_modal=&#8221;on&#8221; da_is_singular=&#8221;off&#8221; da_with_loader=&#8221;off&#8221; da_has_shadow=&#8221;on&#8221;][et_pb_row column_structure=&#8221;1_2,1_2&#8243; _builder_version=&#8221;4.16&#8243; _module_preset=&#8221;default&#8221; background_color=&#8221;rgba(22,34,16,0.55)&#8221; custom_margin=&#8221;50px||50px||false|false&#8221; custom_padding=&#8221;||||false|false&#8221; border_radii=&#8221;on|12px|12px|12px|12px&#8221; locked=&#8221;off&#8221; global_colors_info=&#8221;{}&#8221;][et_pb_column type=&#8221;1_2&#8243; _builder_version=&#8221;4.16&#8243; _module_preset=&#8221;default&#8221; pac_dcm_carousel_specific_module_num=&#8221;0&#8243; global_colors_info=&#8221;{}&#8221;][et_pb_text _builder_version=&#8221;4.16&#8243; _module_preset=&#8221;default&#8221; text_text_color=&#8221;#FFFFFF&#8221; header_3_font=&#8221;|700|||||||&#8221; header_3_text_align=&#8221;center&#8221; header_3_text_color=&#8221;#FFFFFF&#8221; text_orientation=&#8221;center&#8221; custom_margin=&#8221;||||false|false&#8221; custom_padding=&#8221;|20px||20px|false|false&#8221; global_colors_info=&#8221;{}&#8221;]<\/p>\n<h3>Characteristics and Recommendations<\/h3>\n<p>S-SW orientation. Avoid hot summer days.<\/p>\n<p>20 lanes. Difficulties between V and 7b.<\/p>\n<p>The use of helmets is recommended, as there may be goats moving rocks.<\/p>\n<p>An anchor line is needed to pass the rope.<em><\/em><\/p>\n<p>[\/et_pb_text][\/et_pb_column][et_pb_column type=&#8221;1_2&#8243; _builder_version=&#8221;4.16&#8243; _module_preset=&#8221;default&#8221; pac_dcm_carousel_specific_module_num=&#8221;0&#8243; global_colors_info=&#8221;{}&#8221;][et_pb_text _builder_version=&#8221;4.16&#8243; _module_preset=&#8221;default&#8221; text_text_color=&#8221;#FFFFFF&#8221; header_3_font=&#8221;|700|||||||&#8221; header_3_text_align=&#8221;center&#8221; header_3_text_color=&#8221;#FFFFFF&#8221; text_orientation=&#8221;center&#8221; custom_margin=&#8221;||||false|false&#8221; custom_padding=&#8221;|20px||20px|false|false&#8221; global_colors_info=&#8221;{}&#8221;]<\/p>\n<h3>Access and parking<\/h3>\n<p style=\"text-align: center;\">Access by track from the Av\u00edn Campsite.<br \/>NOT suitable for caravans, both for the type of road surface and the width of the pass.<br \/>The track and parking area are shared with the livestock farmers and cheese makers. It is important not to park next to the entrance, as it is a passing area for vehicles with trailers. Be respectful of the local inhabitants!<\/p>\n<p>[\/et_pb_text][\/et_pb_column][\/et_pb_row][\/et_pb_section]<\/p>\n","protected":false},"excerpt":{"rendered":"<p>Between 14 and 22 m. DIFFICULTY: V to 7b. M12 expanders and eyebolt hangers. Access from Cueva Oscura<\/p>\n","protected":false},"author":1,"featured_media":344896,"parent":342782,"menu_order":0,"comment_status":"closed","ping_status":"closed","template":"","meta":{"_acf_changed":false,"_et_pb_use_builder":"on","_et_pb_old_content":"","_et_gb_content_width":"","footnotes":""},"dipi_cpt_category":[],"class_list":["post-342795","page","type-page","status-publish","has-post-thumbnail","hentry"],"acf":[],"_links":{"self":[{"href":"https:\/\/www.onisecoturismo.es\/en\/wp-json\/wp\/v2\/pages\/342795","targetHints":{"allow":["GET"]}}],"collection":[{"href":"https:\/\/www.onisecoturismo.es\/en\/wp-json\/wp\/v2\/pages"}],"about":[{"href":"https:\/\/www.onisecoturismo.es\/en\/wp-json\/wp\/v2\/types\/page"}],"author":[{"embeddable":true,"href":"https:\/\/www.onisecoturismo.es\/en\/wp-json\/wp\/v2\/users\/1"}],"replies":[{"embeddable":true,"href":"https:\/\/www.onisecoturismo.es\/en\/wp-json\/wp\/v2\/comments?post=342795"}],"version-history":[{"count":3,"href":"https:\/\/www.onisecoturismo.es\/en\/wp-json\/wp\/v2\/pages\/342795\/revisions"}],"predecessor-version":[{"id":348001,"href":"https:\/\/www.onisecoturismo.es\/en\/wp-json\/wp\/v2\/pages\/342795\/revisions\/348001"}],"up":[{"embeddable":true,"href":"https:\/\/www.onisecoturismo.es\/en\/wp-json\/wp\/v2\/pages\/342782"}],"wp:featuredmedia":[{"embeddable":true,"href":"https:\/\/www.onisecoturismo.es\/en\/wp-json\/wp\/v2\/media\/344896"}],"wp:attachment":[{"href":"https:\/\/www.onisecoturismo.es\/en\/wp-json\/wp\/v2\/media?parent=342795"}],"wp:term":[{"taxonomy":"dipi_cpt_category","embeddable":true,"href":"https:\/\/www.onisecoturismo.es\/en\/wp-json\/wp\/v2\/dipi_cpt_category?post=342795"}],"curies":[{"name":"wp","href":"https:\/\/api.w.org\/{rel}","templated":true}]}}