{"id":342684,"date":"2022-08-12T15:12:04","date_gmt":"2022-08-12T15:12:04","guid":{"rendered":"https:\/\/www.onisecoturismo.es\/enjoy\/pepins-route\/"},"modified":"2024-11-08T14:02:10","modified_gmt":"2024-11-08T13:02:10","slug":"pepins-route","status":"publish","type":"page","link":"https:\/\/www.onisecoturismo.es\/en\/enjoy\/pepins-route\/","title":{"rendered":"Pep\u00edn&#8217;s Route"},"content":{"rendered":"<p>[et_pb_section fb_built=&#8221;1&#8243; fullwidth=&#8221;on&#8221; next_background_color=&#8221;#ffffff&#8221; _builder_version=&#8221;4.16&#8243; _module_preset=&#8221;default&#8221; background_image=&#8221;https:\/\/www.onisecoturismo.es\/wp-content\/uploads\/2022\/02\/cabecera-ruta-pepin.jpg&#8221; bottom_divider_style=&#8221;curve2&#8243; bottom_divider_height=&#8221;60px&#8221; da_disable_devices=&#8221;off|off|off&#8221; global_colors_info=&#8221;{}&#8221; da_is_popup=&#8221;off&#8221; da_exit_intent=&#8221;off&#8221; da_has_close=&#8221;on&#8221; da_alt_close=&#8221;off&#8221; da_dark_close=&#8221;off&#8221; da_not_modal=&#8221;on&#8221; da_is_singular=&#8221;off&#8221; da_with_loader=&#8221;off&#8221; da_has_shadow=&#8221;on&#8221;][et_pb_fullwidth_header title=&#8221;Pep\u00edn&#039;s Route&#8221; subhead=&#8221;Get to know the most rural Asturias&#8221; text_orientation=&#8221;center&#8221; _builder_version=&#8221;4.16&#8243; _module_preset=&#8221;default&#8221; title_font=&#8221;|700|||||||&#8221; subhead_font=&#8221;|600|on||||||&#8221; subhead_text_color=&#8221;#e2e2e2&#8243; subhead_font_size=&#8221;19px&#8221; background_color=&#8221;rgba(22,34,16,0.5)&#8221; custom_padding=&#8221;||60px||false|false&#8221; animation_style=&#8221;fade&#8221; animation_duration=&#8221;1500ms&#8221; animation_delay=&#8221;1000ms&#8221; custom_css_subtitle=&#8221;padding-bottom:20px;&#8221; global_colors_info=&#8221;{}&#8221;][\/et_pb_fullwidth_header][\/et_pb_section][et_pb_section fb_built=&#8221;1&#8243; _builder_version=&#8221;4.16&#8243; _module_preset=&#8221;default&#8221; background_enable_color=&#8221;off&#8221; use_background_color_gradient=&#8221;on&#8221; background_color_gradient_stops=&#8221;rgba(255,255,255,0) 0%|#ffffff 100%&#8221; background_color_gradient_start=&#8221;rgba(255,255,255,0)&#8221; background_color_gradient_end=&#8221;#ffffff&#8221; background_image=&#8221;https:\/\/www.onisecoturismo.es\/wp-content\/uploads\/2022\/02\/fondo-suave.png&#8221; background_position=&#8221;top_center&#8221; background_blend=&#8221;lighten&#8221; custom_padding=&#8221;30px||20px||false|false&#8221; da_disable_devices=&#8221;off|off|off&#8221; global_colors_info=&#8221;{}&#8221; da_is_popup=&#8221;off&#8221; da_exit_intent=&#8221;off&#8221; da_has_close=&#8221;on&#8221; da_alt_close=&#8221;off&#8221; da_dark_close=&#8221;off&#8221; da_not_modal=&#8221;on&#8221; da_is_singular=&#8221;off&#8221; da_with_loader=&#8221;off&#8221; da_has_shadow=&#8221;on&#8221;][et_pb_row column_structure=&#8221;3_4,1_4&#8243; use_custom_gutter=&#8221;on&#8221; gutter_width=&#8221;1&#8243; admin_label=&#8221;Crumb Bread&#8221; _builder_version=&#8221;4.17.2&#8243; _module_preset=&#8221;default&#8221; custom_margin=&#8221;0px||0px||false|false&#8221; custom_padding=&#8221;0px||0px||false|false&#8221; custom_css_main_element=&#8221;display:flex;&#8221; global_module=&#8221;337059&#8243; global_colors_info=&#8221;{}&#8221;][et_pb_column type=&#8221;3_4&#8243; _builder_version=&#8221;4.16&#8243; _module_preset=&#8221;default&#8221; custom_css_main_element=&#8221;width:100% !important;&#8221; pac_dcm_carousel_specific_module_num=&#8221;0&#8243; global_colors_info=&#8221;{}&#8221;][\/et_pb_column][et_pb_column type=&#8221;1_4&#8243; _builder_version=&#8221;4.16&#8243; _module_preset=&#8221;default&#8221; custom_css_main_element=&#8221;width:40px !important;&#8221; pac_dcm_carousel_specific_module_num=&#8221;0&#8243; global_colors_info=&#8221;{}&#8221;][et_pb_icon font_icon=&#8221;&#xe0b7;||divi||400&#8243; icon_color=&#8221;#9FB6AF&#8221; icon_width=&#8221;20px&#8221; title_text=&#8221;Compartir&#8221; url=&#8221;#compartir&#8221; align=&#8221;right&#8221; admin_label=&#8221;Compartir en Redes Sociales&#8221; _builder_version=&#8221;4.16&#8243; _module_preset=&#8221;default&#8221; custom_margin=&#8221;5px||0px||false|false&#8221; custom_padding=&#8221;0px||0px||false|false&#8221; animation_style=&#8221;roll&#8221; global_colors_info=&#8221;{}&#8221; icon_color__hover_enabled=&#8221;on|hover&#8221; icon_color__hover=&#8221;#FCBF15&#8243;][\/et_pb_icon][\/et_pb_column][\/et_pb_row][et_pb_row _builder_version=&#8221;4.16&#8243; _module_preset=&#8221;default&#8221; custom_padding=&#8221;40px||5px||false|false&#8221; locked=&#8221;off&#8221; global_colors_info=&#8221;{}&#8221;][et_pb_column type=&#8221;4_4&#8243; _builder_version=&#8221;4.16&#8243; _module_preset=&#8221;default&#8221; pac_dcm_carousel_specific_module_num=&#8221;0&#8243; global_colors_info=&#8221;{}&#8221;][et_pb_text _builder_version=&#8221;4.16&#8243; _module_preset=&#8221;default&#8221; header_2_text_color=&#8221;#526962&#8243; custom_padding=&#8221;0px||0px||false|false&#8221; global_colors_info=&#8221;{}&#8221;]<\/p>\n<h3><strong>What does it consist of?<br \/><\/strong><\/h3>\n<p>[\/et_pb_text][\/et_pb_column][\/et_pb_row][et_pb_row column_structure=&#8221;1_2,1_2&#8243; _builder_version=&#8221;4.16&#8243; _module_preset=&#8221;default&#8221; custom_padding=&#8221;20px||5px||false|false&#8221; locked=&#8221;off&#8221; global_colors_info=&#8221;{}&#8221;][et_pb_column type=&#8221;1_2&#8243; _builder_version=&#8221;4.16&#8243; _module_preset=&#8221;default&#8221; pac_dcm_carousel_specific_module_num=&#8221;0&#8243; global_colors_info=&#8221;{}&#8221;][et_pb_video src=&#8221;https:\/\/www.youtube.com\/watch?v=48kcKVxu4mQ&#8221; _builder_version=&#8221;4.16&#8243; _module_preset=&#8221;default&#8221; border_radii=&#8221;on|12px|12px|12px|12px&#8221; global_colors_info=&#8221;{}&#8221;][\/et_pb_video][\/et_pb_column][et_pb_column type=&#8221;1_2&#8243; _builder_version=&#8221;4.16&#8243; _module_preset=&#8221;default&#8221; pac_dcm_carousel_specific_module_num=&#8221;0&#8243; global_colors_info=&#8221;{}&#8221;][et_pb_text _builder_version=&#8221;4.17.0&#8243; _module_preset=&#8221;default&#8221; header_5_line_height=&#8221;1.4em&#8221; custom_padding=&#8221;||5px||false|false&#8221; global_colors_info=&#8221;{}&#8221;]<\/p>\n<h5>Do you want to immerse yourself in the authentic rural life of Asturias with Pep\u00edn?<\/h5>\n<p>You will learn, be in contact with animals, walk among meadows, drink cider and eat Gamon\u00e9u cheese and other local delicacies.<\/p>\n<p><strong>A RURAL EXPERIENCE YOU WILL NEVER FORGET!<\/strong><\/p>\n<p>[\/et_pb_text][\/et_pb_column][\/et_pb_row][et_pb_row column_structure=&#8221;1_2,1_2&#8243; make_equal=&#8221;on&#8221; _builder_version=&#8221;4.16&#8243; _module_preset=&#8221;default&#8221; global_colors_info=&#8221;{}&#8221;][et_pb_column type=&#8221;1_2&#8243; _builder_version=&#8221;4.16&#8243; _module_preset=&#8221;default&#8221; pac_dcm_carousel_specific_module_num=&#8221;0&#8243; global_colors_info=&#8221;{}&#8221;][et_pb_text _builder_version=&#8221;4.16&#8243; _module_preset=&#8221;default&#8221; background_color=&#8221;rgba(255,255,255,0.49)&#8221; background_image=&#8221;https:\/\/www.onisecoturismo.es\/wp-content\/uploads\/2022\/02\/textura-oveja.jpg&#8221; background_blend=&#8221;lighten&#8221; height=&#8221;100%&#8221; custom_padding=&#8221;20px|20px|20px|20px|false|false&#8221; border_radii=&#8221;on|12px|12px|12px|12px&#8221; border_width_all=&#8221;2px&#8221; border_color_all=&#8221;#9FB6AF&#8221; global_colors_info=&#8221;{}&#8221;]<\/p>\n<p><strong>Where?<\/strong><\/p>\n<p>In Sirviella, a small village 1 km from Benia de On\u00eds and 14 km from Cangas de On\u00eds.<\/p>\n<p><strong>How long does it last? <\/strong>3 hours<\/p>\n<p><strong>When can it be done? <\/strong>In June, July, August and September<\/p>\n<p><strong>In which languages? <\/strong>In Spanish<\/p>\n<p><strong>Is it accessible? <\/strong>No<\/p>\n<p><strong>Is it suitable for families with children? <\/strong>Yes<\/p>\n<p>[\/et_pb_text][\/et_pb_column][et_pb_column type=&#8221;1_2&#8243; _builder_version=&#8221;4.16&#8243; _module_preset=&#8221;default&#8221; pac_dcm_carousel_specific_module_num=&#8221;0&#8243; global_colors_info=&#8221;{}&#8221;][supreme_leaflet_map use_custom_latlng=&#8221;on&#8221; address_custom_lat=&#8221;43.341152&#8243; address_custom_lng=&#8221;-4.9845847&#8243; _builder_version=&#8221;4.16&#8243; _module_preset=&#8221;default&#8221; height=&#8221;360px&#8221; custom_margin=&#8221;||0px||false|false&#8221; custom_padding=&#8221;||0px||false|false&#8221; locked=&#8221;off&#8221; global_colors_info=&#8221;{}&#8221;][supreme_leaflet_map_item pin_address=&#8221;La Ruta de Pep\u00edn&#8221; use_custom_latlng=&#8221;on&#8221; address_custom_lat=&#8221;43.341152&#8243; address_custom_lng=&#8221;-4.9845847&#8243; use_marker_custom=&#8221;on&#8221; marker_icon_src=&#8221;https:\/\/www.onisecoturismo.es\/wp-content\/uploads\/2021\/11\/icono-mapa-onis.png&#8221; marker_width=&#8221;36&#8243; _builder_version=&#8221;4.16&#8243; _module_preset=&#8221;default&#8221; global_colors_info=&#8221;{}&#8221;][\/supreme_leaflet_map_item][\/supreme_leaflet_map][\/et_pb_column][\/et_pb_row][\/et_pb_section][et_pb_section fb_built=&#8221;1&#8243; _builder_version=&#8221;4.16&#8243; _module_preset=&#8221;default&#8221; background_color=&#8221;rgba(164,207,192,0.3)&#8221; background_image=&#8221;https:\/\/www.onisecoturismo.es\/wp-content\/uploads\/2022\/02\/fondo-suave.png&#8221; custom_padding=&#8221;20px||20px||false|false&#8221; da_disable_devices=&#8221;off|off|off&#8221; global_colors_info=&#8221;{}&#8221; da_is_popup=&#8221;off&#8221; da_exit_intent=&#8221;off&#8221; da_has_close=&#8221;on&#8221; da_alt_close=&#8221;off&#8221; da_dark_close=&#8221;off&#8221; da_not_modal=&#8221;on&#8221; da_is_singular=&#8221;off&#8221; da_with_loader=&#8221;off&#8221; da_has_shadow=&#8221;on&#8221;][et_pb_row column_structure=&#8221;1_3,1_3,1_3&#8243; _builder_version=&#8221;4.16&#8243; _module_preset=&#8221;default&#8221; global_colors_info=&#8221;{}&#8221;][et_pb_column type=&#8221;1_3&#8243; _builder_version=&#8221;4.16&#8243; _module_preset=&#8221;default&#8221; pac_dcm_carousel_specific_module_num=&#8221;0&#8243; global_colors_info=&#8221;{}&#8221;][et_pb_icon font_icon=&#8221;&#xf02b;||fa||900&#8243; icon_width=&#8221;30px&#8221; align=&#8221;left&#8221; _builder_version=&#8221;4.16&#8243; _module_preset=&#8221;default&#8221; custom_margin=&#8221;0px||0px||false|false&#8221; custom_padding=&#8221;||10px||false|false&#8221; global_colors_info=&#8221;{}&#8221;][\/et_pb_icon][et_pb_text _builder_version=&#8221;4.25.2&#8243; _module_preset=&#8221;default&#8221; global_colors_info=&#8221;{}&#8221;]<\/p>\n<p><strong>Prices:<\/strong><br \/>Adult (+13 years): 28 \u20ac \/ person<br \/>Child (from 4 to 12 years): 14 \u20ac \/ person<br \/>Children up to 3 years: Free of charge<\/p>\n<p>[\/et_pb_text][\/et_pb_column][et_pb_column type=&#8221;1_3&#8243; _builder_version=&#8221;4.16&#8243; _module_preset=&#8221;default&#8221; pac_dcm_carousel_specific_module_num=&#8221;0&#8243; global_colors_info=&#8221;{}&#8221;][et_pb_icon font_icon=&#8221;&#xf0ea;||fa||900&#8243; icon_width=&#8221;30px&#8221; align=&#8221;left&#8221; _builder_version=&#8221;4.16&#8243; _module_preset=&#8221;default&#8221; custom_margin=&#8221;0px||0px||false|false&#8221; custom_padding=&#8221;||10px||false|false&#8221; global_colors_info=&#8221;{}&#8221;][\/et_pb_icon][et_pb_text _builder_version=&#8221;4.21.0&#8243; _module_preset=&#8221;default&#8221; global_colors_info=&#8221;{}&#8221;]<\/p>\n<p><strong>The activity includes:<br \/><\/strong><\/p>\n<ul>\n<li>Guided tour of 1 km through the village of Sirviella<\/li>\n<li>Visit to a local breeds farm<\/li>\n<li>Visit to a shepherd&#8217;s hut<\/li>\n<li>Visit to a cider mill for the production of homemade cider<\/li>\n<li>Cider tasting<\/li>\n<li>Espicha type meal based on rations<\/li>\n<\/ul>\n<p>&nbsp;<\/p>\n<p>[\/et_pb_text][\/et_pb_column][et_pb_column type=&#8221;1_3&#8243; _builder_version=&#8221;4.16&#8243; _module_preset=&#8221;default&#8221; pac_dcm_carousel_specific_module_num=&#8221;0&#8243; global_colors_info=&#8221;{}&#8221;][et_pb_icon font_icon=&#8221;&#xf073;||fa||400&#8243; icon_width=&#8221;30px&#8221; align=&#8221;left&#8221; _builder_version=&#8221;4.16&#8243; _module_preset=&#8221;default&#8221; custom_margin=&#8221;0px||0px||false|false&#8221; custom_padding=&#8221;||10px||false|false&#8221; global_colors_info=&#8221;{}&#8221;][\/et_pb_icon][et_pb_text _builder_version=&#8221;4.27.2&#8243; _module_preset=&#8221;default&#8221; hover_enabled=&#8221;0&#8243; global_colors_info=&#8221;{}&#8221; sticky_enabled=&#8221;0&#8243;]<\/p>\n<p><strong>Opening hours:<\/strong><br \/><span style=\"text-decoration: underline;\">July and August<\/span><br \/>Every day<br \/>Morning: 11:00 a.m. to 3:00 p.m.<\/p>\n<p><span style=\"text-decoration: underline;\">September 1 to 15<\/span><br \/>Reservations on demand<\/p>\n<p><strong>Advance reservation required<\/strong><\/p>\n<p>[\/et_pb_text][\/et_pb_column][\/et_pb_row][\/et_pb_section][et_pb_section fb_built=&#8221;1&#8243; _builder_version=&#8221;4.16&#8243; _module_preset=&#8221;default&#8221; background_enable_color=&#8221;off&#8221; use_background_color_gradient=&#8221;on&#8221; background_color_gradient_stops=&#8221;rgba(255,255,255,0) 0%|#ffffff 100%&#8221; background_color_gradient_start=&#8221;rgba(255,255,255,0)&#8221; background_color_gradient_end=&#8221;#ffffff&#8221; background_image=&#8221;https:\/\/www.onisecoturismo.es\/wp-content\/uploads\/2022\/02\/fondo-suave.png&#8221; background_position=&#8221;top_center&#8221; background_blend=&#8221;lighten&#8221; custom_padding=&#8221;30px||20px||false|false&#8221; da_disable_devices=&#8221;off|off|off&#8221; global_colors_info=&#8221;{}&#8221; da_is_popup=&#8221;off&#8221; da_exit_intent=&#8221;off&#8221; da_has_close=&#8221;on&#8221; da_alt_close=&#8221;off&#8221; da_dark_close=&#8221;off&#8221; da_not_modal=&#8221;on&#8221; da_is_singular=&#8221;off&#8221; da_with_loader=&#8221;off&#8221; da_has_shadow=&#8221;on&#8221;][\/et_pb_section][et_pb_section fb_built=&#8221;1&#8243; prev_background_color=&#8221;#ffffff&#8221; next_background_color=&#8221;#ffffff&#8221; _builder_version=&#8221;4.16&#8243; _module_preset=&#8221;default&#8221; background_color=&#8221;rgba(22,34,16,0.5)&#8221; background_image=&#8221;https:\/\/www.onisecoturismo.es\/wp-content\/uploads\/2022\/02\/botellas_sidra_textura.jpg&#8221; background_repeat=&#8221;repeat&#8221; background_blend=&#8221;darken&#8221; top_divider_style=&#8221;wave&#8221; top_divider_style_tablet=&#8221;wave&#8221; top_divider_style_phone=&#8221;wave&#8221; top_divider_style_last_edited=&#8221;on|desktop&#8221; top_divider_height_tablet=&#8221;75px&#8221; top_divider_height_phone=&#8221;45px&#8221; top_divider_height_last_edited=&#8221;on|phone&#8221; bottom_divider_style=&#8221;waves2&#8243; bottom_divider_flip=&#8221;horizontal&#8221; bottom_divider_height_tablet=&#8221;70px&#8221; bottom_divider_height_phone=&#8221;44px&#8221; bottom_divider_height_last_edited=&#8221;on|phone&#8221; da_disable_devices=&#8221;off|off|off&#8221; global_colors_info=&#8221;{}&#8221; da_is_popup=&#8221;off&#8221; da_exit_intent=&#8221;off&#8221; da_has_close=&#8221;on&#8221; da_alt_close=&#8221;off&#8221; da_dark_close=&#8221;off&#8221; da_not_modal=&#8221;on&#8221; da_is_singular=&#8221;off&#8221; da_with_loader=&#8221;off&#8221; da_has_shadow=&#8221;on&#8221;][et_pb_row _builder_version=&#8221;4.16&#8243; _module_preset=&#8221;default&#8221; global_colors_info=&#8221;{}&#8221;][et_pb_column type=&#8221;4_4&#8243; _builder_version=&#8221;4.16&#8243; _module_preset=&#8221;default&#8221; pac_dcm_carousel_specific_module_num=&#8221;0&#8243; global_colors_info=&#8221;{}&#8221;][et_pb_text _builder_version=&#8221;4.16&#8243; _module_preset=&#8221;default&#8221; header_3_text_align=&#8221;center&#8221; header_3_text_color=&#8221;#FFFFFF&#8221; header_3_font_size=&#8221;39px&#8221; custom_padding=&#8221;100px||20px||false|false&#8221; global_colors_info=&#8221;{}&#8221;]<\/p>\n<h3><strong>Get into the Asturian culture<br \/><\/strong><\/h3>\n<p>[\/et_pb_text][et_pb_text _builder_version=&#8221;4.16&#8243; _module_preset=&#8221;default&#8221; text_text_color=&#8221;#FFFFFF&#8221; custom_margin=&#8221;||100px||false|false&#8221; global_colors_info=&#8221;{}&#8221;]<\/p>\n<p style=\"text-align: center;\">YOU CAN&#8217;T MISS IT IF&#8230;<\/p>\n<p>You want to know firsthand how cider is made, what a h\u00f3rreo is used for or if you are interested in everything related to the breeding of native breeds. And if you also like to taste the typical gastronomy of the places where you go, in Pep\u00edn&#8217;s Route you will also taste tortos, Gamon\u00e9u cheese, choricines in cider and much more!<\/p>\n<p style=\"text-align: center;\"><span style=\"color: #ffffff;\"> <\/span><\/p>\n<p>[\/et_pb_text][\/et_pb_column][\/et_pb_row][\/et_pb_section][et_pb_section fb_built=&#8221;1&#8243; _builder_version=&#8221;4.16&#8243; _module_preset=&#8221;default&#8221; da_disable_devices=&#8221;off|off|off&#8221; global_colors_info=&#8221;{}&#8221; da_is_popup=&#8221;off&#8221; da_exit_intent=&#8221;off&#8221; da_has_close=&#8221;on&#8221; da_alt_close=&#8221;off&#8221; da_dark_close=&#8221;off&#8221; da_not_modal=&#8221;on&#8221; da_is_singular=&#8221;off&#8221; da_with_loader=&#8221;off&#8221; da_has_shadow=&#8221;on&#8221;][et_pb_row use_custom_gutter=&#8221;on&#8221; gutter_width=&#8221;1&#8243; _builder_version=&#8221;4.16&#8243; _module_preset=&#8221;default&#8221; width=&#8221;100%&#8221; max_width=&#8221;94%&#8221; locked=&#8221;off&#8221; global_colors_info=&#8221;{}&#8221;][et_pb_column type=&#8221;4_4&#8243; _builder_version=&#8221;4.16&#8243; _module_preset=&#8221;default&#8221; pac_dcm_carousel_specific_module_num=&#8221;0&#8243; global_colors_info=&#8221;{}&#8221;][dsm_card_carousel speed=&#8221;1500&#8243; autoplay_speed=&#8221;4000&#8243; arrow_color=&#8221;#9FB6AF&#8221; arrow_background_color=&#8221;#FFFFFF&#8221; dots=&#8221;off&#8221; admin_label=&#8221;Carrusel de fotos&#8221; _builder_version=&#8221;4.16&#8243; _module_preset=&#8221;default&#8221; custom_margin=&#8221;0px|0px|0px|0px|false|false&#8221; custom_padding=&#8221;0px|0px|0px|0px|false|false&#8221; global_colors_info=&#8221;{}&#8221;][dsm_card_carousel_child admin_label=&#8221;Photo&#8221; image=&#8221;https:\/\/www.onisecoturismo.es\/wp-content\/uploads\/2022\/02\/ruta-de-pepin-01.jpg&#8221; image_as_background=&#8221;off&#8221; image_popup=&#8221;on&#8221; image_popup_src=&#8221;https:\/\/www.onisecoturismo.es\/wp-content\/uploads\/2022\/02\/ruta-de-pepin-01.jpg&#8221; alt=&#8221;Pep\u00edn&#039;s Route&#8221; button_url_new_window=&#8221;1&#8243; _builder_version=&#8221;4.16&#8243; _module_preset=&#8221;default&#8221; border_radii_image=&#8221;on|6px|6px|6px|6px&#8221; global_colors_info=&#8221;{}&#8221; parent_button=&#8221;off&#8221; parent_header_level=&#8221;h4&#8243;][\/dsm_card_carousel_child][dsm_card_carousel_child admin_label=&#8221;Photo&#8221; image=&#8221;https:\/\/www.onisecoturismo.es\/wp-content\/uploads\/2022\/02\/ruta-de-pepin-02.jpg&#8221; image_as_background=&#8221;off&#8221; image_popup=&#8221;on&#8221; image_popup_src=&#8221;https:\/\/www.onisecoturismo.es\/wp-content\/uploads\/2022\/02\/ruta-de-pepin-02.jpg&#8221; badge_text=&#8221;An activity for the whole family&#8221; alt=&#8221;Ruta de Pep\u00edn Sirviella&#8221; button_url_new_window=&#8221;1&#8243; _builder_version=&#8221;4.16&#8243; _module_preset=&#8221;default&#8221; border_radii_image=&#8221;on|6px|6px|6px|6px&#8221; global_colors_info=&#8221;{}&#8221; parent_button=&#8221;off&#8221; parent_header_level=&#8221;h4&#8243;][\/dsm_card_carousel_child][dsm_card_carousel_child admin_label=&#8221;Photo&#8221; image=&#8221;https:\/\/www.onisecoturismo.es\/wp-content\/uploads\/2022\/02\/ruta-de-pepin-03.jpg&#8221; image_as_background=&#8221;off&#8221; image_popup=&#8221;on&#8221; image_popup_src=&#8221;https:\/\/www.onisecoturismo.es\/wp-content\/uploads\/2022\/02\/ruta-de-pepin-03.jpg&#8221; alt=&#8221;Pep\u00edn Pouring Cider&#8221; button_url_new_window=&#8221;1&#8243; _builder_version=&#8221;4.16&#8243; _module_preset=&#8221;default&#8221; border_radii_image=&#8221;on|6px|6px|6px|6px&#8221; global_colors_info=&#8221;{}&#8221; parent_button=&#8221;off&#8221; parent_header_level=&#8221;h4&#8243;][\/dsm_card_carousel_child][\/dsm_card_carousel][\/et_pb_column][\/et_pb_row][\/et_pb_section][et_pb_section fb_built=&#8221;1&#8243; _builder_version=&#8221;4.16&#8243; _module_preset=&#8221;default&#8221; da_disable_devices=&#8221;off|off|off&#8221; global_colors_info=&#8221;{}&#8221; da_is_popup=&#8221;off&#8221; da_exit_intent=&#8221;off&#8221; da_has_close=&#8221;on&#8221; da_alt_close=&#8221;off&#8221; da_dark_close=&#8221;off&#8221; da_not_modal=&#8221;on&#8221; da_is_singular=&#8221;off&#8221; da_with_loader=&#8221;off&#8221; da_has_shadow=&#8221;on&#8221;][et_pb_row column_structure=&#8221;1_4,1_4,1_2&#8243; _builder_version=&#8221;4.16&#8243; _module_preset=&#8221;default&#8221; global_colors_info=&#8221;{}&#8221;][et_pb_column type=&#8221;1_4&#8243; _builder_version=&#8221;4.16&#8243; _module_preset=&#8221;default&#8221; pac_dcm_carousel_specific_module_num=&#8221;0&#8243; border_width_right=&#8221;2px&#8221; border_color_right=&#8221;#526962&#8243; global_colors_info=&#8221;{}&#8221;][et_pb_text _builder_version=&#8221;4.16&#8243; _module_preset=&#8221;default&#8221; header_3_font_size=&#8221;31px&#8221; global_colors_info=&#8221;{}&#8221;]<\/p>\n<h3 style=\"text-align: center;\"><strong>Information<\/strong><br \/><strong>and Reservations<\/strong><\/h3>\n<p>[\/et_pb_text][\/et_pb_column][et_pb_column type=&#8221;1_4&#8243; _builder_version=&#8221;4.16&#8243; _module_preset=&#8221;default&#8221; pac_dcm_carousel_specific_module_num=&#8221;0&#8243; global_colors_info=&#8221;{}&#8221;][et_pb_text _builder_version=&#8221;4.16&#8243; _module_preset=&#8221;default&#8221; global_colors_info=&#8221;{}&#8221;]<\/p>\n<p><strong>Pep\u00edn&#8217;s Route<\/strong><br \/><a href=\"https:\/\/pepin.es\/\" target=\"_blank\" rel=\"noopener\">www.pepin.es<\/a><\/p>\n<p>Sirviella<br \/><a href=\"https:\/\/www.google.com\/maps\/dir\/\/Granja+La+Oveja+Feliz,+La+Torraya,+Sirviella,+33556+Benia+de+On%C3%ADs,+Asturias\/@43.3412364,-4.9846424,17z\/data=!4m8!4m7!1m0!1m5!1m1!1s0xd49df6b34484b6b:0x1bf0cf3d4ae2b3fd!2m2!1d-4.9824537!2d43.3412364\" target=\"_blank\" rel=\"noopener\">How to get there<\/a><\/p>\n<p>608 78 47 63<br \/>pepinsirviella@gmail.com<\/p>\n<p>[\/et_pb_text][et_pb_button button_url=&#8221;https:\/\/www.google.com\/maps\/dir\/\/La+Ruta+de+Pep%C3%ADn,+Sirviella,+8,+33556+Benia+de+On%C3%ADs,+Asturias\/@43.341152,-4.9845847,17z\/data=!4m8!4m7!1m0!1m5!1m1!1s0xd49de7c053369a3:0xdb5b6852a3670ad3!2m2!1d-4.982396!2d43.341152&#8243; url_new_window=&#8221;on&#8221; button_text=&#8221;Calculate route&#8221; button_alignment=&#8221;left&#8221; _builder_version=&#8221;4.16&#8243; _module_preset=&#8221;default&#8221; custom_button=&#8221;on&#8221; button_text_size=&#8221;14px&#8221; button_text_color=&#8221;#FFFFFF&#8221; button_bg_color=&#8221;#9FB6AF&#8221; button_border_width=&#8221;0px&#8221; button_border_radius=&#8221;16px&#8221; button_icon=&#8221;&#xf1b9;||fa||900&#8243; button_icon_placement=&#8221;left&#8221; button_on_hover=&#8221;off&#8221; locked=&#8221;off&#8221; global_colors_info=&#8221;{}&#8221; button_bg_color__hover_enabled=&#8221;on|desktop&#8221; button_bg_color__hover=&#8221;#FCBF15&#8243; button_bg_enable_color__hover=&#8221;on&#8221;][\/et_pb_button][\/et_pb_column][et_pb_column type=&#8221;1_2&#8243; _builder_version=&#8221;4.16&#8243; _module_preset=&#8221;default&#8221; pac_dcm_carousel_specific_module_num=&#8221;0&#8243; global_colors_info=&#8221;{}&#8221;][et_pb_image src=&#8221;https:\/\/www.onisecoturismo.es\/wp-content\/uploads\/2022\/02\/logo-ruta-pepin.jpg&#8221; alt=&#8221;Pep\u00edn&#039;s Route&#8221; title_text=&#8221;logo-route-pepin&#8221; _builder_version=&#8221;4.16&#8243; _module_preset=&#8221;default&#8221; max_height=&#8221;200px&#8221; global_colors_info=&#8221;{}&#8221;][\/et_pb_image][\/et_pb_column][\/et_pb_row][\/et_pb_section]<\/p>\n","protected":false},"excerpt":{"rendered":"<p>Get to know La Ruta de Pep\u00edn and immerse yourself in the authentic rural life of Asturias. Learn how cider is made, what a h\u00f3rreo is used for and related to the breeding of autochthonous breeds. Ideal for families. In Sirviella, On\u00eds, Asturias.<\/p>\n","protected":false},"author":1,"featured_media":337522,"parent":342664,"menu_order":0,"comment_status":"closed","ping_status":"closed","template":"","meta":{"_acf_changed":false,"_et_pb_use_builder":"on","_et_pb_old_content":"","_et_gb_content_width":"","footnotes":""},"dipi_cpt_category":[],"class_list":["post-342684","page","type-page","status-publish","has-post-thumbnail","hentry"],"acf":[],"_links":{"self":[{"href":"https:\/\/www.onisecoturismo.es\/en\/wp-json\/wp\/v2\/pages\/342684","targetHints":{"allow":["GET"]}}],"collection":[{"href":"https:\/\/www.onisecoturismo.es\/en\/wp-json\/wp\/v2\/pages"}],"about":[{"href":"https:\/\/www.onisecoturismo.es\/en\/wp-json\/wp\/v2\/types\/page"}],"author":[{"embeddable":true,"href":"https:\/\/www.onisecoturismo.es\/en\/wp-json\/wp\/v2\/users\/1"}],"replies":[{"embeddable":true,"href":"https:\/\/www.onisecoturismo.es\/en\/wp-json\/wp\/v2\/comments?post=342684"}],"version-history":[{"count":5,"href":"https:\/\/www.onisecoturismo.es\/en\/wp-json\/wp\/v2\/pages\/342684\/revisions"}],"predecessor-version":[{"id":347693,"href":"https:\/\/www.onisecoturismo.es\/en\/wp-json\/wp\/v2\/pages\/342684\/revisions\/347693"}],"up":[{"embeddable":true,"href":"https:\/\/www.onisecoturismo.es\/en\/wp-json\/wp\/v2\/pages\/342664"}],"wp:featuredmedia":[{"embeddable":true,"href":"https:\/\/www.onisecoturismo.es\/en\/wp-json\/wp\/v2\/media\/337522"}],"wp:attachment":[{"href":"https:\/\/www.onisecoturismo.es\/en\/wp-json\/wp\/v2\/media?parent=342684"}],"wp:term":[{"taxonomy":"dipi_cpt_category","embeddable":true,"href":"https:\/\/www.onisecoturismo.es\/en\/wp-json\/wp\/v2\/dipi_cpt_category?post=342684"}],"curies":[{"name":"wp","href":"https:\/\/api.w.org\/{rel}","templated":true}]}}