{"id":342619,"date":"2022-08-12T14:29:11","date_gmt":"2022-08-12T14:29:11","guid":{"rendered":"https:\/\/www.onisecoturismo.es\/discover\/"},"modified":"2022-09-08T16:06:02","modified_gmt":"2022-09-08T16:06:02","slug":"discover","status":"publish","type":"page","link":"https:\/\/www.onisecoturismo.es\/en\/discover\/","title":{"rendered":"Discover"},"content":{"rendered":"<p>[et_pb_section fb_built=&#8221;1&#8243; next_background_color=&#8221;#ffffff&#8221; _builder_version=&#8221;4.16&#8243; _module_preset=&#8221;default&#8221; background_image=&#8221;https:\/\/www.onisecoturismo.es\/wp-content\/uploads\/2022\/01\/cabecera-descubre.jpg&#8221; custom_padding=&#8221;30px||100px||false|false&#8221; bottom_divider_style=&#8221;wave2&#8243; da_disable_devices=&#8221;off|off|off&#8221; locked=&#8221;off&#8221; global_colors_info=&#8221;{}&#8221; da_is_popup=&#8221;off&#8221; da_exit_intent=&#8221;off&#8221; da_has_close=&#8221;on&#8221; da_alt_close=&#8221;off&#8221; da_dark_close=&#8221;off&#8221; da_not_modal=&#8221;on&#8221; da_is_singular=&#8221;off&#8221; da_with_loader=&#8221;off&#8221; da_has_shadow=&#8221;on&#8221;][et_pb_row _builder_version=&#8221;4.16&#8243; _module_preset=&#8221;default&#8221; global_colors_info=&#8221;{}&#8221;][et_pb_column type=&#8221;4_4&#8243; _builder_version=&#8221;4.16&#8243; _module_preset=&#8221;default&#8221; pac_dcm_carousel_specific_module_num=&#8221;0&#8243; global_colors_info=&#8221;{}&#8221;][et_pb_blurb title=&#8221;Discover On\u00eds&#8221; image=&#8221;https:\/\/www.onisecoturismo.es\/wp-content\/uploads\/2021\/09\/Color-Pastor.png&#8221; alt=&#8221;Routes in On\u00eds&#8221; image_icon_width=&#8221;100px&#8221; content_max_width=&#8221;100%&#8221; _builder_version=&#8221;4.17.1&#8243; _module_preset=&#8221;default&#8221; header_level=&#8221;h1&#8243; header_font=&#8221;|800|||||||&#8221; header_text_align=&#8221;center&#8221; header_text_color=&#8221;#FFFFFF&#8221; header_font_size=&#8221;76px&#8221; body_text_align=&#8221;center&#8221; body_text_color=&#8221;#FFFFFF&#8221; body_font_size=&#8221;22px&#8221; custom_margin=&#8221;0px|0px|0px|0px|false|false&#8221; custom_padding=&#8221;0px|0px|0px|0px|false|false&#8221; header_font_size_tablet=&#8221;76px&#8221; header_font_size_phone=&#8221;56px&#8221; header_font_size_last_edited=&#8221;on|phone&#8221; global_colors_info=&#8221;{}&#8221;]<\/p>\n<p>Tradition, nature and culture to be discovered in Picos de Europa<\/p>\n<p>[\/et_pb_blurb][\/et_pb_column][\/et_pb_row][\/et_pb_section][et_pb_section fb_built=&#8221;1&#8243; _builder_version=&#8221;4.16&#8243; _module_preset=&#8221;default&#8221; background_enable_color=&#8221;off&#8221; use_background_color_gradient=&#8221;on&#8221; background_color_gradient_stops=&#8221;rgba(255,255,255,0) 0%|#ffffff 100%&#8221; background_color_gradient_start=&#8221;rgba(255,255,255,0)&#8221; background_color_gradient_end=&#8221;#ffffff&#8221; background_image=&#8221;https:\/\/www.onisecoturismo.es\/wp-content\/uploads\/2022\/02\/fondo-suave.png&#8221; background_position=&#8221;top_center&#8221; background_blend=&#8221;lighten&#8221; custom_margin=&#8221;||0px||false|false&#8221; custom_padding=&#8221;0px||0px||false|false&#8221; da_disable_devices=&#8221;off|off|off&#8221; locked=&#8221;off&#8221; global_colors_info=&#8221;{}&#8221; da_is_popup=&#8221;off&#8221; da_exit_intent=&#8221;off&#8221; da_has_close=&#8221;on&#8221; da_alt_close=&#8221;off&#8221; da_dark_close=&#8221;off&#8221; da_not_modal=&#8221;on&#8221; da_is_singular=&#8221;off&#8221; da_with_loader=&#8221;off&#8221; da_has_shadow=&#8221;on&#8221;][et_pb_row column_structure=&#8221;3_4,1_4&#8243; use_custom_gutter=&#8221;on&#8221; gutter_width=&#8221;1&#8243; admin_label=&#8221;Crumb Bread&#8221; _builder_version=&#8221;4.17.2&#8243; _module_preset=&#8221;default&#8221; custom_margin=&#8221;0px||0px||false|false&#8221; custom_padding=&#8221;0px||0px||false|false&#8221; custom_css_main_element=&#8221;display:flex;&#8221; global_module=&#8221;337059&#8243; global_colors_info=&#8221;{}&#8221;][et_pb_column type=&#8221;3_4&#8243; _builder_version=&#8221;4.16&#8243; _module_preset=&#8221;default&#8221; custom_css_main_element=&#8221;width:100% !important;&#8221; pac_dcm_carousel_specific_module_num=&#8221;0&#8243; global_colors_info=&#8221;{}&#8221;][lwp_divi_breadcrumbs home_text=&#8221;Home&#8221; link_color=&#8221;#526962&#8243; separator_color=&#8221;#526962&#8243; current_text_color=&#8221;#526962&#8243; _builder_version=&#8221;4.17.0&#8243; _module_preset=&#8221;default&#8221; module_font_size=&#8221;14px&#8221; global_colors_info=&#8221;{}&#8221;][\/lwp_divi_breadcrumbs][\/et_pb_column][et_pb_column type=&#8221;1_4&#8243; _builder_version=&#8221;4.16&#8243; _module_preset=&#8221;default&#8221; custom_css_main_element=&#8221;width:40px !important;&#8221; pac_dcm_carousel_specific_module_num=&#8221;0&#8243; global_colors_info=&#8221;{}&#8221;][et_pb_icon font_icon=&#8221;\ue0b7||divi||400&#8243; icon_color=&#8221;#9FB6AF&#8221; icon_width=&#8221;20px&#8221; title_text=&#8221;Compartir&#8221; url=&#8221;#compartir&#8221; align=&#8221;right&#8221; admin_label=&#8221;Compartir en Redes Sociales&#8221; _builder_version=&#8221;4.16&#8243; _module_preset=&#8221;default&#8221; custom_margin=&#8221;5px||0px||false|false&#8221; custom_padding=&#8221;0px||0px||false|false&#8221; animation_style=&#8221;roll&#8221; global_colors_info=&#8221;{}&#8221; icon_color__hover_enabled=&#8221;on|hover&#8221; icon_color__hover=&#8221;#FCBF15&#8243;][\/et_pb_icon][\/et_pb_column][\/et_pb_row][et_pb_row _builder_version=&#8221;4.16&#8243; _module_preset=&#8221;default&#8221; global_colors_info=&#8221;{}&#8221;][et_pb_column type=&#8221;4_4&#8243; _builder_version=&#8221;4.16&#8243; _module_preset=&#8221;default&#8221; pac_dcm_carousel_specific_module_num=&#8221;0&#8243; global_colors_info=&#8221;{}&#8221;][et_pb_text _builder_version=&#8221;4.17.1&#8243; _module_preset=&#8221;default&#8221; global_colors_info=&#8221;{}&#8221;]<\/p>\n<h3>On\u00eds, hidden in the heart of the Picos de Europa is a destination to discover. It is nature in its purest state, from the valley of the G\u00fce\u00f1a river to the peaks of the Corni\u00f3n massif, and it is the millenary culture of its shepherds and Gamon\u00e9u cheese.<\/h3>\n<p>[\/et_pb_text][dsm_icon_divider image=&#8221;https:\/\/www.onisecoturismo.es\/wp-content\/uploads\/2022\/02\/adorno-bellotas-1.png&#8221; image_max_width=&#8221;15%&#8221; color=&#8221;#526962&#8243; image_max_width_tablet=&#8221;15%&#8221; image_max_width_phone=&#8221;32%&#8221; image_max_width_last_edited=&#8221;on|phone&#8221; _builder_version=&#8221;4.16&#8243; _module_preset=&#8221;default&#8221; custom_margin=&#8221;0px||0px||false|false&#8221; custom_padding=&#8221;||0px||false|false&#8221; hover_enabled=&#8221;0&#8243; global_colors_info=&#8221;{}&#8221; sticky_enabled=&#8221;0&#8243;][\/dsm_icon_divider][\/et_pb_column][\/et_pb_row][et_pb_row _builder_version=&#8221;4.17.1&#8243; _module_preset=&#8221;default&#8221; width=&#8221;100%&#8221; max_width=&#8221;1280px&#8221; locked=&#8221;off&#8221; global_colors_info=&#8221;{}&#8221;][et_pb_column type=&#8221;4_4&#8243; _builder_version=&#8221;4.16&#8243; _module_preset=&#8221;default&#8221; pac_dcm_carousel_specific_module_num=&#8221;0&#8243; global_colors_info=&#8221;{}&#8221;][dsm_card_carousel slider_effect=&#8221;coverflow&#8221; slider_effect_coverflow_depth=&#8221;120&#8243; centered_slides=&#8221;on&#8221; autoplay_speed=&#8221;4000&#8243; pause_on_hover=&#8221;on&#8221; space_between=&#8221;30&#8243; equal_height=&#8221;on&#8221; use_arrow_custom_position=&#8221;on&#8221; arrow_size=&#8221;20px&#8221; arrow_color=&#8221;#ffffff&#8221; arrow_background_color=&#8221;#9FB6AF&#8221; dots_active_color=&#8221;#526962&#8243; grab=&#8221;off&#8221; slide_to_show_tablet=&#8221;2&#8243; slide_to_show_phone=&#8221;1&#8243; slide_to_show_last_edited=&#8221;on|phone&#8221; space_between_tablet=&#8221;30&#8243; space_between_phone=&#8221;20&#8243; space_between_last_edited=&#8221;on|phone&#8221; arrows_tablet=&#8221;off&#8221; arrows_phone=&#8221;off&#8221; arrows_last_edited=&#8221;on|desktop&#8221; arrow_custom_position_tablet=&#8221;&#8221; arrow_custom_position_phone=&#8221;15px&#8221; arrow_custom_position_last_edited=&#8221;on|tablet&#8221; arrow_size_tablet=&#8221;&#8221; arrow_size_phone=&#8221;16px&#8221; arrow_size_last_edited=&#8221;on|phone&#8221; _builder_version=&#8221;4.17.1&#8243; header_font=&#8221;Montserrat|800|||||||&#8221; body_font=&#8221;Lato||||||||&#8221; custom_padding=&#8221;30px||30px||true|false&#8221; custom_padding_tablet=&#8221;30px||30px||true|false&#8221; custom_padding_phone=&#8221;|30px||30px|true|false&#8221; custom_padding_last_edited=&#8221;on|phone&#8221; hover_enabled=&#8221;0&#8243; border_radii_arrow=&#8221;on|50px|50px|50px|50px&#8221; border_radii_card=&#8221;on|6px|6px|6px|6px&#8221; box_shadow_style_arrow=&#8221;preset2&#8243; box_shadow_color_arrow=&#8221;rgba(159,182,175,0.77)&#8221; box_shadow_style_card=&#8221;preset2&#8243; global_colors_info=&#8221;{}&#8221; sticky_enabled=&#8221;0&#8243;][dsm_card_carousel_child title=&#8221;The Valley and our Villages&#8221; image=&#8221;https:\/\/www.onisecoturismo.es\/wp-content\/uploads\/2022\/01\/ES0460-Valle-la-Molina.jpg&#8221; image_background_animation=&#8221;zoom_in&#8221; alt=&#8221;La Molina Valley&#8221; button_text=&#8221;More information&#8221; button_url_new_window=&#8221;1&#8243; _builder_version=&#8221;4.17.1&#8243; _dynamic_attributes=&#8221;link_option_url&#8221; background_color=&#8221;#f4f4f4&#8243; background_enable_color=&#8221;on&#8221; custom_button=&#8221;on&#8221; button_text_size=&#8221;14px&#8221; button_text_color=&#8221;#526962&#8243; button_bg_color=&#8221;#FCBF15&#8243; button_border_color=&#8221;RGBA(255,255,255,0)&#8221; button_border_radius=&#8221;50px&#8221; button_font=&#8221;|700|||||||&#8221; button_icon=&#8221;&#x35;||divi||400&#8243; button_icon_color=&#8221;#526962&#8243; button_alignment=&#8221;left&#8221; button_custom_padding=&#8221;10px|30px|10px|30px|true|true&#8221; link_option_url=&#8221;@ET-DC@eyJkeW5hbWljIjp0cnVlLCJjb250ZW50IjoicG9zdF9saW5rX3VybF9wYWdlIiwic2V0dGluZ3MiOnsicG9zdF9pZCI6IjMzNjgxNyJ9fQ==@&#8221; box_shadow_style_button=&#8221;preset2&#8243; box_shadow_spread_button=&#8221;-7px&#8221; box_shadow_color_button=&#8221;rgba(131,0,233,0.18)&#8221; global_colors_info=&#8221;{}&#8221; button_bg_color__hover_enabled=&#8221;off|hover&#8221; button_bg_color__hover=&#8221;#00ede1&#8243; button_bg_enable_color__hover=&#8221;on&#8221; button_border_color__hover_enabled=&#8221;off|hover&#8221; button_border_color__hover=&#8221;#00ede1&#8243; parent_button=&#8221;off&#8221; parent_header_level=&#8221;h4&#8243;]<\/p>\n<h5>On\u00eds is a high altitude municipality. Here the relief only relaxes in the valley of the river G\u00fce\u00f1a, which runs through the municipality from east to west, receiving its tributaries on its journey to the river Sella.<\/h5>\n<p>[\/dsm_card_carousel_child][dsm_card_carousel_child title=&#8221;Our Mountains&#8221; image=&#8221;https:\/\/www.onisecoturismo.es\/wp-content\/uploads\/2022\/04\/ruta_alta_montana_refugio_vega_ario.jpg&#8221; image_background_animation=&#8221;zoom_in&#8221; button_text=&#8221;More information&#8221; button_url_new_window=&#8221;1&#8243; _builder_version=&#8221;4.17.1&#8243; _dynamic_attributes=&#8221;link_option_url&#8221; background_color=&#8221;#f4f4f4&#8243; background_enable_color=&#8221;on&#8221; custom_button=&#8221;on&#8221; button_text_size=&#8221;14px&#8221; button_text_color=&#8221;#526962&#8243; button_bg_color=&#8221;#FCBF15&#8243; button_border_color=&#8221;RGBA(255,255,255,0)&#8221; button_border_radius=&#8221;50px&#8221; button_font=&#8221;|700|||||||&#8221; button_icon_color=&#8221;#526962&#8243; button_alignment=&#8221;left&#8221; button_custom_padding=&#8221;10px|30px|10px|30px|true|true&#8221; link_option_url=&#8221;@ET-DC@eyJkeW5hbWljIjp0cnVlLCJjb250ZW50IjoicG9zdF9saW5rX3VybF9wYWdlIiwic2V0dGluZ3MiOnsicG9zdF9pZCI6IjMzNzQ3NyJ9fQ==@&#8221; box_shadow_style_button=&#8221;preset2&#8243; box_shadow_spread_button=&#8221;-7px&#8221; box_shadow_color_button=&#8221;rgba(131,0,233,0.18)&#8221; global_colors_info=&#8221;{}&#8221; button_bg_color__hover_enabled=&#8221;off|hover&#8221; button_bg_color__hover=&#8221;#00ede1&#8243; button_bg_enable_color__hover=&#8221;on&#8221; button_border_color__hover_enabled=&#8221;off|hover&#8221; button_border_color__hover=&#8221;#00ede1&#8243; parent_button=&#8221;off&#8221; parent_header_level=&#8221;h4&#8243;]<\/p>\n<h5>We are a mountain territory, to the south we are escorted by the great peaks of the western massif of the Picos de Europa and to the north by the Sierra del Hibeu, in the foothills of the Sierra del Cuera. <\/h5>\n<p>[\/dsm_card_carousel_child][dsm_card_carousel_child title=&#8221;The heart of the Picos de Europa&#8221; image=&#8221;https:\/\/www.onisecoturismo.es\/wp-content\/uploads\/2022\/03\/picos_europa_cabecera.jpg&#8221; image_background_animation=&#8221;zoom_in&#8221; button_text=&#8221;More information&#8221; button_url_new_window=&#8221;1&#8243; _builder_version=&#8221;4.17.1&#8243; _dynamic_attributes=&#8221;link_option_url&#8221; background_color=&#8221;#f4f4f4&#8243; background_enable_color=&#8221;on&#8221; custom_button=&#8221;on&#8221; button_text_size=&#8221;14px&#8221; button_text_color=&#8221;#526962&#8243; button_bg_color=&#8221;#FCBF15&#8243; button_border_color=&#8221;RGBA(255,255,255,0)&#8221; button_border_radius=&#8221;50px&#8221; button_font=&#8221;|700|||||||&#8221; button_icon_color=&#8221;#526962&#8243; button_alignment=&#8221;left&#8221; button_custom_padding=&#8221;10px|30px|10px|30px|true|true&#8221; link_option_url=&#8221;@ET-DC@eyJkeW5hbWljIjp0cnVlLCJjb250ZW50IjoicG9zdF9saW5rX3VybF9wYWdlIiwic2V0dGluZ3MiOnsicG9zdF9pZCI6IjMzNzc0OCJ9fQ==@&#8221; box_shadow_style_button=&#8221;preset2&#8243; box_shadow_spread_button=&#8221;-7px&#8221; box_shadow_color_button=&#8221;rgba(131,0,233,0.18)&#8221; global_colors_info=&#8221;{}&#8221; button_bg_color__hover_enabled=&#8221;off|hover&#8221; button_bg_color__hover=&#8221;#00ede1&#8243; button_bg_enable_color__hover=&#8221;on&#8221; button_border_color__hover_enabled=&#8221;off|hover&#8221; button_border_color__hover=&#8221;#00ede1&#8243; parent_button=&#8221;off&#8221; parent_header_level=&#8221;h4&#8243;]<\/p>\n<h5>On\u00eds is part of the Picos de Europa, the highest peaks of Asturias, beautiful limestone mountains that the Marquis of Villaviciosa managed to have declared as the first National Park of the country.<\/h5>\n<p>[\/dsm_card_carousel_child][dsm_card_carousel_child title=&#8221;Shepherds and Gamon\u00e9u Cheese&#8221; image=&#8221;https:\/\/www.onisecoturismo.es\/wp-content\/uploads\/2022\/03\/Fco_MARQUEZ_-pastores.jpg&#8221; image_background_animation=&#8221;zoom_in&#8221; button_text=&#8221;More information&#8221; button_url_new_window=&#8221;1&#8243; _builder_version=&#8221;4.17.1&#8243; _dynamic_attributes=&#8221;link_option_url&#8221; background_color=&#8221;#f4f4f4&#8243; background_enable_color=&#8221;on&#8221; custom_button=&#8221;on&#8221; button_text_size=&#8221;14px&#8221; button_text_color=&#8221;#526962&#8243; button_bg_color=&#8221;#FCBF15&#8243; button_border_color=&#8221;RGBA(255,255,255,0)&#8221; button_border_radius=&#8221;50px&#8221; button_font=&#8221;|700|||||||&#8221; button_icon_color=&#8221;#526962&#8243; button_alignment=&#8221;left&#8221; button_custom_padding=&#8221;10px|30px|10px|30px|true|true&#8221; link_option_url=&#8221;@ET-DC@eyJkeW5hbWljIjp0cnVlLCJjb250ZW50IjoicG9zdF9saW5rX3VybF9wYWdlIiwic2V0dGluZ3MiOnsicG9zdF9pZCI6IjMzODQ3NiJ9fQ==@&#8221; box_shadow_style_button=&#8221;preset2&#8243; box_shadow_spread_button=&#8221;-7px&#8221; box_shadow_color_button=&#8221;rgba(131,0,233,0.18)&#8221; global_colors_info=&#8221;{}&#8221; button_bg_color__hover_enabled=&#8221;off|hover&#8221; button_bg_color__hover=&#8221;#00ede1&#8243; button_bg_enable_color__hover=&#8221;on&#8221; button_border_color__hover_enabled=&#8221;off|hover&#8221; button_border_color__hover=&#8221;#00ede1&#8243; parent_button=&#8221;off&#8221; parent_header_level=&#8221;h4&#8243;]<\/p>\n<h5>In the rugged landscapes of the Picos de Europa, among peaks of more than 2,000 meters, the shepherds of On\u00eds keep a heroic livestock.<\/h5>\n<p>[\/dsm_card_carousel_child][dsm_card_carousel_child title=&#8221;Our culture&#8221; image=&#8221;https:\/\/www.onisecoturismo.es\/wp-content\/uploads\/2022\/03\/cultura_etnografia.jpg&#8221; image_background_animation=&#8221;zoom_in&#8221; button_text=&#8221;More information&#8221; button_url_new_window=&#8221;1&#8243; _builder_version=&#8221;4.17.1&#8243; _dynamic_attributes=&#8221;link_option_url&#8221; background_color=&#8221;#f4f4f4&#8243; background_enable_color=&#8221;on&#8221; custom_button=&#8221;on&#8221; button_text_size=&#8221;14px&#8221; button_text_color=&#8221;#526962&#8243; button_bg_color=&#8221;#FCBF15&#8243; button_border_color=&#8221;RGBA(255,255,255,0)&#8221; button_border_radius=&#8221;50px&#8221; button_font=&#8221;|700|||||||&#8221; button_icon_color=&#8221;#526962&#8243; button_alignment=&#8221;left&#8221; button_custom_padding=&#8221;10px|30px|10px|30px|true|true&#8221; link_option_url=&#8221;@ET-DC@eyJkeW5hbWljIjp0cnVlLCJjb250ZW50IjoicG9zdF9saW5rX3VybF9wYWdlIiwic2V0dGluZ3MiOnsicG9zdF9pZCI6IjMzOTI3MSJ9fQ==@&#8221; box_shadow_style_button=&#8221;preset2&#8243; box_shadow_spread_button=&#8221;-7px&#8221; box_shadow_color_button=&#8221;rgba(131,0,233,0.18)&#8221; global_colors_info=&#8221;{}&#8221; button_bg_color__hover_enabled=&#8221;off|hover&#8221; button_bg_color__hover=&#8221;#00ede1&#8243; button_bg_enable_color__hover=&#8221;on&#8221; button_border_color__hover_enabled=&#8221;off|hover&#8221; button_border_color__hover=&#8221;#00ede1&#8243; parent_button=&#8221;off&#8221; parent_header_level=&#8221;h4&#8243;]<\/p>\n<h5>In the center of the region of the Picos de Europa, Onis remains little overcrowded, preserving its essence, a secret destination in which to enjoy the authentic Asturian rural culture.<\/h5>\n<p>[\/dsm_card_carousel_child][\/dsm_card_carousel][\/et_pb_column][\/et_pb_row][\/et_pb_section]<\/p>\n","protected":false},"excerpt":{"rendered":"<p>Discover On\u00eds, hidden in the heart of the Picos de Europa, Asturias, is a destination to discover. Nature in its purest state.<\/p>\n","protected":false},"author":1,"featured_media":0,"parent":0,"menu_order":0,"comment_status":"closed","ping_status":"closed","template":"","meta":{"_acf_changed":false,"_et_pb_use_builder":"on","_et_pb_old_content":"","_et_gb_content_width":"","footnotes":""},"dipi_cpt_category":[],"class_list":["post-342619","page","type-page","status-publish","hentry"],"acf":[],"_links":{"self":[{"href":"https:\/\/www.onisecoturismo.es\/en\/wp-json\/wp\/v2\/pages\/342619","targetHints":{"allow":["GET"]}}],"collection":[{"href":"https:\/\/www.onisecoturismo.es\/en\/wp-json\/wp\/v2\/pages"}],"about":[{"href":"https:\/\/www.onisecoturismo.es\/en\/wp-json\/wp\/v2\/types\/page"}],"author":[{"embeddable":true,"href":"https:\/\/www.onisecoturismo.es\/en\/wp-json\/wp\/v2\/users\/1"}],"replies":[{"embeddable":true,"href":"https:\/\/www.onisecoturismo.es\/en\/wp-json\/wp\/v2\/comments?post=342619"}],"version-history":[{"count":0,"href":"https:\/\/www.onisecoturismo.es\/en\/wp-json\/wp\/v2\/pages\/342619\/revisions"}],"wp:attachment":[{"href":"https:\/\/www.onisecoturismo.es\/en\/wp-json\/wp\/v2\/media?parent=342619"}],"wp:term":[{"taxonomy":"dipi_cpt_category","embeddable":true,"href":"https:\/\/www.onisecoturismo.es\/en\/wp-json\/wp\/v2\/dipi_cpt_category?post=342619"}],"curies":[{"name":"wp","href":"https:\/\/api.w.org\/{rel}","templated":true}]}}