{"id":342607,"date":"2022-08-12T14:20:07","date_gmt":"2022-08-12T14:20:07","guid":{"rendered":"https:\/\/www.onisecoturismo.es\/ecotourism-informant-and-guide-course\/"},"modified":"2024-11-07T12:56:25","modified_gmt":"2024-11-07T11:56:25","slug":"ecotourism-informant-and-guide-course","status":"publish","type":"page","link":"https:\/\/www.onisecoturismo.es\/en\/ecotourism-informant-and-guide-course\/","title":{"rendered":"Ecotourism Informant and Guide Course"},"content":{"rendered":"<p>[et_pb_section fb_built=&#8221;1&#8243; _builder_version=&#8221;4.16&#8243; _module_preset=&#8221;default&#8221; global_colors_info=&#8221;{}&#8221; da_is_popup=&#8221;off&#8221; da_exit_intent=&#8221;off&#8221; da_has_close=&#8221;on&#8221; da_alt_close=&#8221;off&#8221; da_dark_close=&#8221;off&#8221; da_not_modal=&#8221;on&#8221; da_is_singular=&#8221;off&#8221; da_with_loader=&#8221;off&#8221; da_has_shadow=&#8221;on&#8221; da_disable_devices=&#8221;off|off|off&#8221;][et_pb_row _builder_version=&#8221;4.16&#8243; _module_preset=&#8221;default&#8221; global_colors_info=&#8221;{}&#8221;][et_pb_column type=&#8221;4_4&#8243; _builder_version=&#8221;4.16&#8243; _module_preset=&#8221;default&#8221; pac_dcm_carousel_specific_module_num=&#8221;0&#8243; global_colors_info=&#8221;{}&#8221;][et_pb_text _builder_version=&#8221;4.16&#8243; _module_preset=&#8221;default&#8221; global_colors_info=&#8221;{}&#8221;]<\/p>\n<h1>Ecotourism Informant and Guide Course<\/h1>\n<p><span style=\"font-size: x-large; color: #753333;\">Registration closed<\/span><\/p>\n<p>[\/et_pb_text][\/et_pb_column][\/et_pb_row][et_pb_row column_structure=&#8221;1_2,1_2&#8243; _builder_version=&#8221;4.16&#8243; _module_preset=&#8221;default&#8221; global_colors_info=&#8221;{}&#8221;][et_pb_column type=&#8221;1_2&#8243; _builder_version=&#8221;4.16&#8243; _module_preset=&#8221;default&#8221; pac_dcm_carousel_specific_module_num=&#8221;0&#8243; global_colors_info=&#8221;{}&#8221;][et_pb_text _builder_version=&#8221;4.16&#8243; _module_preset=&#8221;default&#8221; global_colors_info=&#8221;{}&#8221;]<\/p>\n<p>Within the framework of the Tourism Sustainability Plan of On\u00eds, this training action supports the implementation of the product &#8216;<em>Ecotourism in Picos de Europa: Destino On\u00eds&#8217; (Ecotourism in Picos de Europa: On\u00eds Destination<\/em>).<\/p>\n<p><strong>OBJECTIVES<\/strong><\/p>\n<ul>\n<li>To inform attendees about the ecotourism potential of the council of On\u00eds, the trends of the tourism market and its regulation.<\/li>\n<li>To train attendees to carry out the task of providing tourist information on the tourist resources of On\u00eds.<\/li>\n<li>To empower participants to plan, design and execute their own itineraries as an ecotourism guide.<\/li>\n<li>Training in professional aspects related to guided activities in the natural environment, such as orientation and first aid.<\/li>\n<\/ul>\n<p><strong>TARGET<\/strong><\/p>\n<ul>\n<li>People of legal age, interested in developing their activity as guides or tourist informants.<\/li>\n<li>Priority will be given to people registered in and\/or linked to the council of On\u00eds.<\/li>\n<li>Previous training and\/or work experience in the tourism sector will be an asset.<\/li>\n<li>Knowledge of English and other languages would be an asset.<\/li>\n<\/ul>\n<p><strong>FOR WHICH PROFILES DOES THE COURSE QUALIFY YOU?<\/strong><\/p>\n<p style=\"text-align: justify;\">To future professionals of the sector, who want to start in the services of assistance, information and accompaniment of tourists and visitors in the council of On\u00eds, through two job profiles:<\/p>\n<ul>\n<li style=\"text-align: justify;\">The <strong>Tourist Informant<\/strong> is a person who works in the face-to-face and telematic attention of the Tourist Offices or Tourist Information Points, trained to inform and advise visitors about the resources, services and tourist activities of a given environment. It also undertakes tasks related to the promotion of the territory, the preparation and analysis of reports and visitor statistics, and the planning and execution of routes and activities related to local tourism resources.<\/li>\n<li style=\"text-align: justify;\">The <strong>Tourist Guide<\/strong> is responsible for guiding, accompanying and assisting a group of travelers in an itinerary, activity or tourist visit, planning, coordinating and managing all the services that will be offered to the client.<\/li>\n<\/ul>\n<p>[\/et_pb_text][\/et_pb_column][et_pb_column type=&#8221;1_2&#8243; _builder_version=&#8221;4.16&#8243; _module_preset=&#8221;default&#8221; pac_dcm_carousel_specific_module_num=&#8221;0&#8243; global_colors_info=&#8221;{}&#8221;][et_pb_text _builder_version=&#8221;4.16&#8243; _module_preset=&#8221;default&#8221; background_image=&#8221;https:\/\/www.onisecoturismo.es\/wp-content\/uploads\/2022\/01\/hip-square.jpg&#8221; custom_padding=&#8221;20px|20px|20px|20px|false|false&#8221; border_radii=&#8221;on|6px|6px|6px|6px&#8221; border_width_all=&#8221;1px&#8221; border_color_all=&#8221;#9FB6AF&#8221; global_colors_info=&#8221;{}&#8221;]<\/p>\n<p><span><strong>PLACE:<\/strong><\/span><span> Multipurpose Municipal Center (Benia de On\u00eds).<\/span><\/p>\n<p><span><strong>DATES AND TIMES: <\/strong><\/span><span>February 28 to March 7, from 9:00 am to 5:00 pm.<\/span><\/p>\n<p><strong>DURATION:<\/strong> 50 hours<\/p>\n<p><span><strong>REGISTRATION: <\/strong><\/span><span>Through the Foundation for the Conservation of the Bearded Vulture. Enrollment in the course will be formalized by filling out the following form <span style=\"color: #fcbf15;\"><a href=\"https:\/\/docs.google.com\/forms\/d\/e\/1FAIpQLSficQOvFRNVWvi-8oMJCPHSPvyiTC50dVHjYRde7FnD9uE-xQ\/viewform?vc=0&amp;c=0&amp;w=1&amp;flr=0\" style=\"color: #fcbf15;\" target=\"_blank\" rel=\"noopener\"><span style=\"color: #9fb6af;\">on-line<\/span><\/a><\/span> form, email <\/span><span><span style=\"text-decoration: underline;\"><a href=\"mailto:conchi@quebrantahuesos.org\">conchi@quebrantahuesos.org<\/a><\/span><\/span> or Tf. <strong>985 844 293<\/strong><\/p>\n<p><span><strong>SELECTION CRITERIA: <\/strong><\/span><span>The link to the council of On\u00eds and the level of previous knowledge and experience will be taken into account.<br \/><\/span><\/p>\n<p><span><strong>PRE-REGISTRATION DEADLINE: <\/strong><\/span><span>February 7 to 20, 2022<\/span><\/p>\n<p><strong>CONFIRMATION OF ADMISSION:<\/strong> February 22nd<\/p>\n<p><strong>CERTIFICATION:<\/strong> Students will receive a certificate of attendance, for which they must have attended at least 80% of the course hours.<\/p>\n<p>[\/et_pb_text][et_pb_button button_url=&#8221;https:\/\/docs.google.com\/forms\/d\/e\/1FAIpQLSficQOvFRNVWvi-8oMJCPHSPvyiTC50dVHjYRde7FnD9uE-xQ\/viewform?vc=0&amp;c=0&amp;w=1&amp;flr=0&#8243; url_new_window=&#8221;on&#8221; button_text=&#8221;Online Registration&#8221; button_alignment=&#8221;center&#8221; _builder_version=&#8221;4.16&#8243; _module_preset=&#8221;default&#8221; custom_button=&#8221;on&#8221; button_text_size=&#8221;16px&#8221; button_text_color=&#8221;#FFFFFF&#8221; button_bg_color=&#8221;#9FB6AF&#8221; button_border_width=&#8221;0px&#8221; button_border_radius=&#8221;16px&#8221; button_icon=&#8221;&#xf35d;||fa||900&#8243; button_icon_placement=&#8221;left&#8221; button_on_hover=&#8221;off&#8221; locked=&#8221;off&#8221; global_colors_info=&#8221;{}&#8221; button_bg_color__hover_enabled=&#8221;on|desktop&#8221; button_bg_color__hover=&#8221;#FCBF15&#8243; button_bg_enable_color__hover=&#8221;on&#8221;][\/et_pb_button][et_pb_button button_url=&#8221;https:\/\/www.onisecoturismo.es\/wp-content\/uploads\/2022\/02\/Programa-Curso-informador-ecoturismo-onis-2022.pdf&#8221; url_new_window=&#8221;on&#8221; button_text=&#8221;Download course program&#8221; button_alignment=&#8221;center&#8221; _builder_version=&#8221;4.16&#8243; _module_preset=&#8221;default&#8221; custom_button=&#8221;on&#8221; button_text_size=&#8221;16px&#8221; button_text_color=&#8221;#FFFFFF&#8221; button_bg_color=&#8221;#9FB6AF&#8221; button_border_width=&#8221;0px&#8221; button_border_radius=&#8221;16px&#8221; button_icon=&#8221;&#xf1c1;||fa||900&#8243; button_icon_placement=&#8221;left&#8221; button_on_hover=&#8221;off&#8221; locked=&#8221;off&#8221; global_colors_info=&#8221;{}&#8221; button_bg_color__hover_enabled=&#8221;on|desktop&#8221; button_bg_color__hover=&#8221;#FCBF15&#8243; button_bg_enable_color__hover=&#8221;on&#8221;][\/et_pb_button][et_pb_image src=&#8221;https:\/\/www.onisecoturismo.es\/wp-content\/uploads\/2022\/02\/foto-curso-informador-ecoturismo.jpg&#8221; title_text=&#8221;photo ecotourism information course&#8221; align=&#8221;center&#8221; _builder_version=&#8221;4.16&#8243; _module_preset=&#8221;default&#8221; width=&#8221;61%&#8221; border_color_all=&#8221;#FFFFFF&#8221; global_colors_info=&#8221;{}&#8221;][\/et_pb_image][\/et_pb_column][\/et_pb_row][et_pb_row _builder_version=&#8221;4.16.1&#8243; _module_preset=&#8221;default&#8221; background_color=&#8221;#FCBF15&#8243; min_height=&#8221;333px&#8221; global_colors_info=&#8221;{}&#8221;][et_pb_column type=&#8221;4_4&#8243; _builder_version=&#8221;4.16.1&#8243; _module_preset=&#8221;default&#8221; pac_dcm_carousel_specific_module_num=&#8221;0&#8243; global_colors_info=&#8221;{}&#8221;][et_pb_text _builder_version=&#8221;4.16&#8243; _module_preset=&#8221;default&#8221; width=&#8221;98.5%&#8221; custom_padding=&#8221;|||37px||&#8221; global_colors_info=&#8221;{}&#8221;]<\/p>\n<h2><span style=\"color: #75423e;\"><strong style=\"font-size: 29px;\">Download course presentations<\/strong><\/span><strong><\/strong><\/h2>\n<ul>\n<li>Tourism market I: current trends in tourism supply and demand <em>(Alfonso Polvorinos. The Ecotourist<\/em>) <a href=\"https:\/\/www.onisecoturismo.es\/wp-content\/uploads\/2022\/04\/PPT-Marco-Teorico-del-Ecoturismo-I-Alfonos-Polvorinos-EL-ECOTURISTA.pdf\"><span style=\"color: #75423e;\"><strong>Download<\/strong><\/span><\/a><\/li>\n<li>Tourism market II: Ecotourist profile. Elements of an ecotourism product. Spain&#8217;s Sustainable Tourism Strategy 2030 ( <em>Alfonso Polvorinos-El Ecoturista) <\/em> <a href=\"https:\/\/www.onisecoturismo.es\/wp-content\/uploads\/2022\/04\/PPT-Marco-Teorico-del-Ecoturismo-II-Alfonso-Polvorinos-EL-ECOTURISTA.pdf\"><strong><span style=\"color: #75423e;\">Download <\/span><\/strong><\/a> <\/li>\n<li>Ecotourism in Asturias <em>(Joaqu\u00edn L\u00f3pez- BIRDWATCHING ASTURIAS)<\/em> <a href=\"https:\/\/www.onisecoturismo.es\/wp-content\/uploads\/2022\/04\/PPT-Ecoturismo-en-Asturias-Joaquin-Lopez-BIRDWATCH-ASTURIAS-ECOPICOS.pdf\"><span style=\"color: #75423e;\"><strong>Download<\/strong><\/span><\/a><\/li>\n<li><span style=\"color: #162210;\">On\u00eds Tourism Sustainability Plan ( <em>Clara Casanova, PSTD On\u00eds Manager)<\/em> <a href=\"https:\/\/www.onisecoturismo.es\/wp-content\/uploads\/2022\/04\/PPT-Plan-Sostenibilidad-Turistica-On%C3%ADs-Clara-Casanova-AYTO.-ONIS.pdf\"><span style=\"color: #75423e;\"><strong>Download<\/strong><\/span><\/a><\/span><\/li>\n<li><span style=\"color: #162210;\">Tasks of the tourist informer (Marisa Cabo. Director OT Llanes) <a href=\"https:\/\/www.onisecoturismo.es\/wp-content\/uploads\/2022\/04\/PPT-Tareas-del-Informador-Turistico.-Marisa-Cabo-OIT-Llanes.pdf\"><span style=\"color: #75423e;\"><strong>Download<\/strong><\/span><\/a><\/span><\/li>\n<li>Tourist Information Services ( <em>Eusebio Barriga. Director Codevent)<\/em> <a href=\"https:\/\/www.onisecoturismo.es\/wp-content\/uploads\/2022\/04\/PPT-Servicios-Informacion-Turistica-Eusebio-Barriga_CODEVENT.pdf\"><span style=\"color: #75423e;\"><strong>Download<\/strong><\/span><\/a><span style=\"color: #162210;\"><\/span><\/li>\n<li>The World of Cider ( <em>C\u00e9sar Ruiz, El Cuchareru)<\/em> <a href=\"https:\/\/www.onisecoturismo.es\/wp-content\/uploads\/2022\/04\/PPT-El-mundo-de-la-Sidra-EL-CUCHARERU.pdf\"><span style=\"color: #75423e;\"><strong>Download<\/strong><\/span><\/a><\/li>\n<li>Digital Marketing and Smart Tourism Destinations ( <em>Vanina Posada-Internet Estrat\u00e9gico) <\/em><a href=\"https:\/\/www.onisecoturismo.es\/wp-content\/uploads\/2022\/04\/PPT-Marketing-Digital-Vanina-Posada-DESTINOS-TURISTICOS-INTELIGENTES.pdf\"><span style=\"color: #75423e;\"><strong>Download<\/strong><\/span><\/a><\/li>\n<li>Orientation and first aid<em>(Ruben Cuesta Valpa\u00eds- Picos Outodoor) <\/em><a href=\"https:\/\/www.onisecoturismo.es\/wp-content\/uploads\/2022\/04\/PPT-Orientacion-primeros-auxilios-RUBEN-CUESTA-VALAPAIS.pdf\"><span style=\"color: #75423e;\"><strong>Download<\/strong><\/span><\/a><\/li>\n<\/ul>\n<p><strong><\/strong><\/p>\n<p>[\/et_pb_text][\/et_pb_column][\/et_pb_row][et_pb_row _builder_version=&#8221;4.16&#8243; _module_preset=&#8221;default&#8221; global_colors_info=&#8221;{}&#8221;][et_pb_column type=&#8221;4_4&#8243; _builder_version=&#8221;4.16&#8243; _module_preset=&#8221;default&#8221; pac_dcm_carousel_specific_module_num=&#8221;0&#8243; global_colors_info=&#8221;{}&#8221;][et_pb_text _builder_version=&#8221;4.16&#8243; _module_preset=&#8221;default&#8221; global_colors_info=&#8221;{}&#8221;]<\/p>\n<h2><strong>Program<\/strong><\/h2>\n<p>The contents have been structured in five modules with a total duration of <strong>50 hours<\/strong>. The thematic blocks combine <strong>theoretical contents<\/strong> and <strong>practical sessions<\/strong> on the activities of tourist guides and informants. The course will be given by experts in the different topics and will include specific technical material.<\/p>\n<p><strong><\/strong><\/p>\n<p>[\/et_pb_text][et_pb_accordion _builder_version=&#8221;4.16&#8243; _module_preset=&#8221;default&#8221; global_colors_info=&#8221;{}&#8221;][et_pb_accordion_item title=&#8221;Monday, February 28 (8 hours)&#8221; open=&#8221;on&#8221; open_toggle_text_color=&#8221;#526962&#8243; open_toggle_background_color=&#8221;rgba(159,182,175,0.24)&#8221; _builder_version=&#8221;4.16&#8243; _module_preset=&#8221;default&#8221; border_radii=&#8221;on|8px|8px|8px|8px&#8221; global_colors_info=&#8221;{}&#8221; toggle_level=&#8221;h4&#8243; toggle_font=&#8221;|700|||||||&#8221;]<\/p>\n<ul>\n<li>09:00-09:30h<strong> <\/strong>Reception of participants and delivery of documentation.<\/li>\n<li>09:30-10:00h<strong> <\/strong>Inauguration and presentation of the course.<strong>  <\/strong><\/li>\n<\/ul>\n<p><strong> Module 1: Theoretical Framework of Ecotourism<\/strong><br \/>\n&nbsp;<\/p>\n<ul>\n<li>10:00-11:00 h Tourism market: current trends in tourism supply and demand<\/li>\n<li><em>11:00-11:300 h Coffee break.<\/em><\/li>\n<li>11:30-13:00 h Ecotourism. Ecotourist profile. Elements of an ecotourism product. Spain&#8217;s Sustainable Tourism Strategy 2030<\/li>\n<li>13:00-14:00 h Ecotourism in Asturias<\/li>\n<li>14:00-14:30 h <em>Picnic lunch<\/em><\/li>\n<li>14:30-17:00 h Visit to tourist resources of the PSTO: Visit to Vega de Ario cheese factory and Quiliama cave and visit to the Museum of glacial fauna.<\/li>\n<\/ul>\n<p>[\/et_pb_accordion_item][et_pb_accordion_item title=&#8221;Tuesday, March 1 (9 hours)&#8221; open_toggle_text_color=&#8221;#526962&#8243; open_toggle_background_color=&#8221;rgba(159,182,175,0.24)&#8221; _builder_version=&#8221;4.16&#8243; _module_preset=&#8221;default&#8221; border_radii=&#8221;on|8px|8px|8px|8px&#8221; global_colors_info=&#8221;{}&#8221; toggle_level=&#8221;h4&#8243; toggle_font=&#8221;|700|||||||&#8221; open=&#8221;off&#8221;]<\/p>\n<p><strong>Module 2: Tourist Resources of On\u00eds. <\/strong><\/p>\n<p>&nbsp;<\/p>\n<ul>\n<li>9:00-10:00 Tourism Sustainability Plan for the council of On\u00eds.<\/li>\n<li>10:00-11.00h Running Circuits<\/li>\n<li><em>11:00-11:30 h Coffee break<\/em>.<\/li>\n<li>11:30-14:00 h Visit to tourist resources of the PSTO: center of the Bearded Vulture Mountains and an orchard<\/li>\n<li><em>14:00-14:30<\/em> h <em>Picnic lunch<\/em><\/li>\n<li>14:30-18:00 h Visit to other tourist resources of On\u00eds: visits to Cueva Peruyal and Climbing routes (1\/2 group)<\/li>\n<\/ul>\n<p>[\/et_pb_accordion_item][et_pb_accordion_item title=&#8221;Wednesday, March 2 (8 hours)&#8221; open_toggle_text_color=&#8221;#526962&#8243; open_toggle_background_color=&#8221;rgba(159,182,175,0.24)&#8221; _builder_version=&#8221;4.16&#8243; _module_preset=&#8221;default&#8221; border_radii=&#8221;on|8px|8px|8px|8px&#8221; global_colors_info=&#8221;{}&#8221; toggle_level=&#8221;h4&#8243; toggle_font=&#8221;|700|||||||&#8221; open=&#8221;off&#8221;]<\/p>\n<p><strong>Module 3: Tourist Information Services.<\/strong><\/p>\n<p>&nbsp;<\/p>\n<p>&nbsp;<\/p>\n<ul>\n<li>9:00-10:00 h Marketing of ecotourism products: Fairs, agencies and tour operators. Web portals and reservation centers.<\/li>\n<li>10:00-11:00 h Tasks of the tourist informant: visitor service, planning of tourist activities, promotion of the territory, collection and analysis of tourist data, preparation of reports.<\/li>\n<li><em>11:00-11:30 h Coffee break.<\/em><\/li>\n<li>11:30-14:00 h Practical session<\/li>\n<li><em>14:00-14:30 h<\/em> <em>Picnic lunch<\/em><\/li>\n<li>14:30-17:00 h Visit to the Tourist Information Office.<\/li>\n<\/ul>\n<p>[\/et_pb_accordion_item][et_pb_accordion_item title=&#8221;Thursday, March 3rd (8 hours)&#8221; open_toggle_text_color=&#8221;#526962&#8243; open_toggle_background_color=&#8221;rgba(159,182,175,0.24)&#8221; _builder_version=&#8221;4.16&#8243; _module_preset=&#8221;default&#8221; border_radii=&#8221;on|8px|8px|8px|8px&#8221; global_colors_info=&#8221;{}&#8221; toggle_level=&#8221;h4&#8243; toggle_font=&#8221;|700|||||||&#8221; open=&#8221;off&#8221;]<\/p>\n<p><strong>Module 4: Tourist Guide and Interpretation Services.<\/strong><\/p>\n<p>&nbsp;<\/p>\n<p>&nbsp;<\/p>\n<ul>\n<li>9:00-11:00 h Interpretation of the tourist resource. Communication and Group Dynamization Techniques (Part 1)<\/li>\n<li><em>11:00-11:30 h Coffee break.<\/em><\/li>\n<li>11:30-14:00 h Practical session: itineraries, guided tours and other services.<\/li>\n<li><em>14:00-14:30 h<\/em> <em>Picnic lunch<\/em><\/li>\n<\/ul>\n<ul>\n<li>14:30-17:00 h Visit to tourist resources of the PSTO: hiking trails, bicycle routes.<\/li>\n<\/ul>\n<p>[\/et_pb_accordion_item][et_pb_accordion_item title=&#8221;Friday, March 4 (9 hours)&#8221; open_toggle_text_color=&#8221;#526962&#8243; open_toggle_background_color=&#8221;rgba(159,182,175,0.24)&#8221; _builder_version=&#8221;4.16&#8243; _module_preset=&#8221;default&#8221; border_radii=&#8221;on|8px|8px|8px|8px&#8221; global_colors_info=&#8221;{}&#8221; toggle_level=&#8221;h4&#8243; toggle_font=&#8221;|700|||||||&#8221; open=&#8221;off&#8221;]<\/p>\n<p><strong>Module 4: Tourist Guide and Interpretation Services.<\/strong><\/p>\n<p>&nbsp;<\/p>\n<p>&nbsp;<\/p>\n<ul>\n<li>9:00-11:00 h Interpretation of the tourist resource. Communication and Group Dynamization Techniques (Part 2)<\/li>\n<li><em>11:00-11:30 h Coffee break.<\/em><\/li>\n<li>11:30-14:00 h Practical session: itinerary (G\u00fce\u00f1a river route), guided tours and other services. <\/li>\n<li><em>14:00-14:30 h Picnic lunch<\/em><\/li>\n<li>14:30-18:00 h Visit to tourist resources of the PSTO: Cueva la Peruyal and climbing routes ( \u00bd group)<\/li>\n<\/ul>\n<p>[\/et_pb_accordion_item][et_pb_accordion_item title=&#8221;Monday, March 7 (8 hours)&#8221; open_toggle_text_color=&#8221;#526962&#8243; open_toggle_background_color=&#8221;rgba(159,182,175,0.24)&#8221; _builder_version=&#8221;4.16&#8243; _module_preset=&#8221;default&#8221; border_radii=&#8221;on|8px|8px|8px|8px&#8221; global_colors_info=&#8221;{}&#8221; toggle_level=&#8221;h4&#8243; toggle_font=&#8221;|700|||||||&#8221; open=&#8221;off&#8221;]<\/p>\n<p><strong>Module 5: Smart Tourist Destinations. <\/strong><\/p>\n<p>&nbsp;<\/p>\n<ul>\n<li>9:00-11:00 h New trends for tourism promotion: mobile Apps, geo-referencing, virtual and augmented reality. Recommendation portals<\/li>\n<li><em>11:00-11:30 h Coffee break.<\/em><\/li>\n<li>11:30-14:00 h Market segmentation: big and small data. Emotional marketing, loyalty<\/li>\n<li><em>14:00-14:30 h Picnic lunch<\/em><\/li>\n<li>14:30-16:00 h Orientation and First Aid<\/li>\n<li>16:00-17:00 h. Evaluation and Closing of the course; presentation of diplomas<\/li>\n<\/ul>\n<p>[\/et_pb_accordion_item][\/et_pb_accordion][\/et_pb_column][\/et_pb_row][\/et_pb_section][et_pb_section fb_built=&#8221;1&#8243; _builder_version=&#8221;4.16&#8243; _module_preset=&#8221;default&#8221; background_color=&#8221;#A4CFC0&#8243; custom_margin=&#8221;0px||||false|false&#8221; custom_padding=&#8221;0px||||false|false&#8221; global_colors_info=&#8221;{}&#8221; da_is_popup=&#8221;off&#8221; da_exit_intent=&#8221;off&#8221; da_has_close=&#8221;on&#8221; da_alt_close=&#8221;off&#8221; da_dark_close=&#8221;off&#8221; da_not_modal=&#8221;on&#8221; da_is_singular=&#8221;off&#8221; da_with_loader=&#8221;off&#8221; da_has_shadow=&#8221;on&#8221; da_disable_devices=&#8221;off|off|off&#8221;][et_pb_row _builder_version=&#8221;4.16&#8243; _module_preset=&#8221;default&#8221; global_colors_info=&#8221;{}&#8221;][et_pb_column type=&#8221;4_4&#8243; _builder_version=&#8221;4.16&#8243; _module_preset=&#8221;default&#8221; pac_dcm_carousel_specific_module_num=&#8221;0&#8243; global_colors_info=&#8221;{}&#8221;][et_pb_text _builder_version=&#8221;4.16&#8243; _module_preset=&#8221;default&#8221; background_color=&#8221;#FFFFFF&#8221; custom_padding=&#8221;20px|20px|20px|20px|false|false&#8221; border_radii=&#8221;on|6px|6px|6px|6px&#8221; border_width_all=&#8221;2px&#8221; border_color_all=&#8221;#9FB6AF&#8221; global_colors_info=&#8221;{}&#8221;]<\/p>\n<p><strong>SKILLS ACQUIRED BY STUDENTS AFTER THE COURSE<\/strong><\/p>\n<p>It is intended that at the end of the course the students will be able to:<\/p>\n<ul>\n<li>To know the main characteristics of the tourism markets of Asturias, especially in relation to nature tourism and ecotourism.<\/li>\n<li>To know in depth the touristic resources of On\u00eds and its potentialities<\/li>\n<li>Develop inventories, contents and promotions of local tourism resources.<\/li>\n<li>To offer a professionalized tourist information and assistance service, in person, by telephone and on-line.<\/li>\n<li>Adapt the information on On\u00eds&#8217; tourist resources and services according to the visitor&#8217;s profile: family, sportsmen, school children, naturalists, senior citizens, etc.<\/li>\n<li>Design and execute itineraries and guided tours around the tourist resources of On\u00eds.<\/li>\n<li>Communicate in an efficient and effective way with users, tourism professionals, administrations involved, etc.<\/li>\n<li>To know and manage the tools of Smart Tourism Destinations.<\/li>\n<li>Proper management of suggestions, complaints and claims.<\/li>\n<li>Learn how to resolve last minute incidents and setbacks in the development of your guiding duties.<\/li>\n<li>Collect and process information provided by users\/tourists regarding their experience.<\/li>\n<\/ul>\n<p>[\/et_pb_text][\/et_pb_column][\/et_pb_row][\/et_pb_section]<\/p>\n","protected":false},"excerpt":{"rendered":"<p>From February 28 to March 7. HOURS: From 9.00 to 17:00h \/ PLACE: Tullidi, On\u00eds \/ DURATION: 50 h\/ REGISTRATION: until February 20<\/p>\n","protected":false},"author":1,"featured_media":337270,"parent":0,"menu_order":0,"comment_status":"closed","ping_status":"closed","template":"","meta":{"_acf_changed":false,"_et_pb_use_builder":"on","_et_pb_old_content":"","_et_gb_content_width":"","footnotes":""},"dipi_cpt_category":[],"class_list":["post-342607","page","type-page","status-publish","has-post-thumbnail","hentry"],"acf":[],"_links":{"self":[{"href":"https:\/\/www.onisecoturismo.es\/en\/wp-json\/wp\/v2\/pages\/342607","targetHints":{"allow":["GET"]}}],"collection":[{"href":"https:\/\/www.onisecoturismo.es\/en\/wp-json\/wp\/v2\/pages"}],"about":[{"href":"https:\/\/www.onisecoturismo.es\/en\/wp-json\/wp\/v2\/types\/page"}],"author":[{"embeddable":true,"href":"https:\/\/www.onisecoturismo.es\/en\/wp-json\/wp\/v2\/users\/1"}],"replies":[{"embeddable":true,"href":"https:\/\/www.onisecoturismo.es\/en\/wp-json\/wp\/v2\/comments?post=342607"}],"version-history":[{"count":3,"href":"https:\/\/www.onisecoturismo.es\/en\/wp-json\/wp\/v2\/pages\/342607\/revisions"}],"predecessor-version":[{"id":347324,"href":"https:\/\/www.onisecoturismo.es\/en\/wp-json\/wp\/v2\/pages\/342607\/revisions\/347324"}],"wp:featuredmedia":[{"embeddable":true,"href":"https:\/\/www.onisecoturismo.es\/en\/wp-json\/wp\/v2\/media\/337270"}],"wp:attachment":[{"href":"https:\/\/www.onisecoturismo.es\/en\/wp-json\/wp\/v2\/media?parent=342607"}],"wp:term":[{"taxonomy":"dipi_cpt_category","embeddable":true,"href":"https:\/\/www.onisecoturismo.es\/en\/wp-json\/wp\/v2\/dipi_cpt_category?post=342607"}],"curies":[{"name":"wp","href":"https:\/\/api.w.org\/{rel}","templated":true}]}}